{"id":6221,"date":"2023-08-07T19:18:14","date_gmt":"2023-08-07T17:18:14","guid":{"rendered":"https:\/\/www.lust-auf-rom.de\/wordpress\/?post_type=product&#038;p=6221"},"modified":"2026-02-03T16:23:08","modified_gmt":"2026-02-03T15:23:08","slug":"sparpaket-die-schnelle-tabelle-und-das-letztes-stuendchen-15-leporellos-loseblattsammlung","status":"publish","type":"product","link":"https:\/\/www.lust-auf-rom.de\/wordpress\/produkt\/sparpaket-die-schnelle-tabelle-und-das-letztes-stuendchen-15-leporellos-loseblattsammlung\/","title":{"rendered":"Sparpaket: Die schnelle Tabelle und Das letzte St\u00fcndchen (15 Leporellos und 1 Loseblattsammlung)"},"content":{"rendered":"<p>[et_pb_section bb_built=&#8220;1&#8243; _builder_version=&#8220;3.22.4&#8243; custom_margin=&#8220;0px||0px|&#8220; custom_padding=&#8220;0px||0px|&#8220; z_index_tablet=&#8220;500&#8243;][et_pb_row _builder_version=&#8220;3.22.4&#8243; z_index_tablet=&#8220;500&#8243;][et_pb_column type=&#8220;4_4&#8243; custom_padding__hover=&#8220;|||&#8220; custom_padding=&#8220;|||&#8220;][et_pb_text _builder_version=&#8220;4.27.4&#8243; text_text_shadow_horizontal_length=&#8220;text_text_shadow_style,%91object Object%93&#8243; text_text_shadow_horizontal_length_tablet=&#8220;0px&#8220; text_text_shadow_vertical_length=&#8220;text_text_shadow_style,%91object Object%93&#8243; text_text_shadow_vertical_length_tablet=&#8220;0px&#8220; text_text_shadow_blur_strength=&#8220;text_text_shadow_style,%91object Object%93&#8243; text_text_shadow_blur_strength_tablet=&#8220;1px&#8220; link_text_shadow_horizontal_length=&#8220;link_text_shadow_style,%91object Object%93&#8243; link_text_shadow_horizontal_length_tablet=&#8220;0px&#8220; link_text_shadow_vertical_length=&#8220;link_text_shadow_style,%91object Object%93&#8243; link_text_shadow_vertical_length_tablet=&#8220;0px&#8220; link_text_shadow_blur_strength=&#8220;link_text_shadow_style,%91object Object%93&#8243; link_text_shadow_blur_strength_tablet=&#8220;1px&#8220; ul_text_shadow_horizontal_length=&#8220;ul_text_shadow_style,%91object Object%93&#8243; ul_text_shadow_horizontal_length_tablet=&#8220;0px&#8220; ul_text_shadow_vertical_length=&#8220;ul_text_shadow_style,%91object Object%93&#8243; ul_text_shadow_vertical_length_tablet=&#8220;0px&#8220; ul_text_shadow_blur_strength=&#8220;ul_text_shadow_style,%91object Object%93&#8243; ul_text_shadow_blur_strength_tablet=&#8220;1px&#8220; ol_text_shadow_horizontal_length=&#8220;ol_text_shadow_style,%91object Object%93&#8243; ol_text_shadow_horizontal_length_tablet=&#8220;0px&#8220; ol_text_shadow_vertical_length=&#8220;ol_text_shadow_style,%91object Object%93&#8243; ol_text_shadow_vertical_length_tablet=&#8220;0px&#8220; ol_text_shadow_blur_strength=&#8220;ol_text_shadow_style,%91object Object%93&#8243; ol_text_shadow_blur_strength_tablet=&#8220;1px&#8220; quote_text_shadow_horizontal_length=&#8220;quote_text_shadow_style,%91object Object%93&#8243; quote_text_shadow_horizontal_length_tablet=&#8220;0px&#8220; quote_text_shadow_vertical_length=&#8220;quote_text_shadow_style,%91object Object%93&#8243; quote_text_shadow_vertical_length_tablet=&#8220;0px&#8220; quote_text_shadow_blur_strength=&#8220;quote_text_shadow_style,%91object Object%93&#8243; quote_text_shadow_blur_strength_tablet=&#8220;1px&#8220; header_text_shadow_horizontal_length=&#8220;header_text_shadow_style,%91object Object%93&#8243; header_text_shadow_horizontal_length_tablet=&#8220;0px&#8220; header_text_shadow_vertical_length=&#8220;header_text_shadow_style,%91object Object%93&#8243; header_text_shadow_vertical_length_tablet=&#8220;0px&#8220; header_text_shadow_blur_strength=&#8220;header_text_shadow_style,%91object Object%93&#8243; header_text_shadow_blur_strength_tablet=&#8220;1px&#8220; header_2_text_shadow_horizontal_length=&#8220;header_2_text_shadow_style,%91object Object%93&#8243; header_2_text_shadow_horizontal_length_tablet=&#8220;0px&#8220; header_2_text_shadow_vertical_length=&#8220;header_2_text_shadow_style,%91object Object%93&#8243; header_2_text_shadow_vertical_length_tablet=&#8220;0px&#8220; header_2_text_shadow_blur_strength=&#8220;header_2_text_shadow_style,%91object Object%93&#8243; header_2_text_shadow_blur_strength_tablet=&#8220;1px&#8220; header_3_text_shadow_horizontal_length=&#8220;header_3_text_shadow_style,%91object Object%93&#8243; header_3_text_shadow_horizontal_length_tablet=&#8220;0px&#8220; header_3_text_shadow_vertical_length=&#8220;header_3_text_shadow_style,%91object Object%93&#8243; header_3_text_shadow_vertical_length_tablet=&#8220;0px&#8220; header_3_text_shadow_blur_strength=&#8220;header_3_text_shadow_style,%91object Object%93&#8243; header_3_text_shadow_blur_strength_tablet=&#8220;1px&#8220; header_4_text_shadow_horizontal_length=&#8220;header_4_text_shadow_style,%91object Object%93&#8243; header_4_text_shadow_horizontal_length_tablet=&#8220;0px&#8220; header_4_text_shadow_vertical_length=&#8220;header_4_text_shadow_style,%91object Object%93&#8243; header_4_text_shadow_vertical_length_tablet=&#8220;0px&#8220; header_4_text_shadow_blur_strength=&#8220;header_4_text_shadow_style,%91object Object%93&#8243; header_4_text_shadow_blur_strength_tablet=&#8220;1px&#8220; header_5_text_shadow_horizontal_length=&#8220;header_5_text_shadow_style,%91object Object%93&#8243; header_5_text_shadow_horizontal_length_tablet=&#8220;0px&#8220; header_5_text_shadow_vertical_length=&#8220;header_5_text_shadow_style,%91object Object%93&#8243; header_5_text_shadow_vertical_length_tablet=&#8220;0px&#8220; header_5_text_shadow_blur_strength=&#8220;header_5_text_shadow_style,%91object Object%93&#8243; header_5_text_shadow_blur_strength_tablet=&#8220;1px&#8220; header_6_text_shadow_horizontal_length=&#8220;header_6_text_shadow_style,%91object Object%93&#8243; header_6_text_shadow_horizontal_length_tablet=&#8220;0px&#8220; header_6_text_shadow_vertical_length=&#8220;header_6_text_shadow_style,%91object Object%93&#8243; header_6_text_shadow_vertical_length_tablet=&#8220;0px&#8220; header_6_text_shadow_blur_strength=&#8220;header_6_text_shadow_style,%91object Object%93&#8243; header_6_text_shadow_blur_strength_tablet=&#8220;1px&#8220; box_shadow_horizontal_tablet=&#8220;0px&#8220; box_shadow_vertical_tablet=&#8220;0px&#8220; box_shadow_blur_tablet=&#8220;40px&#8220; box_shadow_spread_tablet=&#8220;0px&#8220; z_index_tablet=&#8220;500&#8243; vertical_offset_tablet=&#8220;0&#8243; horizontal_offset_tablet=&#8220;0&#8243; background_pattern_color=&#8220;rgba(0,0,0,0.2)&#8220; background_mask_color=&#8220;#ffffff&#8220;]<\/p>\n<h3><span style=\"color: #990000;\">Grammatik-Leporellos &#8222;Die schnelle Tabelle&#8220;<\/span><\/h3>\n<h3><span style=\"color: #990000;\"><strong>+ <\/strong><\/span><\/h3>\n<h3><span style=\"color: #990000;\">Loseblattsammlung &#8222;Das letzte St\u00fcndchen&#8220;<\/span><\/h3>\n<p>\u00a0<\/p>\n<p><strong>15 Leporellos:<\/strong><\/p>\n<ul>\n<li>Das Leporello enth\u00e4lt<br \/>a) die Deklinationstabellen der Substantive, der Adjektive, des Partizip Pr\u00e4sens sowie der Demonstrativ- und Relativpronomen,<br \/>b) die Konjugationstabellen der Verben inklusive der unregelm\u00e4\u00dfigen Konjugationen von esse, prodesse, posse, velle, nolle, malle, ire, fieri und ferre.<\/li>\n<li>Din A5 (geschlossenes Format); 21 x 59,2 cm (komplett ge\u00f6ffnet); 8 Seiten, farbig.<\/li>\n<li><strong>Postversand<br \/><\/strong><\/li>\n<\/ul>\n<p><strong><br \/>Verwendung:<\/strong><\/p>\n<ul>\n<li>Kernunterricht Latein<\/li>\n<li>Latein-AG<\/li>\n<\/ul>\n<p>\u00a0<\/p>\n<div style=\"width: 1080px;\" class=\"wp-video\"><!--[if lt IE 9]><script>document.createElement('video');<\/script><![endif]-->\n<video class=\"wp-video-shortcode\" id=\"video-6221-1\" width=\"1080\" height=\"608\" preload=\"metadata\" controls=\"controls\"><source type=\"video\/mp4\" src=\"https:\/\/www.lust-auf-rom.de\/wordpress\/wp-content\/uploads\/2023\/03\/Leporello_Schnelle-Tabelle_Brigitte-Graef.mp4?_=1\" \/><source type=\"video\/webm\" src=\"https:\/\/www.lust-auf-rom.de\/wordpress\/wp-content\/uploads\/2023\/03\/Leporello_Schnelle-Tabelle_Brigitte-Graef.webm?_=1\" \/><a href=\"https:\/\/www.lust-auf-rom.de\/wordpress\/wp-content\/uploads\/2023\/03\/Leporello_Schnelle-Tabelle_Brigitte-Graef.mp4\">https:\/\/www.lust-auf-rom.de\/wordpress\/wp-content\/uploads\/2023\/03\/Leporello_Schnelle-Tabelle_Brigitte-Graef.mp4<\/a><\/video><\/div>\n<p><strong>\u00a0<\/strong><\/p>\n<p><strong>Loseblattsammlung:<\/strong><\/p>\n<p><u>Inhalt<\/u>:<\/p>\n<ul>\n<li>12 R\u00e4tsel plus 7 Varianten zum Ein\u00fcben vor allem von Wortschatz und Grammatik (Deklinationen, Pronomen, Pr\u00e4positionen, Adjektive, Adverbien, Komparation, Konjugationen), au\u00dferdem von r\u00f6mischen Zahlen und rhetorischen Stilmitteln.<\/li>\n<li>Ein letztes St\u00fcndchen umfasst<br \/>1.) ggfs. ein Anmerkungsblatt f\u00fcr Lehrer mit Informationen, Tipps und Vorschl\u00e4gen f\u00fcr Varianten<br \/>2.) mindestens ein R\u00e4tselblatt<br \/>3.) mindestens ein L\u00f6sungsblatt<br \/>4.) ein R\u00e4tselblatt ohne Vorgaben (bei individuell anpassbaren R\u00e4tseln).<\/li>\n<\/ul>\n<p><u>Kopiervorlage:<\/u><\/p>\n<ul>\n<li>60 Seiten, Din A4, farbig, in einer Sichttasche mit Abheftrand<\/li>\n<li><strong>Postversand<\/strong><\/li>\n<\/ul>\n<p><u>Digitale Vorlage:<\/u><\/p>\n<ul>\n<li>60 Seiten (entsprechend der Kopiervorlage): 1 pdf-Datei<\/li>\n<li>8 R\u00e4tselseiten ohne Vorgaben <strong>zum digitalen Erstellen eigener Varianten<\/strong>: 6 pdf-Dateien, 2 WORD-Dateien<\/li>\n<\/ul>\n<p>Die <strong>pdf<\/strong>&#8211; bzw. <strong>WORD<\/strong>-Dateien werden zum <strong>dreimaligen<\/strong> Herunterladen <strong>10 Tage lang nach Lieferung <\/strong>bereitgestellt.<\/p>\n<p><strong>Verwendung:<\/strong><\/p>\n<ul>\n<li style=\"list-style-type: none;\">\n<ul>\n<li>Kernunterricht Latein<\/li>\n<li>Vertretungsstunden, Freistunden, auch (z. B. nachmitt\u00e4gliche) Zeitspannen in Ganztagsschulen<\/li>\n<li>Latein-AG<\/li>\n<\/ul>\n<\/li>\n<\/ul>\n<p>\u00a0<\/p>\n<h3><span style=\"color: #990000;\">Herstellerinformationen<\/span><\/h3>\n<p><img loading=\"lazy\" decoding=\"async\" class=\"alignnone size-full wp-image-6640\" src=\"https:\/\/www.lust-auf-rom.de\/wordpress\/wp-content\/uploads\/2024\/12\/Hersteller.png\" alt=\"\" width=\"267\" height=\"122\" \/><\/p>\n<p>[\/et_pb_text][\/et_pb_column][\/et_pb_row][\/et_pb_section]<\/p>\n<span class=\"et_bloom_bottom_trigger\"><\/span>","protected":false},"excerpt":{"rendered":"<p>Grammatik-Leporellos &#8222;Die schnelle Tabelle&#8220;+ Loseblattsammlung &#8222;Das letzte St\u00fcndchen&#8220;\u00a015 Leporellos:Das Leporello enth\u00e4lta) die Deklinationstabellen der Substantive, der Adjektive, des Partizip Pr\u00e4sens sowie der Demonstrativ- und Relativpronomen,b) die Konjugationstabellen der Verben inklusive der unregelm\u00e4\u00dfigen Konjugationen von esse, prodesse, posse, velle, nolle, malle, ire, fieri und ferre.Din A5 (geschlossenes Format); 21 x 59,2 cm (komplett ge\u00f6ffnet); 8 Seiten, [&hellip;]<\/p>\n","protected":false},"featured_media":6383,"template":"","meta":{"_et_pb_use_builder":"on","_et_pb_old_content":"","_et_gb_content_width":""},"product_brand":[],"product_cat":[83,196],"product_tag":[79,78],"class_list":{"0":"post-6221","1":"product","2":"type-product","3":"status-publish","4":"has-post-thumbnail","6":"product_cat-sparpakete","7":"product_cat-sparpakete-leporellos-spiele-und-raetsel","8":"product_tag-grammatik","9":"product_tag-latein","10":"pa_material-papier","11":"pa_material-tyvek","13":"first","14":"instock","15":"sale","16":"downloadable","17":"shipping-taxable","18":"purchasable","19":"product-type-simple"},"_links":{"self":[{"href":"https:\/\/www.lust-auf-rom.de\/wordpress\/wp-json\/wp\/v2\/product\/6221","targetHints":{"allow":["GET"]}}],"collection":[{"href":"https:\/\/www.lust-auf-rom.de\/wordpress\/wp-json\/wp\/v2\/product"}],"about":[{"href":"https:\/\/www.lust-auf-rom.de\/wordpress\/wp-json\/wp\/v2\/types\/product"}],"wp:featuredmedia":[{"embeddable":true,"href":"https:\/\/www.lust-auf-rom.de\/wordpress\/wp-json\/wp\/v2\/media\/6383"}],"wp:attachment":[{"href":"https:\/\/www.lust-auf-rom.de\/wordpress\/wp-json\/wp\/v2\/media?parent=6221"}],"wp:term":[{"taxonomy":"product_brand","embeddable":true,"href":"https:\/\/www.lust-auf-rom.de\/wordpress\/wp-json\/wp\/v2\/product_brand?post=6221"},{"taxonomy":"product_cat","embeddable":true,"href":"https:\/\/www.lust-auf-rom.de\/wordpress\/wp-json\/wp\/v2\/product_cat?post=6221"},{"taxonomy":"product_tag","embeddable":true,"href":"https:\/\/www.lust-auf-rom.de\/wordpress\/wp-json\/wp\/v2\/product_tag?post=6221"}],"curies":[{"name":"wp","href":"https:\/\/api.w.org\/{rel}","templated":true}]}}