{"id":6124,"date":"2023-06-12T14:29:59","date_gmt":"2023-06-12T12:29:59","guid":{"rendered":"https:\/\/www.lust-auf-rom.de\/wordpress\/?post_type=product&#038;p=6124"},"modified":"2024-12-09T17:49:53","modified_gmt":"2024-12-09T16:49:53","slug":"das-letzte-stuendchen","status":"publish","type":"product","link":"https:\/\/www.lust-auf-rom.de\/wordpress\/produkt\/das-letzte-stuendchen\/","title":{"rendered":"Das letzte St\u00fcndchen: Eine Loseblattsammlung voller R\u00e4tsel"},"content":{"rendered":"<p>[et_pb_section bb_built=&#8220;1&#8243; _builder_version=&#8220;3.0.47&#8243; custom_padding=&#8220;0|0px|0|0px|false|false&#8220; inner_width=&#8220;auto&#8220; inner_max_width=&#8220;1080px&#8220;][et_pb_row custom_padding=&#8220;28px|0px|0|0px|false|false&#8220; _builder_version=&#8220;3.0.48&#8243; background_size=&#8220;initial&#8220; background_position=&#8220;top_left&#8220; background_repeat=&#8220;repeat&#8220; width=&#8220;80%&#8220; max_width=&#8220;1080px&#8220;][et_pb_column type=&#8220;4_4&#8243; _builder_version=&#8220;3.0.47&#8243; parallax=&#8220;off&#8220; parallax_method=&#8220;on&#8220; custom_padding__hover=&#8220;|||&#8220; custom_padding=&#8220;|||&#8220;][et_pb_text _builder_version=&#8220;4.27.4&#8243; text_text_shadow_horizontal_length=&#8220;text_text_shadow_style,%91object Object%93&#8243; text_text_shadow_horizontal_length_tablet=&#8220;0px&#8220; text_text_shadow_vertical_length=&#8220;text_text_shadow_style,%91object Object%93&#8243; text_text_shadow_vertical_length_tablet=&#8220;0px&#8220; text_text_shadow_blur_strength=&#8220;text_text_shadow_style,%91object Object%93&#8243; text_text_shadow_blur_strength_tablet=&#8220;1px&#8220; link_text_shadow_horizontal_length=&#8220;link_text_shadow_style,%91object Object%93&#8243; link_text_shadow_horizontal_length_tablet=&#8220;0px&#8220; link_text_shadow_vertical_length=&#8220;link_text_shadow_style,%91object Object%93&#8243; link_text_shadow_vertical_length_tablet=&#8220;0px&#8220; link_text_shadow_blur_strength=&#8220;link_text_shadow_style,%91object Object%93&#8243; link_text_shadow_blur_strength_tablet=&#8220;1px&#8220; ul_text_shadow_horizontal_length=&#8220;ul_text_shadow_style,%91object Object%93&#8243; ul_text_shadow_horizontal_length_tablet=&#8220;0px&#8220; ul_text_shadow_vertical_length=&#8220;ul_text_shadow_style,%91object Object%93&#8243; ul_text_shadow_vertical_length_tablet=&#8220;0px&#8220; ul_text_shadow_blur_strength=&#8220;ul_text_shadow_style,%91object Object%93&#8243; ul_text_shadow_blur_strength_tablet=&#8220;1px&#8220; ol_text_shadow_horizontal_length=&#8220;ol_text_shadow_style,%91object Object%93&#8243; ol_text_shadow_horizontal_length_tablet=&#8220;0px&#8220; ol_text_shadow_vertical_length=&#8220;ol_text_shadow_style,%91object Object%93&#8243; ol_text_shadow_vertical_length_tablet=&#8220;0px&#8220; ol_text_shadow_blur_strength=&#8220;ol_text_shadow_style,%91object Object%93&#8243; ol_text_shadow_blur_strength_tablet=&#8220;1px&#8220; quote_text_shadow_horizontal_length=&#8220;quote_text_shadow_style,%91object Object%93&#8243; quote_text_shadow_horizontal_length_tablet=&#8220;0px&#8220; quote_text_shadow_vertical_length=&#8220;quote_text_shadow_style,%91object Object%93&#8243; quote_text_shadow_vertical_length_tablet=&#8220;0px&#8220; quote_text_shadow_blur_strength=&#8220;quote_text_shadow_style,%91object Object%93&#8243; quote_text_shadow_blur_strength_tablet=&#8220;1px&#8220; header_text_shadow_horizontal_length=&#8220;header_text_shadow_style,%91object Object%93&#8243; header_text_shadow_horizontal_length_tablet=&#8220;0px&#8220; header_text_shadow_vertical_length=&#8220;header_text_shadow_style,%91object Object%93&#8243; header_text_shadow_vertical_length_tablet=&#8220;0px&#8220; header_text_shadow_blur_strength=&#8220;header_text_shadow_style,%91object Object%93&#8243; header_text_shadow_blur_strength_tablet=&#8220;1px&#8220; header_2_text_shadow_horizontal_length=&#8220;header_2_text_shadow_style,%91object Object%93&#8243; header_2_text_shadow_horizontal_length_tablet=&#8220;0px&#8220; header_2_text_shadow_vertical_length=&#8220;header_2_text_shadow_style,%91object Object%93&#8243; header_2_text_shadow_vertical_length_tablet=&#8220;0px&#8220; header_2_text_shadow_blur_strength=&#8220;header_2_text_shadow_style,%91object Object%93&#8243; header_2_text_shadow_blur_strength_tablet=&#8220;1px&#8220; header_3_text_shadow_horizontal_length=&#8220;header_3_text_shadow_style,%91object Object%93&#8243; header_3_text_shadow_horizontal_length_tablet=&#8220;0px&#8220; header_3_text_shadow_vertical_length=&#8220;header_3_text_shadow_style,%91object Object%93&#8243; header_3_text_shadow_vertical_length_tablet=&#8220;0px&#8220; header_3_text_shadow_blur_strength=&#8220;header_3_text_shadow_style,%91object Object%93&#8243; header_3_text_shadow_blur_strength_tablet=&#8220;1px&#8220; header_4_text_shadow_horizontal_length=&#8220;header_4_text_shadow_style,%91object Object%93&#8243; header_4_text_shadow_horizontal_length_tablet=&#8220;0px&#8220; header_4_text_shadow_vertical_length=&#8220;header_4_text_shadow_style,%91object Object%93&#8243; header_4_text_shadow_vertical_length_tablet=&#8220;0px&#8220; header_4_text_shadow_blur_strength=&#8220;header_4_text_shadow_style,%91object Object%93&#8243; header_4_text_shadow_blur_strength_tablet=&#8220;1px&#8220; header_5_text_shadow_horizontal_length=&#8220;header_5_text_shadow_style,%91object Object%93&#8243; header_5_text_shadow_horizontal_length_tablet=&#8220;0px&#8220; header_5_text_shadow_vertical_length=&#8220;header_5_text_shadow_style,%91object Object%93&#8243; header_5_text_shadow_vertical_length_tablet=&#8220;0px&#8220; header_5_text_shadow_blur_strength=&#8220;header_5_text_shadow_style,%91object Object%93&#8243; header_5_text_shadow_blur_strength_tablet=&#8220;1px&#8220; header_6_text_shadow_horizontal_length=&#8220;header_6_text_shadow_style,%91object Object%93&#8243; header_6_text_shadow_horizontal_length_tablet=&#8220;0px&#8220; header_6_text_shadow_vertical_length=&#8220;header_6_text_shadow_style,%91object Object%93&#8243; header_6_text_shadow_vertical_length_tablet=&#8220;0px&#8220; header_6_text_shadow_blur_strength=&#8220;header_6_text_shadow_style,%91object Object%93&#8243; header_6_text_shadow_blur_strength_tablet=&#8220;1px&#8220; box_shadow_horizontal_tablet=&#8220;0px&#8220; box_shadow_vertical_tablet=&#8220;0px&#8220; box_shadow_blur_tablet=&#8220;40px&#8220; box_shadow_spread_tablet=&#8220;0px&#8220; vertical_offset_tablet=&#8220;0&#8243; horizontal_offset_tablet=&#8220;0&#8243; z_index_tablet=&#8220;0&#8243; background_pattern_color=&#8220;rgba(0,0,0,0.2)&#8220; background_mask_color=&#8220;#ffffff&#8220;]<\/p>\n<p>Wenn das letzte St\u00fcndchen vor den Ferien geschlagen hat, sich die nerv\u00f6se Vorfreude in schwindelnde H\u00f6hen erhebt und die Lernbegeisterung in Untiefen versinkt, dann wird es Zeit, Ihren Sch\u00fclern R\u00e4tsel aufzugeben, denn: Knobeln macht Spa\u00df! Mit der Loseblattsammlung \u201eDas letzte St\u00fcndchen\u201c haben Sie stets einen Vorrat an bunt gemischten Latein\u00fcbungen parat, aus dem Sie <strong>schnell, einfach <\/strong>und <strong>an Ihre Bed\u00fcrfnisse angepasst<\/strong> sch\u00f6pfen k\u00f6nnen.<br \/><strong>R\u00e4tsel<\/strong> wie das Castrum Declinationum, das Verben-Sudoku oder das Wortgeschl\u00e4ngel trainieren unterhaltsam und zugleich unauff\u00e4llig Vokabeln, Formen, Grammatik und selbst rhetorische Stilmittel.<\/p>\n<ul>\n<li style=\"text-align: left;\"><strong>Individuell anpassbar:<br \/><\/strong>Sieben R\u00e4tsel k\u00f6nnen sie <strong>alternativ<\/strong> zu den fertigen R\u00e4tselvorlagen <strong>mit eigenen W\u00f6rtern und Formen best\u00fccken<\/strong>, um aktuellen Stoff zu wiederholen oder den Schwierigkeitsgrad anzupassen.<\/li>\n<li><strong>Doppelt gut:<br \/><\/strong>Sie erhalten alles sowohl als Kopiervorlage in der praktischen <strong>Sichttasche zum gesammelten Abheften <\/strong>oder <strong>schnellen Mitnehmen<\/strong> als auch als Dateien <strong>zum bequemen Ausdrucken <\/strong>und <strong>digitalen Erstellen eigener Varianten<\/strong>.<\/li>\n<\/ul>\n<p>Nat\u00fcrlich eignet sich \u201eDas letzte St\u00fcndchen\u201c auch als Rettungsanker f\u00fcr Vertretungsstunden oder die letzten Min\u00fctchen regul\u00e4rer Stunden in der \u201eDurststrecke\u201c zwischen den Ferien.<\/p>\n<p><strong>Tipp<\/strong>: \u201eDas letzte St\u00fcndchen\u201c erg\u00e4nzt sich besonders gut mit dem Grammatik-Leporello \u201e<a href=\"https:\/\/www.lust-auf-rom.de\/wordpress\/produkt\/die-schnelle-tabelle\/\" target=\"_blank\" rel=\"noopener\">Die schnelle Tabelle<\/a>\u201c.<\/p>\n<p><strong><br \/>Loseblattsammlung:<\/strong><\/p>\n<p><u>Inhalt<\/u>:<\/p>\n<ul>\n<li>12 R\u00e4tsel plus 7 Varianten zum Ein\u00fcben vor allem von Wortschatz und Grammatik (Deklinationen, Pronomen, Pr\u00e4positionen, Adjektive, Adverbien, Komparation, Konjugationen), au\u00dferdem von r\u00f6mischen Zahlen und rhetorischen Stilmitteln.<\/li>\n<li>Ein letztes St\u00fcndchen umfasst<br \/>1.) ggfs. ein Anmerkungsblatt f\u00fcr Lehrer mit Informationen, Tipps und Vorschl\u00e4gen f\u00fcr Varianten<br \/>2.) mindestens ein R\u00e4tselblatt<br \/>3.) mindestens ein L\u00f6sungsblatt<br \/>4.) ein R\u00e4tselblatt ohne Vorgaben (bei individuell anpassbaren R\u00e4tseln).<\/li>\n<\/ul>\n<p><u>Kopiervorlage:<\/u><\/p>\n<ul>\n<li>60 Seiten, Din A4, farbig, in einer Sichttasche mit Abheftrand<\/li>\n<li><strong>Postversand<\/strong><\/li>\n<\/ul>\n<p><u>Digitale Vorlage:<\/u><\/p>\n<ul>\n<li>60 Seiten (entsprechend der Kopiervorlage): 1 pdf-Datei<\/li>\n<li>8 R\u00e4tselseiten ohne Vorgaben <strong>zum digitalen Erstellen eigener Varianten<\/strong>: 6 pdf-Dateien, 2 WORD-Dateien<\/li>\n<\/ul>\n<p>Die <strong>pdf<\/strong>&#8211; bzw. <strong>WORD<\/strong>-Dateien werden zum <strong>dreimaligen<\/strong> Herunterladen <strong><strong>10 Tage lang nach Lieferung <\/strong><\/strong>bereitgestellt.<\/p>\n<p><strong>Verwendung:<\/strong><\/p>\n<ul>\n<li>Kernunterricht Latein<\/li>\n<li>Vertretungsstunden, Freistunden, auch (z. B. nachmitt\u00e4gliche) Zeitspannen in Ganztagsschulen<\/li>\n<li>Latein-AG<\/li>\n<\/ul>\n<p>\u00a0<\/p>\n<h3><span style=\"color: #990000;\">Herstellerinformationen<\/span><\/h3>\n<p><img loading=\"lazy\" decoding=\"async\" class=\"alignnone size-full wp-image-6640\" src=\"https:\/\/www.lust-auf-rom.de\/wordpress\/wp-content\/uploads\/2024\/12\/Hersteller.png\" alt=\"\" width=\"267\" height=\"122\" \/><\/p>\n<p>[\/et_pb_text][\/et_pb_column][\/et_pb_row][\/et_pb_section]<\/p>\n<span class=\"et_bloom_bottom_trigger\"><\/span>","protected":false},"excerpt":{"rendered":"<p>Wenn das letzte St\u00fcndchen vor den Ferien geschlagen hat, sich die nerv\u00f6se Vorfreude in schwindelnde H\u00f6hen erhebt und die Lernbegeisterung in Untiefen versinkt, dann wird es Zeit, Ihren Sch\u00fclern R\u00e4tsel aufzugeben, denn: Knobeln macht Spa\u00df! Mit der Loseblattsammlung \u201eDas letzte St\u00fcndchen\u201c haben Sie stets einen Vorrat an bunt gemischten Latein\u00fcbungen parat, aus dem Sie schnell, [&hellip;]<\/p>\n","protected":false},"featured_media":6140,"template":"","meta":{"_et_pb_use_builder":"on","_et_pb_old_content":"","_et_gb_content_width":""},"product_brand":[],"product_cat":[54],"product_tag":[79,78],"class_list":{"0":"post-6124","1":"product","2":"type-product","3":"status-publish","4":"has-post-thumbnail","6":"product_cat-spiele-und-raetsel","7":"product_tag-grammatik","8":"product_tag-latein","10":"first","11":"instock","12":"downloadable","13":"shipping-taxable","14":"purchasable","15":"product-type-simple"},"_links":{"self":[{"href":"https:\/\/www.lust-auf-rom.de\/wordpress\/wp-json\/wp\/v2\/product\/6124","targetHints":{"allow":["GET"]}}],"collection":[{"href":"https:\/\/www.lust-auf-rom.de\/wordpress\/wp-json\/wp\/v2\/product"}],"about":[{"href":"https:\/\/www.lust-auf-rom.de\/wordpress\/wp-json\/wp\/v2\/types\/product"}],"wp:featuredmedia":[{"embeddable":true,"href":"https:\/\/www.lust-auf-rom.de\/wordpress\/wp-json\/wp\/v2\/media\/6140"}],"wp:attachment":[{"href":"https:\/\/www.lust-auf-rom.de\/wordpress\/wp-json\/wp\/v2\/media?parent=6124"}],"wp:term":[{"taxonomy":"product_brand","embeddable":true,"href":"https:\/\/www.lust-auf-rom.de\/wordpress\/wp-json\/wp\/v2\/product_brand?post=6124"},{"taxonomy":"product_cat","embeddable":true,"href":"https:\/\/www.lust-auf-rom.de\/wordpress\/wp-json\/wp\/v2\/product_cat?post=6124"},{"taxonomy":"product_tag","embeddable":true,"href":"https:\/\/www.lust-auf-rom.de\/wordpress\/wp-json\/wp\/v2\/product_tag?post=6124"}],"curies":[{"name":"wp","href":"https:\/\/api.w.org\/{rel}","templated":true}]}}