{"id":6029,"date":"2023-02-23T15:36:57","date_gmt":"2023-02-23T14:36:57","guid":{"rendered":"https:\/\/www.lust-auf-rom.de\/wordpress\/?post_type=product&#038;p=6029"},"modified":"2026-02-03T16:18:29","modified_gmt":"2026-02-03T15:18:29","slug":"die-schnelle-tabelle","status":"publish","type":"product","link":"https:\/\/www.lust-auf-rom.de\/wordpress\/produkt\/die-schnelle-tabelle\/","title":{"rendered":"Die schnelle Tabelle: Grammatik-Leporellos (15 \/ 30 St\u00fcck)"},"content":{"rendered":"<p>[et_pb_section bb_built=&#8220;1&#8243; _builder_version=&#8220;3.0.47&#8243; custom_padding=&#8220;0|0px|0|0px|false|false&#8220; inner_width=&#8220;auto&#8220; inner_max_width=&#8220;none&#8220;][et_pb_row _builder_version=&#8220;3.0.48&#8243; background_size=&#8220;initial&#8220; background_position=&#8220;top_left&#8220; background_repeat=&#8220;repeat&#8220; width=&#8220;80%&#8220; max_width=&#8220;1080px&#8220;][et_pb_column type=&#8220;4_4&#8243; custom_padding__hover=&#8220;|||&#8220; custom_padding=&#8220;|||&#8220;][et_pb_text _builder_version=&#8220;4.27.4&#8243; text_text_shadow_horizontal_length=&#8220;text_text_shadow_style,%91object Object%93&#8243; text_text_shadow_vertical_length=&#8220;text_text_shadow_style,%91object Object%93&#8243; text_text_shadow_blur_strength=&#8220;text_text_shadow_style,%91object Object%93&#8243; link_text_shadow_horizontal_length=&#8220;link_text_shadow_style,%91object Object%93&#8243; link_text_shadow_vertical_length=&#8220;link_text_shadow_style,%91object Object%93&#8243; link_text_shadow_blur_strength=&#8220;link_text_shadow_style,%91object Object%93&#8243; ul_text_shadow_horizontal_length=&#8220;ul_text_shadow_style,%91object Object%93&#8243; ul_text_shadow_vertical_length=&#8220;ul_text_shadow_style,%91object Object%93&#8243; ul_text_shadow_blur_strength=&#8220;ul_text_shadow_style,%91object Object%93&#8243; ol_text_shadow_horizontal_length=&#8220;ol_text_shadow_style,%91object Object%93&#8243; ol_text_shadow_vertical_length=&#8220;ol_text_shadow_style,%91object Object%93&#8243; ol_text_shadow_blur_strength=&#8220;ol_text_shadow_style,%91object Object%93&#8243; quote_text_shadow_horizontal_length=&#8220;quote_text_shadow_style,%91object Object%93&#8243; quote_text_shadow_vertical_length=&#8220;quote_text_shadow_style,%91object Object%93&#8243; quote_text_shadow_blur_strength=&#8220;quote_text_shadow_style,%91object Object%93&#8243; header_text_shadow_horizontal_length=&#8220;header_text_shadow_style,%91object Object%93&#8243; header_text_shadow_vertical_length=&#8220;header_text_shadow_style,%91object Object%93&#8243; header_text_shadow_blur_strength=&#8220;header_text_shadow_style,%91object Object%93&#8243; header_2_text_shadow_horizontal_length=&#8220;header_2_text_shadow_style,%91object Object%93&#8243; header_2_text_shadow_vertical_length=&#8220;header_2_text_shadow_style,%91object Object%93&#8243; header_2_text_shadow_blur_strength=&#8220;header_2_text_shadow_style,%91object Object%93&#8243; header_3_text_shadow_horizontal_length=&#8220;header_3_text_shadow_style,%91object Object%93&#8243; header_3_text_shadow_vertical_length=&#8220;header_3_text_shadow_style,%91object Object%93&#8243; header_3_text_shadow_blur_strength=&#8220;header_3_text_shadow_style,%91object Object%93&#8243; header_4_text_shadow_horizontal_length=&#8220;header_4_text_shadow_style,%91object Object%93&#8243; header_4_text_shadow_vertical_length=&#8220;header_4_text_shadow_style,%91object Object%93&#8243; header_4_text_shadow_blur_strength=&#8220;header_4_text_shadow_style,%91object Object%93&#8243; header_5_text_shadow_horizontal_length=&#8220;header_5_text_shadow_style,%91object Object%93&#8243; header_5_text_shadow_vertical_length=&#8220;header_5_text_shadow_style,%91object Object%93&#8243; header_5_text_shadow_blur_strength=&#8220;header_5_text_shadow_style,%91object Object%93&#8243; header_6_text_shadow_horizontal_length=&#8220;header_6_text_shadow_style,%91object Object%93&#8243; header_6_text_shadow_vertical_length=&#8220;header_6_text_shadow_style,%91object Object%93&#8243; header_6_text_shadow_blur_strength=&#8220;header_6_text_shadow_style,%91object Object%93&#8243; z_index_tablet=&#8220;500&#8243; box_shadow_horizontal_tablet=&#8220;0px&#8220; box_shadow_vertical_tablet=&#8220;0px&#8220; box_shadow_blur_tablet=&#8220;40px&#8220; box_shadow_spread_tablet=&#8220;0px&#8220; vertical_offset_tablet=&#8220;0&#8243; horizontal_offset_tablet=&#8220;0&#8243; background_pattern_color=&#8220;rgba(0,0,0,0.2)&#8220; background_mask_color=&#8220;#ffffff&#8220;]<\/p>\n<p><em>\u201cGallia est omnis divisa in partes tres<\/em>.\u201d \u2013 \u201c<em>Gallien ist in alle drei Teile geteilt.<\/em>\u201c Nun ja, fast. Gegenvorschl\u00e4ge? \u201e<em>Ein ganzes Gallien wird aufgeteilt unter drei Hervorgebrachte.<\/em>\u201c Interessante Stilbl\u00fcte, aber: nein. Bevor jetzt ein bunter Strau\u00df an weiteren Phantasiesch\u00f6pfungen das Klassenzimmer dekoriert, w\u00e4re ein ordnender Blick auf Kasus- und Verbformen \u00e4u\u00dferst hilfreich &#8211; am besten <strong>schnell, unkompliziert <\/strong>und <strong>\u00fcbersichtlich<\/strong>.<\/p>\n<p>Hier ist <strong>\u201eDie schnelle Tabelle\u201c<\/strong> sofort zur Stelle, das Grammatik-Leporello im <strong>Din A5<\/strong>-Format, das\u00a0<strong>leicht und flach<\/strong> in jedes Heft und Schulbuch passt. Es pr\u00e4sentiert die <strong>Deklinationen<\/strong>\u00a0der Substantive, Adjektive, des Partizip Pr\u00e4sens und wichtiger Pronomen sowie die regelm\u00e4\u00dfigen und unregelm\u00e4\u00dfigen\u00a0<strong>Konjugationen<\/strong>. So sind die h\u00e4ufigsten Formen stets und gleich zur Hand, um nicht nur in Gallien die Ordnung wieder herzustellen.<\/p>\n<p>Das Leporello l\u00e4sst sich so falten, dass jeweils die Deklinationen sowie die regelm\u00e4\u00dfigen und die unregelm\u00e4\u00dfigen Konjugationen f\u00fcr sich \u00fcberblickt werden k\u00f6nnen. Damit der Umgang damit auch <strong>Auge und Herz<\/strong> erfreut, zieren alle Tabellen gleichsam eine bemalte r\u00f6mische Zimmerwand.<\/p>\n<div style=\"width: 1080px;\" class=\"wp-video\"><!--[if lt IE 9]><script>document.createElement('video');<\/script><![endif]-->\n<video class=\"wp-video-shortcode\" id=\"video-6029-1\" width=\"1080\" height=\"608\" preload=\"metadata\" controls=\"controls\"><source type=\"video\/mp4\" src=\"https:\/\/www.lust-auf-rom.de\/wordpress\/wp-content\/uploads\/2023\/03\/Leporello_Schnelle-Tabelle_Brigitte-Graef.mp4?_=1\" \/><source type=\"video\/webm\" src=\"https:\/\/www.lust-auf-rom.de\/wordpress\/wp-content\/uploads\/2023\/03\/Leporello_Schnelle-Tabelle_Brigitte-Graef.webm?_=1\" \/><a href=\"https:\/\/www.lust-auf-rom.de\/wordpress\/wp-content\/uploads\/2023\/03\/Leporello_Schnelle-Tabelle_Brigitte-Graef.mp4\">https:\/\/www.lust-auf-rom.de\/wordpress\/wp-content\/uploads\/2023\/03\/Leporello_Schnelle-Tabelle_Brigitte-Graef.mp4<\/a><\/video><\/div>\n<p><strong><br \/>Leporellos:<\/strong><\/p>\n<ul>\n<li>Das Leporello enth\u00e4lt<br \/>a) die Deklinationstabellen der Substantive, der Adjektive, des Partizip Pr\u00e4sens sowie der Demonstrativ- und Relativpronomen,<br \/>b) die Konjugationstabellen der Verben inklusive der unregelm\u00e4\u00dfigen Konjugationen von esse, prodesse, posse, velle, nolle, malle, ire, fieri und ferre.<\/li>\n<li>Din A5 (geschlossenes Format); 21 x 59,2 cm (komplett ge\u00f6ffnet); 8 Seiten, farbig.<\/li>\n<li><strong>Postversand<br \/><\/strong><\/li>\n<\/ul>\n<p><strong><br \/>Verwendung:<\/strong><\/p>\n<ul>\n<li>Kernunterricht Latein<\/li>\n<li>Latein-AG<\/li>\n<\/ul>\n<p>\u00a0<\/p>\n<h3><span style=\"color: #990000;\">Herstellerinformationen<\/span><\/h3>\n<p><img loading=\"lazy\" decoding=\"async\" class=\"alignnone size-full wp-image-6640\" src=\"https:\/\/www.lust-auf-rom.de\/wordpress\/wp-content\/uploads\/2024\/12\/Hersteller.png\" alt=\"\" width=\"267\" height=\"122\" \/><\/p>\n<p>[\/et_pb_text][\/et_pb_column][\/et_pb_row][\/et_pb_section]<\/p>\n<span class=\"et_bloom_bottom_trigger\"><\/span>","protected":false},"excerpt":{"rendered":"<p>\u201cGallia est omnis divisa in partes tres.\u201d \u2013 \u201cGallien ist in alle drei Teile geteilt.\u201c Nun ja, fast. Gegenvorschl\u00e4ge? \u201eEin ganzes Gallien wird aufgeteilt unter drei Hervorgebrachte.\u201c Interessante Stilbl\u00fcte, aber: nein. Bevor jetzt ein bunter Strau\u00df an weiteren Phantasiesch\u00f6pfungen das Klassenzimmer dekoriert, w\u00e4re ein ordnender Blick auf Kasus- und Verbformen \u00e4u\u00dferst hilfreich &#8211; am besten [&hellip;]<\/p>\n","protected":false},"featured_media":6051,"template":"","meta":{"_et_pb_use_builder":"on","_et_pb_old_content":"","_et_gb_content_width":""},"product_brand":[],"product_cat":[102],"product_tag":[79,78],"class_list":{"0":"post-6029","1":"product","2":"type-product","3":"status-publish","4":"has-post-thumbnail","6":"product_cat-leporellos","7":"product_tag-grammatik","8":"product_tag-latein","10":"first","11":"instock","12":"shipping-taxable","13":"purchasable","14":"product-type-variable"},"_links":{"self":[{"href":"https:\/\/www.lust-auf-rom.de\/wordpress\/wp-json\/wp\/v2\/product\/6029","targetHints":{"allow":["GET"]}}],"collection":[{"href":"https:\/\/www.lust-auf-rom.de\/wordpress\/wp-json\/wp\/v2\/product"}],"about":[{"href":"https:\/\/www.lust-auf-rom.de\/wordpress\/wp-json\/wp\/v2\/types\/product"}],"wp:featuredmedia":[{"embeddable":true,"href":"https:\/\/www.lust-auf-rom.de\/wordpress\/wp-json\/wp\/v2\/media\/6051"}],"wp:attachment":[{"href":"https:\/\/www.lust-auf-rom.de\/wordpress\/wp-json\/wp\/v2\/media?parent=6029"}],"wp:term":[{"taxonomy":"product_brand","embeddable":true,"href":"https:\/\/www.lust-auf-rom.de\/wordpress\/wp-json\/wp\/v2\/product_brand?post=6029"},{"taxonomy":"product_cat","embeddable":true,"href":"https:\/\/www.lust-auf-rom.de\/wordpress\/wp-json\/wp\/v2\/product_cat?post=6029"},{"taxonomy":"product_tag","embeddable":true,"href":"https:\/\/www.lust-auf-rom.de\/wordpress\/wp-json\/wp\/v2\/product_tag?post=6029"}],"curies":[{"name":"wp","href":"https:\/\/api.w.org\/{rel}","templated":true}]}}