{"id":5635,"date":"2021-10-08T13:01:30","date_gmt":"2021-10-08T11:01:30","guid":{"rendered":"https:\/\/www.lust-auf-rom.de\/wordpress\/?post_type=product&#038;p=5635"},"modified":"2024-12-09T17:30:47","modified_gmt":"2024-12-09T16:30:47","slug":"die-zeit-der-roemischen-buergerkriege-poster-rundumpaket-papier-oder-tyvek","status":"publish","type":"product","link":"https:\/\/www.lust-auf-rom.de\/wordpress\/produkt\/die-zeit-der-roemischen-buergerkriege-poster-rundumpaket-papier-oder-tyvek\/","title":{"rendered":"Die Zeit der r\u00f6mischen B\u00fcrgerkriege: Poster-Rundumpaket (Papier \/ Tyvek\u00ae)"},"content":{"rendered":"<p>[et_pb_section bb_built=&#8220;1&#8243; _builder_version=&#8220;3.22.4&#8243; custom_margin=&#8220;0px||0px|&#8220; custom_padding=&#8220;0px||0px|&#8220; z_index_tablet=&#8220;500&#8243;][et_pb_row _builder_version=&#8220;3.22.4&#8243; z_index_tablet=&#8220;500&#8243;][et_pb_column type=&#8220;4_4&#8243; custom_padding__hover=&#8220;|||&#8220; custom_padding=&#8220;|||&#8220;][et_pb_text _builder_version=&#8220;4.27.4&#8243; text_text_shadow_horizontal_length=&#8220;text_text_shadow_style,%91object Object%93&#8243; text_text_shadow_horizontal_length_tablet=&#8220;0px&#8220; text_text_shadow_vertical_length=&#8220;text_text_shadow_style,%91object Object%93&#8243; text_text_shadow_vertical_length_tablet=&#8220;0px&#8220; text_text_shadow_blur_strength=&#8220;text_text_shadow_style,%91object Object%93&#8243; text_text_shadow_blur_strength_tablet=&#8220;1px&#8220; link_text_shadow_horizontal_length=&#8220;link_text_shadow_style,%91object Object%93&#8243; link_text_shadow_horizontal_length_tablet=&#8220;0px&#8220; link_text_shadow_vertical_length=&#8220;link_text_shadow_style,%91object Object%93&#8243; link_text_shadow_vertical_length_tablet=&#8220;0px&#8220; link_text_shadow_blur_strength=&#8220;link_text_shadow_style,%91object Object%93&#8243; link_text_shadow_blur_strength_tablet=&#8220;1px&#8220; ul_text_shadow_horizontal_length=&#8220;ul_text_shadow_style,%91object Object%93&#8243; ul_text_shadow_horizontal_length_tablet=&#8220;0px&#8220; ul_text_shadow_vertical_length=&#8220;ul_text_shadow_style,%91object Object%93&#8243; ul_text_shadow_vertical_length_tablet=&#8220;0px&#8220; ul_text_shadow_blur_strength=&#8220;ul_text_shadow_style,%91object Object%93&#8243; ul_text_shadow_blur_strength_tablet=&#8220;1px&#8220; ol_text_shadow_horizontal_length=&#8220;ol_text_shadow_style,%91object Object%93&#8243; ol_text_shadow_horizontal_length_tablet=&#8220;0px&#8220; ol_text_shadow_vertical_length=&#8220;ol_text_shadow_style,%91object Object%93&#8243; ol_text_shadow_vertical_length_tablet=&#8220;0px&#8220; ol_text_shadow_blur_strength=&#8220;ol_text_shadow_style,%91object Object%93&#8243; ol_text_shadow_blur_strength_tablet=&#8220;1px&#8220; quote_text_shadow_horizontal_length=&#8220;quote_text_shadow_style,%91object Object%93&#8243; quote_text_shadow_horizontal_length_tablet=&#8220;0px&#8220; quote_text_shadow_vertical_length=&#8220;quote_text_shadow_style,%91object Object%93&#8243; quote_text_shadow_vertical_length_tablet=&#8220;0px&#8220; quote_text_shadow_blur_strength=&#8220;quote_text_shadow_style,%91object Object%93&#8243; quote_text_shadow_blur_strength_tablet=&#8220;1px&#8220; header_text_shadow_horizontal_length=&#8220;header_text_shadow_style,%91object Object%93&#8243; header_text_shadow_horizontal_length_tablet=&#8220;0px&#8220; header_text_shadow_vertical_length=&#8220;header_text_shadow_style,%91object Object%93&#8243; header_text_shadow_vertical_length_tablet=&#8220;0px&#8220; header_text_shadow_blur_strength=&#8220;header_text_shadow_style,%91object Object%93&#8243; header_text_shadow_blur_strength_tablet=&#8220;1px&#8220; header_2_text_shadow_horizontal_length=&#8220;header_2_text_shadow_style,%91object Object%93&#8243; header_2_text_shadow_horizontal_length_tablet=&#8220;0px&#8220; header_2_text_shadow_vertical_length=&#8220;header_2_text_shadow_style,%91object Object%93&#8243; header_2_text_shadow_vertical_length_tablet=&#8220;0px&#8220; header_2_text_shadow_blur_strength=&#8220;header_2_text_shadow_style,%91object Object%93&#8243; header_2_text_shadow_blur_strength_tablet=&#8220;1px&#8220; header_3_text_shadow_horizontal_length=&#8220;header_3_text_shadow_style,%91object Object%93&#8243; header_3_text_shadow_horizontal_length_tablet=&#8220;0px&#8220; header_3_text_shadow_vertical_length=&#8220;header_3_text_shadow_style,%91object Object%93&#8243; header_3_text_shadow_vertical_length_tablet=&#8220;0px&#8220; header_3_text_shadow_blur_strength=&#8220;header_3_text_shadow_style,%91object Object%93&#8243; header_3_text_shadow_blur_strength_tablet=&#8220;1px&#8220; header_4_text_shadow_horizontal_length=&#8220;header_4_text_shadow_style,%91object Object%93&#8243; header_4_text_shadow_horizontal_length_tablet=&#8220;0px&#8220; header_4_text_shadow_vertical_length=&#8220;header_4_text_shadow_style,%91object Object%93&#8243; header_4_text_shadow_vertical_length_tablet=&#8220;0px&#8220; header_4_text_shadow_blur_strength=&#8220;header_4_text_shadow_style,%91object Object%93&#8243; header_4_text_shadow_blur_strength_tablet=&#8220;1px&#8220; header_5_text_shadow_horizontal_length=&#8220;header_5_text_shadow_style,%91object Object%93&#8243; header_5_text_shadow_horizontal_length_tablet=&#8220;0px&#8220; header_5_text_shadow_vertical_length=&#8220;header_5_text_shadow_style,%91object Object%93&#8243; header_5_text_shadow_vertical_length_tablet=&#8220;0px&#8220; header_5_text_shadow_blur_strength=&#8220;header_5_text_shadow_style,%91object Object%93&#8243; header_5_text_shadow_blur_strength_tablet=&#8220;1px&#8220; header_6_text_shadow_horizontal_length=&#8220;header_6_text_shadow_style,%91object Object%93&#8243; header_6_text_shadow_horizontal_length_tablet=&#8220;0px&#8220; header_6_text_shadow_vertical_length=&#8220;header_6_text_shadow_style,%91object Object%93&#8243; header_6_text_shadow_vertical_length_tablet=&#8220;0px&#8220; header_6_text_shadow_blur_strength=&#8220;header_6_text_shadow_style,%91object Object%93&#8243; header_6_text_shadow_blur_strength_tablet=&#8220;1px&#8220; box_shadow_horizontal_tablet=&#8220;0px&#8220; box_shadow_vertical_tablet=&#8220;0px&#8220; box_shadow_blur_tablet=&#8220;40px&#8220; box_shadow_spread_tablet=&#8220;0px&#8220; z_index_tablet=&#8220;500&#8243; vertical_offset_tablet=&#8220;0&#8243; horizontal_offset_tablet=&#8220;0&#8243; background_pattern_color=&#8220;rgba(0,0,0,0.2)&#8220; background_mask_color=&#8220;#ffffff&#8220;]<\/p>\n<p>Die Bl\u00fctezeit des klassischen Lateins, zentrale Lekt\u00fcreautoren wie Caesar, Cicero und Catull, Ereignisse von historischen Dimensionen und sogar selbst so manchem Nichtlateiner gel\u00e4ufige Einzelszenen wie die Kreuzigung der Spartacusanh\u00e4nger oder die dramatische Ermordung Caesars: Sie alle fallen ins 1. Jh. v. Chr., dem letzten der r\u00f6mischen Republik, in die Zeit der B\u00fcrgerkriege, aber auch anderer innenpolitischer Unruheherde, w\u00e4hrend Rom seine Macht nach au\u00dfen immer mehr ausweitet. Am Ende steht der Beginn einer neuen Epoche: der Kaiserzeit.<br \/>Leben, Wirken und Absicht der lateinischen Autoren ebenso wie die verschiedenen literarischen Gattungen sowohl der ausgehenden Republik als auch des augusteischen Prinzipats lassen sich nur aus ihrer Zeit heraus und vor dem Hintergrund der B\u00fcrgerkriege verstehen.<br \/>Wie aber konnte es dazu kommen? Was waren die Folgen? Wie sind die verschiedenen parallelen Entwicklungen miteinander verzahnt, und wie kann man die atemberaubende Aufeinanderfolge unerh\u00f6rter Ereignisse strukturieren? Das Thema ist komplex. Hilfe kommt von diesem Poster-Rundumpaket, das Ihnen als Entwirrk\u00fcnstler f\u00fcr jene un\u00fcbersichtliche Zeit der B\u00fcrgerkriegswirren dienen will.<\/p>\n<p><strong>Poster:<\/strong><\/p>\n<ul>\n<li>Visualisiert die Ursachen, Wirkungs- und Ereignisketten der r\u00f6mischen B\u00fcrgerkriege und der Unruhen in Italien und den Provinzen, die zeitlichen Etappen der K\u00e4mpfe zwischen Popularen und Optimaten sowie die Gr\u00fcnde, die zum Kaisertum f\u00fchrten.<\/li>\n<li>Din A1, Papier (160g\/m\u00b2) oder Tyvek\u00ae (zus\u00e4tzlich ein circa 3,5 cm breiter, umlaufender wei\u00dfer Rand; zu Tyvek\u00ae s. <a href=\"https:\/\/www.lust-auf-rom.de\/wordpress\/poster-aus-tyvek\/\" target=\"_blank\" rel=\"noopener\">hier<\/a>)<\/li>\n<li><strong>Postversand<\/strong> (gerollt)<\/li>\n<\/ul>\n<p><strong>Begleitmaterialien:<\/strong><\/p>\n<ul>\n<li>Begleittext zum Poster: 3 Seiten, Din A4, farbig, auch als Graustufendruck geeignet (1 pdf-Datei).<\/li>\n<li>Posterbild mit L\u00fcckentext und Bild mit L\u00f6sungen: je 1 Seite, Din A4, farbig, auch als Graustufendruck geeignet (2 pdf-Dateien);<br \/>Posterbild mit L\u00fcckentext zus\u00e4tzlich als <strong>digital ausf\u00fcllbare<\/strong> pdf-Datei. (Demo-Video <a href=\"https:\/\/www.lust-auf-rom.de\/wordpress\/wp-content\/uploads\/2021\/09\/Digital_ausfuellbares_Begleitmaterial_Brigitte-Graef.mp4\" target=\"_blank\" rel=\"noopener noreferrer\">hier<\/a>)<\/li>\n<li>Fragebogen und Bogen mit L\u00f6sungen: je 1 Seite, Din A4, farbig, auch als Graustufendruck geeignet (2 pdf-Dateien);<br \/>Fragebogen zus\u00e4tzlich als <strong>digital ausf\u00fcllbare<\/strong> pdf-Datei. (Demo-Video <a href=\"https:\/\/www.lust-auf-rom.de\/wordpress\/wp-content\/uploads\/2021\/09\/Digital_ausfuellbares_Begleitmaterial_Brigitte-Graef.mp4\" target=\"_blank\" rel=\"noopener noreferrer\">hier<\/a>)<\/li>\n<li>Die Begleitmaterialien werden als <strong>pdf<\/strong>-Dateien zum <strong>dreimaligen <\/strong>Herunterladen <strong>10 Tage lang nach <\/strong><strong>Lieferung <\/strong>bereitgestellt.<\/li>\n<\/ul>\n<p><strong>Verwendung:<\/strong><\/p>\n<ul>\n<li>Kernunterricht Latein \/ Geschichte<\/li>\n<li>Vertretungsstunden, Freistunden, auch (z. B. nachmitt\u00e4gliche) Zeitspannen in Ganztagsschulen<\/li>\n<li>Latein-AG<\/li>\n<li>Geschichte-AG<\/li>\n<\/ul>\n<p>\u00a0<\/p>\n<h3><span style=\"color: #990000;\">Herstellerinformationen<\/span><\/h3>\n<p><img loading=\"lazy\" decoding=\"async\" class=\"alignnone size-full wp-image-6640\" src=\"https:\/\/www.lust-auf-rom.de\/wordpress\/wp-content\/uploads\/2024\/12\/Hersteller.png\" alt=\"\" width=\"267\" height=\"122\" \/><\/p>\n<p>[\/et_pb_text][\/et_pb_column][\/et_pb_row][\/et_pb_section]<\/p>\n<span class=\"et_bloom_bottom_trigger\"><\/span>","protected":false},"excerpt":{"rendered":"<p>Die Bl\u00fctezeit des klassischen Lateins, zentrale Lekt\u00fcreautoren wie Caesar, Cicero und Catull, Ereignisse von historischen Dimensionen und sogar selbst so manchem Nichtlateiner gel\u00e4ufige Einzelszenen wie die Kreuzigung der Spartacusanh\u00e4nger oder die dramatische Ermordung Caesars: Sie alle fallen ins 1. Jh. v. Chr., dem letzten der r\u00f6mischen Republik, in die Zeit der B\u00fcrgerkriege, aber auch anderer [&hellip;]<\/p>\n","protected":false},"featured_media":3888,"template":"","meta":{"_et_pb_use_builder":"on","_et_pb_old_content":"","_et_gb_content_width":""},"product_brand":[],"product_cat":[52],"product_tag":[75,71],"class_list":{"0":"post-5635","1":"product","2":"type-product","3":"status-publish","4":"has-post-thumbnail","6":"product_cat-poster","7":"product_tag-geschichte","8":"product_tag-roemische-republik","9":"pa_material-papier","10":"pa_material-tyvek","12":"first","13":"instock","14":"shipping-taxable","15":"purchasable","16":"product-type-variable"},"_links":{"self":[{"href":"https:\/\/www.lust-auf-rom.de\/wordpress\/wp-json\/wp\/v2\/product\/5635","targetHints":{"allow":["GET"]}}],"collection":[{"href":"https:\/\/www.lust-auf-rom.de\/wordpress\/wp-json\/wp\/v2\/product"}],"about":[{"href":"https:\/\/www.lust-auf-rom.de\/wordpress\/wp-json\/wp\/v2\/types\/product"}],"wp:featuredmedia":[{"embeddable":true,"href":"https:\/\/www.lust-auf-rom.de\/wordpress\/wp-json\/wp\/v2\/media\/3888"}],"wp:attachment":[{"href":"https:\/\/www.lust-auf-rom.de\/wordpress\/wp-json\/wp\/v2\/media?parent=5635"}],"wp:term":[{"taxonomy":"product_brand","embeddable":true,"href":"https:\/\/www.lust-auf-rom.de\/wordpress\/wp-json\/wp\/v2\/product_brand?post=5635"},{"taxonomy":"product_cat","embeddable":true,"href":"https:\/\/www.lust-auf-rom.de\/wordpress\/wp-json\/wp\/v2\/product_cat?post=5635"},{"taxonomy":"product_tag","embeddable":true,"href":"https:\/\/www.lust-auf-rom.de\/wordpress\/wp-json\/wp\/v2\/product_tag?post=5635"}],"curies":[{"name":"wp","href":"https:\/\/api.w.org\/{rel}","templated":true}]}}