{"id":5599,"date":"2021-09-21T09:42:27","date_gmt":"2021-09-21T07:42:27","guid":{"rendered":"https:\/\/www.lust-auf-rom.de\/wordpress\/?post_type=product&#038;p=5599"},"modified":"2024-12-09T17:50:17","modified_gmt":"2024-12-09T16:50:17","slug":"guter-stil-ein-memospiel-zu-stilmitteln","status":"publish","type":"product","link":"https:\/\/www.lust-auf-rom.de\/wordpress\/produkt\/guter-stil-ein-memospiel-zu-stilmitteln\/","title":{"rendered":"Guter Stil &#8211; Ein Memospiel zu Stilmitteln (1 St\u00fcck \/ 2 St\u00fcck)"},"content":{"rendered":"<p>[et_pb_section bb_built=&#8220;1&#8243; _builder_version=&#8220;3.0.47&#8243; custom_padding=&#8220;0|0px|0|0px|false|false&#8220; inner_width=&#8220;auto&#8220; inner_max_width=&#8220;1080px&#8220;][et_pb_row custom_padding=&#8220;28px|0px|0|0px|false|false&#8220; _builder_version=&#8220;3.0.48&#8243; background_size=&#8220;initial&#8220; background_position=&#8220;top_left&#8220; background_repeat=&#8220;repeat&#8220; width=&#8220;80%&#8220; max_width=&#8220;1080px&#8220;][et_pb_column type=&#8220;4_4&#8243; _builder_version=&#8220;3.0.47&#8243; parallax=&#8220;off&#8220; parallax_method=&#8220;on&#8220; custom_padding__hover=&#8220;|||&#8220; custom_padding=&#8220;|||&#8220;][et_pb_text _builder_version=&#8220;4.27.4&#8243; text_text_shadow_horizontal_length=&#8220;text_text_shadow_style,%91object Object%93&#8243; text_text_shadow_horizontal_length_tablet=&#8220;0px&#8220; text_text_shadow_vertical_length=&#8220;text_text_shadow_style,%91object Object%93&#8243; text_text_shadow_vertical_length_tablet=&#8220;0px&#8220; text_text_shadow_blur_strength=&#8220;text_text_shadow_style,%91object Object%93&#8243; text_text_shadow_blur_strength_tablet=&#8220;1px&#8220; link_text_shadow_horizontal_length=&#8220;link_text_shadow_style,%91object Object%93&#8243; link_text_shadow_horizontal_length_tablet=&#8220;0px&#8220; link_text_shadow_vertical_length=&#8220;link_text_shadow_style,%91object Object%93&#8243; link_text_shadow_vertical_length_tablet=&#8220;0px&#8220; link_text_shadow_blur_strength=&#8220;link_text_shadow_style,%91object Object%93&#8243; link_text_shadow_blur_strength_tablet=&#8220;1px&#8220; ul_text_shadow_horizontal_length=&#8220;ul_text_shadow_style,%91object Object%93&#8243; ul_text_shadow_horizontal_length_tablet=&#8220;0px&#8220; ul_text_shadow_vertical_length=&#8220;ul_text_shadow_style,%91object Object%93&#8243; ul_text_shadow_vertical_length_tablet=&#8220;0px&#8220; ul_text_shadow_blur_strength=&#8220;ul_text_shadow_style,%91object Object%93&#8243; ul_text_shadow_blur_strength_tablet=&#8220;1px&#8220; ol_text_shadow_horizontal_length=&#8220;ol_text_shadow_style,%91object Object%93&#8243; ol_text_shadow_horizontal_length_tablet=&#8220;0px&#8220; ol_text_shadow_vertical_length=&#8220;ol_text_shadow_style,%91object Object%93&#8243; ol_text_shadow_vertical_length_tablet=&#8220;0px&#8220; ol_text_shadow_blur_strength=&#8220;ol_text_shadow_style,%91object Object%93&#8243; ol_text_shadow_blur_strength_tablet=&#8220;1px&#8220; quote_text_shadow_horizontal_length=&#8220;quote_text_shadow_style,%91object Object%93&#8243; quote_text_shadow_horizontal_length_tablet=&#8220;0px&#8220; quote_text_shadow_vertical_length=&#8220;quote_text_shadow_style,%91object Object%93&#8243; quote_text_shadow_vertical_length_tablet=&#8220;0px&#8220; quote_text_shadow_blur_strength=&#8220;quote_text_shadow_style,%91object Object%93&#8243; quote_text_shadow_blur_strength_tablet=&#8220;1px&#8220; header_text_shadow_horizontal_length=&#8220;header_text_shadow_style,%91object Object%93&#8243; header_text_shadow_horizontal_length_tablet=&#8220;0px&#8220; header_text_shadow_vertical_length=&#8220;header_text_shadow_style,%91object Object%93&#8243; header_text_shadow_vertical_length_tablet=&#8220;0px&#8220; header_text_shadow_blur_strength=&#8220;header_text_shadow_style,%91object Object%93&#8243; header_text_shadow_blur_strength_tablet=&#8220;1px&#8220; header_2_text_shadow_horizontal_length=&#8220;header_2_text_shadow_style,%91object Object%93&#8243; header_2_text_shadow_horizontal_length_tablet=&#8220;0px&#8220; header_2_text_shadow_vertical_length=&#8220;header_2_text_shadow_style,%91object Object%93&#8243; header_2_text_shadow_vertical_length_tablet=&#8220;0px&#8220; header_2_text_shadow_blur_strength=&#8220;header_2_text_shadow_style,%91object Object%93&#8243; header_2_text_shadow_blur_strength_tablet=&#8220;1px&#8220; header_3_text_shadow_horizontal_length=&#8220;header_3_text_shadow_style,%91object Object%93&#8243; header_3_text_shadow_horizontal_length_tablet=&#8220;0px&#8220; header_3_text_shadow_vertical_length=&#8220;header_3_text_shadow_style,%91object Object%93&#8243; header_3_text_shadow_vertical_length_tablet=&#8220;0px&#8220; header_3_text_shadow_blur_strength=&#8220;header_3_text_shadow_style,%91object Object%93&#8243; header_3_text_shadow_blur_strength_tablet=&#8220;1px&#8220; header_4_text_shadow_horizontal_length=&#8220;header_4_text_shadow_style,%91object Object%93&#8243; header_4_text_shadow_horizontal_length_tablet=&#8220;0px&#8220; header_4_text_shadow_vertical_length=&#8220;header_4_text_shadow_style,%91object Object%93&#8243; header_4_text_shadow_vertical_length_tablet=&#8220;0px&#8220; header_4_text_shadow_blur_strength=&#8220;header_4_text_shadow_style,%91object Object%93&#8243; header_4_text_shadow_blur_strength_tablet=&#8220;1px&#8220; header_5_text_shadow_horizontal_length=&#8220;header_5_text_shadow_style,%91object Object%93&#8243; header_5_text_shadow_horizontal_length_tablet=&#8220;0px&#8220; header_5_text_shadow_vertical_length=&#8220;header_5_text_shadow_style,%91object Object%93&#8243; header_5_text_shadow_vertical_length_tablet=&#8220;0px&#8220; header_5_text_shadow_blur_strength=&#8220;header_5_text_shadow_style,%91object Object%93&#8243; header_5_text_shadow_blur_strength_tablet=&#8220;1px&#8220; header_6_text_shadow_horizontal_length=&#8220;header_6_text_shadow_style,%91object Object%93&#8243; header_6_text_shadow_horizontal_length_tablet=&#8220;0px&#8220; header_6_text_shadow_vertical_length=&#8220;header_6_text_shadow_style,%91object Object%93&#8243; header_6_text_shadow_vertical_length_tablet=&#8220;0px&#8220; header_6_text_shadow_blur_strength=&#8220;header_6_text_shadow_style,%91object Object%93&#8243; header_6_text_shadow_blur_strength_tablet=&#8220;1px&#8220; box_shadow_horizontal_tablet=&#8220;0px&#8220; box_shadow_vertical_tablet=&#8220;0px&#8220; box_shadow_blur_tablet=&#8220;40px&#8220; box_shadow_spread_tablet=&#8220;0px&#8220; vertical_offset_tablet=&#8220;0&#8243; horizontal_offset_tablet=&#8220;0&#8243; z_index_tablet=&#8220;0&#8243; background_pattern_color=&#8220;rgba(0,0,0,0.2)&#8220; background_mask_color=&#8220;#ffffff&#8220;]<\/p>\n<p>&#8222;Veni, vici, vici!&#8220; &#8211; ein Satz, so genial, kurz und schlagend wie die Schlacht und der Sieg Caesars \u00fcber den K\u00f6nig von Pontus selbst, ein Satz, der seinerseits die Welt eroberte und dar\u00fcber hinaus die Herzen der Lateinlehrer, l\u00e4sst sich an ihm doch ein ganzer Strau\u00df an Stilmitteln demonstrieren. Wer solche Stilmittel erkennt, dem er\u00f6ffnen sich die Sch\u00f6nheit der lateinischen Sprache und die Kunstfertigkeit r\u00f6mischer Autoren.<br \/>Kein leichtes Brot f\u00fcr Sch\u00fcler, doch Hilfe naht: Dieses Memospiel wurde daf\u00fcr geschaffen, dass Name\u00a0 und Bedeutung der gebr\u00e4uchlichsten Stilmittel in Fleisch und Blut \u00fcbergehen!<br \/>Jeder <strong>Karte mit dem Namen des Stilmittels und einem Bildsymbol<\/strong> f\u00fcr dessen Bedeutung entspricht eine <strong>Karte mit Erkl\u00e4rung und einem Beispiel<\/strong>. Durch das wiederholte Aufdecken und die Notwendigkeit, Zuordnungen \u00fcber l\u00e4ngere Zeit im Kopf zu behalten, pr\u00e4gt sich die Zusammengeh\u00f6rigkeit von Name und Bedeutung ein. Selbst wer mit dem Namen zun\u00e4chst nichts anfangen kann, dem hilft das Bildsymbol, sich die zugeh\u00f6rige Bedeutungskarte selbst zu erschlie\u00dfen und die Verbindung auf diese Weise zu lernen. Wer sich zum Schluss am meisten gemerkt und dazu etwas Gl\u00fcck gehabt hat, kann dann auch von sich selbst behaupten: &#8222;Veni, vidi, vici!&#8220;<br \/>Mit enthalten ist eine<strong> \u00dcbersichtstabelle aller vorkommenden Stilmittel<\/strong> zum Lernen und Kontrollieren. Und nebenbei bemerkt: Solange die Karten noch nebeneinander verdeckt liegen, erfreuen sie das Auge mit dem Muster einer gemalten r\u00f6mischen Kassettendecke.<\/p>\n<p><strong>Memospiel f\u00fcr 2 bis 8 Spieler:<\/strong><\/p>\n<ul>\n<li>Spiel zum Ein\u00fcben der Formen folgender Stilmittel:<br \/>Alliteration, Anapher, Apostrophe, Asyndeton, Chiasmus, Ellipse, Euphemismus, Hendiadyoin, Homoioteleuton, Hyperbaton, Hyperbel, Ironie, Iteratio, Klimax, Litotes, Metapher, Metonymie, Oxymoron, Parallelismus, Pars pro toto, Personifikation, Polyptoton, Polysyndeton, Rhetorische Frage.<\/li>\n<li>Inhalt:<br \/>48 Memokarten (24 Paare; Kartengr\u00f6\u00dfe 6 x 6 cm) in einer Pappschachtel,<br \/>\u00dcbersichtstabelle als laminierter Ausdruck (beiliegend) und als pdf-Datei (zum Herunterladen),<br \/>Spielanleitung als Ausdruck (beiliegend) und als pdf-Datei (zum Herunterladen).<\/li>\n<li><strong>Postversand<\/strong>;<br \/>die <strong>pdf<\/strong>-Dateien werden zum <strong>dreimaligen <\/strong>Herunterladen <strong>10 Tage lang nach ihrer <\/strong><strong>Lieferung <\/strong>bereitgestellt.<strong><br \/><\/strong><\/li>\n<\/ul>\n<p><strong>Verwendung:<\/strong><\/p>\n<ul>\n<li>Kernunterricht Latein<\/li>\n<li>Vertretungsstunden, Freistunden, auch (z. B. nachmitt\u00e4gliche) Zeitspannen in Ganztagsschulen<\/li>\n<\/ul>\n<p>\u00a0<\/p>\n<h3><span style=\"color: #990000;\">Herstellerinformationen<\/span><\/h3>\n<p><img loading=\"lazy\" decoding=\"async\" class=\"alignnone size-full wp-image-6640\" src=\"https:\/\/www.lust-auf-rom.de\/wordpress\/wp-content\/uploads\/2024\/12\/Hersteller.png\" alt=\"\" width=\"267\" height=\"122\" \/><\/p>\n<p>[\/et_pb_text][\/et_pb_column][\/et_pb_row][\/et_pb_section]<\/p>\n<span class=\"et_bloom_bottom_trigger\"><\/span>","protected":false},"excerpt":{"rendered":"<p>&#8222;Veni, vici, vici!&#8220; &#8211; ein Satz, so genial, kurz und schlagend wie die Schlacht und der Sieg Caesars \u00fcber den K\u00f6nig von Pontus selbst, ein Satz, der seinerseits die Welt eroberte und dar\u00fcber hinaus die Herzen der Lateinlehrer, l\u00e4sst sich an ihm doch ein ganzer Strau\u00df an Stilmitteln demonstrieren. Wer solche Stilmittel erkennt, dem er\u00f6ffnen [&hellip;]<\/p>\n","protected":false},"featured_media":5814,"template":"","meta":{"_et_pb_use_builder":"on","_et_pb_old_content":"","_et_gb_content_width":""},"product_brand":[],"product_cat":[54],"product_tag":[78,73],"class_list":{"0":"post-5599","1":"product","2":"type-product","3":"status-publish","4":"has-post-thumbnail","6":"product_cat-spiele-und-raetsel","7":"product_tag-latein","8":"product_tag-lektuere","10":"first","11":"instock","12":"shipping-taxable","13":"purchasable","14":"product-type-variable"},"_links":{"self":[{"href":"https:\/\/www.lust-auf-rom.de\/wordpress\/wp-json\/wp\/v2\/product\/5599","targetHints":{"allow":["GET"]}}],"collection":[{"href":"https:\/\/www.lust-auf-rom.de\/wordpress\/wp-json\/wp\/v2\/product"}],"about":[{"href":"https:\/\/www.lust-auf-rom.de\/wordpress\/wp-json\/wp\/v2\/types\/product"}],"wp:featuredmedia":[{"embeddable":true,"href":"https:\/\/www.lust-auf-rom.de\/wordpress\/wp-json\/wp\/v2\/media\/5814"}],"wp:attachment":[{"href":"https:\/\/www.lust-auf-rom.de\/wordpress\/wp-json\/wp\/v2\/media?parent=5599"}],"wp:term":[{"taxonomy":"product_brand","embeddable":true,"href":"https:\/\/www.lust-auf-rom.de\/wordpress\/wp-json\/wp\/v2\/product_brand?post=5599"},{"taxonomy":"product_cat","embeddable":true,"href":"https:\/\/www.lust-auf-rom.de\/wordpress\/wp-json\/wp\/v2\/product_cat?post=5599"},{"taxonomy":"product_tag","embeddable":true,"href":"https:\/\/www.lust-auf-rom.de\/wordpress\/wp-json\/wp\/v2\/product_tag?post=5599"}],"curies":[{"name":"wp","href":"https:\/\/api.w.org\/{rel}","templated":true}]}}