{"id":5275,"date":"2021-01-29T17:52:52","date_gmt":"2021-01-29T16:52:52","guid":{"rendered":"https:\/\/www.lust-auf-rom.de\/wordpress\/?post_type=product&#038;p=5275"},"modified":"2026-02-03T16:17:09","modified_gmt":"2026-02-03T15:17:09","slug":"grosse-geschichte-klassisches-latein-epochen-leporellos-20-30-stueck","status":"publish","type":"product","link":"https:\/\/www.lust-auf-rom.de\/wordpress\/produkt\/grosse-geschichte-klassisches-latein-epochen-leporellos-20-30-stueck\/","title":{"rendered":"Gro\u00dfe Geschichte &#038; Klassisches Latein: Epochen-Leporellos (20 \/ 30 St\u00fcck)"},"content":{"rendered":"<p>[et_pb_section bb_built=&#8220;1&#8243; _builder_version=&#8220;3.0.47&#8243; custom_padding=&#8220;0|0px|0|0px|false|false&#8220; inner_width=&#8220;auto&#8220; inner_max_width=&#8220;none&#8220;][et_pb_row _builder_version=&#8220;3.0.48&#8243; background_size=&#8220;initial&#8220; background_position=&#8220;top_left&#8220; background_repeat=&#8220;repeat&#8220; width=&#8220;80%&#8220; max_width=&#8220;1080px&#8220;][et_pb_column type=&#8220;4_4&#8243; custom_padding__hover=&#8220;|||&#8220; custom_padding=&#8220;|||&#8220;][et_pb_text _builder_version=&#8220;4.27.4&#8243; text_text_shadow_horizontal_length=&#8220;text_text_shadow_style,%91object Object%93&#8243; text_text_shadow_vertical_length=&#8220;text_text_shadow_style,%91object Object%93&#8243; text_text_shadow_blur_strength=&#8220;text_text_shadow_style,%91object Object%93&#8243; link_text_shadow_horizontal_length=&#8220;link_text_shadow_style,%91object Object%93&#8243; link_text_shadow_vertical_length=&#8220;link_text_shadow_style,%91object Object%93&#8243; link_text_shadow_blur_strength=&#8220;link_text_shadow_style,%91object Object%93&#8243; ul_text_shadow_horizontal_length=&#8220;ul_text_shadow_style,%91object Object%93&#8243; ul_text_shadow_vertical_length=&#8220;ul_text_shadow_style,%91object Object%93&#8243; ul_text_shadow_blur_strength=&#8220;ul_text_shadow_style,%91object Object%93&#8243; ol_text_shadow_horizontal_length=&#8220;ol_text_shadow_style,%91object Object%93&#8243; ol_text_shadow_vertical_length=&#8220;ol_text_shadow_style,%91object Object%93&#8243; ol_text_shadow_blur_strength=&#8220;ol_text_shadow_style,%91object Object%93&#8243; quote_text_shadow_horizontal_length=&#8220;quote_text_shadow_style,%91object Object%93&#8243; quote_text_shadow_vertical_length=&#8220;quote_text_shadow_style,%91object Object%93&#8243; quote_text_shadow_blur_strength=&#8220;quote_text_shadow_style,%91object Object%93&#8243; header_text_shadow_horizontal_length=&#8220;header_text_shadow_style,%91object Object%93&#8243; header_text_shadow_vertical_length=&#8220;header_text_shadow_style,%91object Object%93&#8243; header_text_shadow_blur_strength=&#8220;header_text_shadow_style,%91object Object%93&#8243; header_2_text_shadow_horizontal_length=&#8220;header_2_text_shadow_style,%91object Object%93&#8243; header_2_text_shadow_vertical_length=&#8220;header_2_text_shadow_style,%91object Object%93&#8243; header_2_text_shadow_blur_strength=&#8220;header_2_text_shadow_style,%91object Object%93&#8243; header_3_text_shadow_horizontal_length=&#8220;header_3_text_shadow_style,%91object Object%93&#8243; header_3_text_shadow_vertical_length=&#8220;header_3_text_shadow_style,%91object Object%93&#8243; header_3_text_shadow_blur_strength=&#8220;header_3_text_shadow_style,%91object Object%93&#8243; header_4_text_shadow_horizontal_length=&#8220;header_4_text_shadow_style,%91object Object%93&#8243; header_4_text_shadow_vertical_length=&#8220;header_4_text_shadow_style,%91object Object%93&#8243; header_4_text_shadow_blur_strength=&#8220;header_4_text_shadow_style,%91object Object%93&#8243; header_5_text_shadow_horizontal_length=&#8220;header_5_text_shadow_style,%91object Object%93&#8243; header_5_text_shadow_vertical_length=&#8220;header_5_text_shadow_style,%91object Object%93&#8243; header_5_text_shadow_blur_strength=&#8220;header_5_text_shadow_style,%91object Object%93&#8243; header_6_text_shadow_horizontal_length=&#8220;header_6_text_shadow_style,%91object Object%93&#8243; header_6_text_shadow_vertical_length=&#8220;header_6_text_shadow_style,%91object Object%93&#8243; header_6_text_shadow_blur_strength=&#8220;header_6_text_shadow_style,%91object Object%93&#8243; z_index_tablet=&#8220;500&#8243; box_shadow_horizontal_tablet=&#8220;0px&#8220; box_shadow_vertical_tablet=&#8220;0px&#8220; box_shadow_blur_tablet=&#8220;40px&#8220; box_shadow_spread_tablet=&#8220;0px&#8220; vertical_offset_tablet=&#8220;0&#8243; horizontal_offset_tablet=&#8220;0&#8243; background_pattern_color=&#8220;rgba(0,0,0,0.2)&#8220; background_mask_color=&#8220;#ffffff&#8220;]<\/p>\n<p>Ein Gewirr von Feldherren, Politikern und hochdramatischen Ereignissen umspinnt die Lekt\u00fcre aller klassischen Autoren des Lateinunterrichts. Dazwischen verheddern sich die F\u00e4den der literarischen Gattungen, in welche die einzelnen Schriftsteller teils kreuz und quer verknotet sind. Eine Epoche, die geradezu pr\u00e4destiniert daf\u00fcr ist, mit dem Faden auch den \u00dcberblick zu verlieren, wenn ausschnittartig mal dieser Autor, mal jenes Thema behandelt wird.<\/p>\n<p>Entwirrung schafft dieses Wickelleporello: Als wahrer Allrounder pr\u00e4sentiert es eine anschauliche \u00dcbersicht sowohl \u00fcber<strong> die historischen Pers\u00f6nlichkeiten und Ereignisse der sp\u00e4ten Republik und augusteischen Zeit<\/strong> als auch \u00fcber die <strong>literarischen Gattungen der Klassik samt ihren Vertretern<\/strong>. So l\u00e4sst sich der Unterrichtsstoff leicht in die Gesamtheit der geschichtlichen oder literarischen Epoche einordnen.<br \/>Doch das Leporello kann noch viel mehr! Je nach Faltung lassen sich<strong> historische Pers\u00f6nlichkeiten und Ereignisse mit Autoren und literarischen Gattungen unmittelbar vergleichen und in Beziehung zueinander setzen<\/strong>. Wer war wessen Zeitgenosse, welche Politiker waren zugleich Schriftsteller, wie sind Geschichte und Literatur \u00fcberhaupt miteinander verzahnt? Auf einen Blick wird ersichtlich, dass, als Cicero starb, Ovid gerade erst geboren wurde, dass die Rhetorik unter Augustus keine prominente Rolle mehr spielte, die Liebesdichtung aber zur H\u00f6chstform auflief, und vieles mehr.<\/p>\n<p>Kurze Texte auf der R\u00fcckseite fassen die <strong>Hauptmerkmale der Sp\u00e4ten Republik und augusteischen Zeit und diejenigen der klassischen Literatur<\/strong> zusammen und sensibilisieren f\u00fcr den Epochenbegriff. F\u00fcr die <strong>Sch\u00fcleraufgaben<\/strong> werden verschiedene Leporellospalten der Vorderseite miteinander verglichen und so der Blick f\u00fcr Zusammenh\u00e4nge gesch\u00e4rft.<\/p>\n<div style=\"width: 1080px;\" class=\"wp-video\"><!--[if lt IE 9]><script>document.createElement('video');<\/script><![endif]-->\n<video class=\"wp-video-shortcode\" id=\"video-5275-1\" width=\"1080\" height=\"608\" preload=\"metadata\" controls=\"controls\"><source type=\"video\/mp4\" src=\"https:\/\/www.lust-auf-rom.de\/wordpress\/wp-content\/uploads\/2021\/01\/Epochen_Klassik_Brigitte-Graef.mp4?_=1\" \/><a href=\"https:\/\/www.lust-auf-rom.de\/wordpress\/wp-content\/uploads\/2021\/01\/Epochen_Klassik_Brigitte-Graef.mp4\">https:\/\/www.lust-auf-rom.de\/wordpress\/wp-content\/uploads\/2021\/01\/Epochen_Klassik_Brigitte-Graef.mp4<\/a><\/video><\/div>\n<p><strong><br \/>Leporellos:<\/strong><\/p>\n<ul>\n<li>Das Leporello bietet \u00dcbersichten \u00fcber Pers\u00f6nlichkeiten und Ereignisse zwischen 133 v. Chr. und 14 n. Chr. und \u00fcber die Autoren, Werke und Gattungen der Klassik sowie bebilderte Aufgaben f\u00fcr die Sch\u00fcler.<\/li>\n<li>21 x 10 cm (geschlossenes Format); 21 x 59,4 cm (komplett ge\u00f6ffnet); 12 Seiten, farbig.<\/li>\n<li><strong>Postversand<br \/><\/strong><strong><br \/><\/strong><\/li>\n<\/ul>\n<p><strong>Begleitmaterial:<\/strong><\/p>\n<ul>\n<li>L\u00f6sungsbogen: 1 Seite, Din A4, farbig, auch als Graustufendruck geeignet.<\/li>\n<li>Der L\u00f6sungsbogen wird als <strong>pdf<\/strong>-Datei zum <strong>dreimaligen <\/strong>Herunterladen <strong>10 Tage lang nach <\/strong><strong>Lieferung <\/strong>bereitgestellt.<\/li>\n<\/ul>\n<p><strong><br \/>Verwendung:<\/strong><\/p>\n<ul>\n<li>Kernunterricht Latein \/ Geschichte<\/li>\n<li>Vertretungsstunden, Freistunden, auch (z. B. nachmitt\u00e4gliche) Zeitspannen in Ganztagsschulen<\/li>\n<li>Latein-AG<\/li>\n<li>Geschichte-AG<\/li>\n<\/ul>\n<p>\u00a0<\/p>\n<h3><span style=\"color: #990000;\">Herstellerinformationen<\/span><\/h3>\n<p><img loading=\"lazy\" decoding=\"async\" class=\"alignnone size-full wp-image-6640\" src=\"https:\/\/www.lust-auf-rom.de\/wordpress\/wp-content\/uploads\/2024\/12\/Hersteller.png\" alt=\"\" width=\"267\" height=\"122\" \/><\/p>\n<p>[\/et_pb_text][\/et_pb_column][\/et_pb_row][\/et_pb_section]<\/p>\n<span class=\"et_bloom_bottom_trigger\"><\/span>","protected":false},"excerpt":{"rendered":"<p>Ein Gewirr von Feldherren, Politikern und hochdramatischen Ereignissen umspinnt die Lekt\u00fcre aller klassischen Autoren des Lateinunterrichts. Dazwischen verheddern sich die F\u00e4den der literarischen Gattungen, in welche die einzelnen Schriftsteller teils kreuz und quer verknotet sind. Eine Epoche, die geradezu pr\u00e4destiniert daf\u00fcr ist, mit dem Faden auch den \u00dcberblick zu verlieren, wenn ausschnittartig mal dieser Autor, [&hellip;]<\/p>\n","protected":false},"featured_media":5291,"template":"","meta":{"_et_pb_use_builder":"on","_et_pb_old_content":"","_et_gb_content_width":""},"product_brand":[],"product_cat":[102],"product_tag":[96,74,70,75,73,71],"class_list":{"0":"post-5275","1":"product","2":"type-product","3":"status-publish","4":"has-post-thumbnail","6":"product_cat-leporellos","7":"product_tag-augusteische-zeit","8":"product_tag-caesar","9":"product_tag-cicero","10":"product_tag-geschichte","11":"product_tag-lektuere","12":"product_tag-roemische-republik","14":"first","15":"instock","16":"shipping-taxable","17":"purchasable","18":"product-type-variable"},"_links":{"self":[{"href":"https:\/\/www.lust-auf-rom.de\/wordpress\/wp-json\/wp\/v2\/product\/5275","targetHints":{"allow":["GET"]}}],"collection":[{"href":"https:\/\/www.lust-auf-rom.de\/wordpress\/wp-json\/wp\/v2\/product"}],"about":[{"href":"https:\/\/www.lust-auf-rom.de\/wordpress\/wp-json\/wp\/v2\/types\/product"}],"wp:featuredmedia":[{"embeddable":true,"href":"https:\/\/www.lust-auf-rom.de\/wordpress\/wp-json\/wp\/v2\/media\/5291"}],"wp:attachment":[{"href":"https:\/\/www.lust-auf-rom.de\/wordpress\/wp-json\/wp\/v2\/media?parent=5275"}],"wp:term":[{"taxonomy":"product_brand","embeddable":true,"href":"https:\/\/www.lust-auf-rom.de\/wordpress\/wp-json\/wp\/v2\/product_brand?post=5275"},{"taxonomy":"product_cat","embeddable":true,"href":"https:\/\/www.lust-auf-rom.de\/wordpress\/wp-json\/wp\/v2\/product_cat?post=5275"},{"taxonomy":"product_tag","embeddable":true,"href":"https:\/\/www.lust-auf-rom.de\/wordpress\/wp-json\/wp\/v2\/product_tag?post=5275"}],"curies":[{"name":"wp","href":"https:\/\/api.w.org\/{rel}","templated":true}]}}