{"id":4547,"date":"2020-08-11T18:34:55","date_gmt":"2020-08-11T16:34:55","guid":{"rendered":"https:\/\/www.lust-auf-rom.de\/wordpress\/?post_type=product&#038;p=4547"},"modified":"2026-02-03T16:16:04","modified_gmt":"2026-02-03T15:16:04","slug":"publius-ovidius-naso-metamorphoses-20-lektuere-leporellos-kopie","status":"publish","type":"product","link":"https:\/\/www.lust-auf-rom.de\/wordpress\/produkt\/publius-ovidius-naso-metamorphoses-20-lektuere-leporellos-kopie\/","title":{"rendered":"Publius Ovidius Naso, Metamorphoses: Lekt\u00fcre-Leporellos (20 \/ 30 St\u00fcck)"},"content":{"rendered":"<p>[et_pb_section bb_built=&#8220;1&#8243; _builder_version=&#8220;3.0.47&#8243; custom_padding=&#8220;0|0px|0|0px|false|false&#8220; inner_width=&#8220;auto&#8220; inner_max_width=&#8220;none&#8220;][et_pb_row _builder_version=&#8220;3.0.48&#8243; background_size=&#8220;initial&#8220; background_position=&#8220;top_left&#8220; background_repeat=&#8220;repeat&#8220; width=&#8220;80%&#8220; max_width=&#8220;1080px&#8220;][et_pb_column type=&#8220;4_4&#8243; custom_padding__hover=&#8220;|||&#8220; custom_padding=&#8220;|||&#8220;][et_pb_text _builder_version=&#8220;4.27.4&#8243; text_text_shadow_horizontal_length=&#8220;text_text_shadow_style,%91object Object%93&#8243; text_text_shadow_vertical_length=&#8220;text_text_shadow_style,%91object Object%93&#8243; text_text_shadow_blur_strength=&#8220;text_text_shadow_style,%91object Object%93&#8243; link_text_shadow_horizontal_length=&#8220;link_text_shadow_style,%91object Object%93&#8243; link_text_shadow_vertical_length=&#8220;link_text_shadow_style,%91object Object%93&#8243; link_text_shadow_blur_strength=&#8220;link_text_shadow_style,%91object Object%93&#8243; ul_text_shadow_horizontal_length=&#8220;ul_text_shadow_style,%91object Object%93&#8243; ul_text_shadow_vertical_length=&#8220;ul_text_shadow_style,%91object Object%93&#8243; ul_text_shadow_blur_strength=&#8220;ul_text_shadow_style,%91object Object%93&#8243; ol_text_shadow_horizontal_length=&#8220;ol_text_shadow_style,%91object Object%93&#8243; ol_text_shadow_vertical_length=&#8220;ol_text_shadow_style,%91object Object%93&#8243; ol_text_shadow_blur_strength=&#8220;ol_text_shadow_style,%91object Object%93&#8243; quote_text_shadow_horizontal_length=&#8220;quote_text_shadow_style,%91object Object%93&#8243; quote_text_shadow_vertical_length=&#8220;quote_text_shadow_style,%91object Object%93&#8243; quote_text_shadow_blur_strength=&#8220;quote_text_shadow_style,%91object Object%93&#8243; header_text_shadow_horizontal_length=&#8220;header_text_shadow_style,%91object Object%93&#8243; header_text_shadow_vertical_length=&#8220;header_text_shadow_style,%91object Object%93&#8243; header_text_shadow_blur_strength=&#8220;header_text_shadow_style,%91object Object%93&#8243; header_2_text_shadow_horizontal_length=&#8220;header_2_text_shadow_style,%91object Object%93&#8243; header_2_text_shadow_vertical_length=&#8220;header_2_text_shadow_style,%91object Object%93&#8243; header_2_text_shadow_blur_strength=&#8220;header_2_text_shadow_style,%91object Object%93&#8243; header_3_text_shadow_horizontal_length=&#8220;header_3_text_shadow_style,%91object Object%93&#8243; header_3_text_shadow_vertical_length=&#8220;header_3_text_shadow_style,%91object Object%93&#8243; header_3_text_shadow_blur_strength=&#8220;header_3_text_shadow_style,%91object Object%93&#8243; header_4_text_shadow_horizontal_length=&#8220;header_4_text_shadow_style,%91object Object%93&#8243; header_4_text_shadow_vertical_length=&#8220;header_4_text_shadow_style,%91object Object%93&#8243; header_4_text_shadow_blur_strength=&#8220;header_4_text_shadow_style,%91object Object%93&#8243; header_5_text_shadow_horizontal_length=&#8220;header_5_text_shadow_style,%91object Object%93&#8243; header_5_text_shadow_vertical_length=&#8220;header_5_text_shadow_style,%91object Object%93&#8243; header_5_text_shadow_blur_strength=&#8220;header_5_text_shadow_style,%91object Object%93&#8243; header_6_text_shadow_horizontal_length=&#8220;header_6_text_shadow_style,%91object Object%93&#8243; header_6_text_shadow_vertical_length=&#8220;header_6_text_shadow_style,%91object Object%93&#8243; header_6_text_shadow_blur_strength=&#8220;header_6_text_shadow_style,%91object Object%93&#8243; z_index_tablet=&#8220;500&#8243; box_shadow_horizontal_tablet=&#8220;0px&#8220; box_shadow_vertical_tablet=&#8220;0px&#8220; box_shadow_blur_tablet=&#8220;40px&#8220; box_shadow_spread_tablet=&#8220;0px&#8220; vertical_offset_tablet=&#8220;0&#8243; horizontal_offset_tablet=&#8220;0&#8243; background_pattern_color=&#8220;rgba(0,0,0,0.2)&#8220; background_mask_color=&#8220;#ffffff&#8220;]<\/p>\n<p>\u00dcber 250 Verwandlungssagen in rund 12000 Hexametern &#8211; mit seinen &#8222;Metamorphoses&#8220; hat Ovid ein ungeheuer buntes und umfangreiches Werk geschaffen. Wie soll man da einen \u00dcber- und Durchblick gewinnen?<\/p>\n<p>Die Antwort bietet dieses Leporello, das den <strong>inhaltlichen Aufbau und die gro\u00dfen Themenkomplexe der Metamorphosen sowie deren Bez\u00fcge zueinander <\/strong>erkl\u00e4rt und visualisiert. Die \u00fcbersichtliche und farblich gegliederte Tabellenstruktur deckt auf, wie der Dichter den Spagat zwischen \u00fcberlegter Gliederung und dem scheinbar kontinuierlichen Fortschreiten eines <em>carmen perpetuum<\/em> meistert, indem er f\u00fcr den Inhalt die Buchgrenzen \u00fcberspielt. Das Leporello ist sogar selbst ein Verwandlungsk\u00fcnstler: Wem die Feingliederung zu ausf\u00fchrlich ist, der faltet sie einfach weg!<br \/>Eine <strong>Auswahl besonders bekannter Sagen<\/strong> mit Stellenangabe bietet dem Lehrer Anregungen f\u00fcr den Unterricht und erleichtert die schnelle Auffindung. Dem Sch\u00fcler hilft sie, Einzelgeschichten ins Gesamtwerk einzuordnen.<br \/>In einer weiteren Spalte sind Belegstellen f\u00fcr die <strong>Hinf\u00fchrung auf Augustus<\/strong> gesammelt.<\/p>\n<p>Die R\u00fcckseite bietet neben einer kurzen Einf\u00fchrung in<strong> Bedeutung, Thema <\/strong>und die<strong> literarischen Vorbilder<\/strong> der Metamorphosen bebilderte <strong>Sch\u00fcleraufgaben<\/strong> zu Einzelsagen und ihren Hintergr\u00fcnden.<\/p>\n<div style=\"width: 1080px;\" class=\"wp-video\"><!--[if lt IE 9]><script>document.createElement('video');<\/script><![endif]-->\n<video class=\"wp-video-shortcode\" id=\"video-4547-1\" width=\"1080\" height=\"608\" preload=\"metadata\" controls=\"controls\"><source type=\"video\/mp4\" src=\"https:\/\/www.lust-auf-rom.de\/wordpress\/wp-content\/uploads\/2019\/10\/Ovid_Metamorphoses_mit-Abspann_Brigitte-Graef.mp4?_=1\" \/><a href=\"https:\/\/www.lust-auf-rom.de\/wordpress\/wp-content\/uploads\/2019\/10\/Ovid_Metamorphoses_mit-Abspann_Brigitte-Graef.mp4\">https:\/\/www.lust-auf-rom.de\/wordpress\/wp-content\/uploads\/2019\/10\/Ovid_Metamorphoses_mit-Abspann_Brigitte-Graef.mp4<\/a><\/video><\/div>\n<p><strong><br \/>Leporellos:<\/strong><\/p>\n<ul>\n<li>Das Leporello erkl\u00e4rt und visualisiert den Aufbau der Metamorphosen Ovids, f\u00fchrt in Bedeutung, Thema und die literarischen Vorbilder des Werks ein und bietet bebilderte Aufgaben f\u00fcr die Sch\u00fcler.<\/li>\n<li>21 x 9,9 cm (geschlossenes Format); 21 x 59,5 cm (komplett ge\u00f6ffnet); 12 Seiten, farbig.<\/li>\n<li><strong>Postversand<br \/><\/strong><strong><br \/><\/strong><\/li>\n<\/ul>\n<p><strong>Begleitmaterial:<\/strong><\/p>\n<ul>\n<li>L\u00f6sungsbogen: 1 Seite, Din A4, farbig, auch als Graustufendruck geeignet.<\/li>\n<li>Der L\u00f6sungsbogen wird als <strong>pdf<\/strong>-Datei zum <strong>dreimaligen <\/strong>Herunterladen <strong>10 Tage lang nach <\/strong><strong>Lieferung <\/strong>bereitgestellt.<\/li>\n<\/ul>\n<p><strong><br \/>Verwendung:<\/strong><\/p>\n<ul>\n<li>Kernunterricht Latein<\/li>\n<\/ul>\n<p>\u00a0<\/p>\n<h3><span style=\"color: #990000;\">Herstellerinformationen<\/span><\/h3>\n<p><img loading=\"lazy\" decoding=\"async\" class=\"alignnone size-full wp-image-6640\" src=\"https:\/\/www.lust-auf-rom.de\/wordpress\/wp-content\/uploads\/2024\/12\/Hersteller.png\" alt=\"\" width=\"267\" height=\"122\" \/><\/p>\n<p>[\/et_pb_text][\/et_pb_column][\/et_pb_row][\/et_pb_section]<\/p>\n<span class=\"et_bloom_bottom_trigger\"><\/span>","protected":false},"excerpt":{"rendered":"<p>\u00dcber 250 Verwandlungssagen in rund 12000 Hexametern &#8211; mit seinen &#8222;Metamorphoses&#8220; hat Ovid ein ungeheuer buntes und umfangreiches Werk geschaffen. Wie soll man da einen \u00dcber- und Durchblick gewinnen?Die Antwort bietet dieses Leporello, das den inhaltlichen Aufbau und die gro\u00dfen Themenkomplexe der Metamorphosen sowie deren Bez\u00fcge zueinander erkl\u00e4rt und visualisiert. Die \u00fcbersichtliche und farblich gegliederte [&hellip;]<\/p>\n","protected":false},"featured_media":3475,"template":"","meta":{"_et_pb_use_builder":"on","_et_pb_old_content":"","_et_gb_content_width":""},"product_brand":[],"product_cat":[102],"product_tag":[96,73,99,68],"class_list":{"0":"post-4547","1":"product","2":"type-product","3":"status-publish","4":"has-post-thumbnail","6":"product_cat-leporellos","7":"product_tag-augusteische-zeit","8":"product_tag-lektuere","9":"product_tag-ovid","10":"product_tag-religion-und-mythos","12":"first","13":"instock","14":"shipping-taxable","15":"purchasable","16":"product-type-variable"},"_links":{"self":[{"href":"https:\/\/www.lust-auf-rom.de\/wordpress\/wp-json\/wp\/v2\/product\/4547","targetHints":{"allow":["GET"]}}],"collection":[{"href":"https:\/\/www.lust-auf-rom.de\/wordpress\/wp-json\/wp\/v2\/product"}],"about":[{"href":"https:\/\/www.lust-auf-rom.de\/wordpress\/wp-json\/wp\/v2\/types\/product"}],"wp:featuredmedia":[{"embeddable":true,"href":"https:\/\/www.lust-auf-rom.de\/wordpress\/wp-json\/wp\/v2\/media\/3475"}],"wp:attachment":[{"href":"https:\/\/www.lust-auf-rom.de\/wordpress\/wp-json\/wp\/v2\/media?parent=4547"}],"wp:term":[{"taxonomy":"product_brand","embeddable":true,"href":"https:\/\/www.lust-auf-rom.de\/wordpress\/wp-json\/wp\/v2\/product_brand?post=4547"},{"taxonomy":"product_cat","embeddable":true,"href":"https:\/\/www.lust-auf-rom.de\/wordpress\/wp-json\/wp\/v2\/product_cat?post=4547"},{"taxonomy":"product_tag","embeddable":true,"href":"https:\/\/www.lust-auf-rom.de\/wordpress\/wp-json\/wp\/v2\/product_tag?post=4547"}],"curies":[{"name":"wp","href":"https:\/\/api.w.org\/{rel}","templated":true}]}}