{"id":3442,"date":"2019-10-09T06:38:25","date_gmt":"2019-10-09T06:38:25","guid":{"rendered":"https:\/\/www.lust-auf-rom.de\/wordpress\/?post_type=product&#038;p=3442"},"modified":"2025-10-08T10:34:16","modified_gmt":"2025-10-08T08:34:16","slug":"roemischer-advents-kalender","status":"publish","type":"product","link":"https:\/\/www.lust-auf-rom.de\/wordpress\/produkt\/roemischer-advents-kalender\/","title":{"rendered":"R\u00f6mischer (Advents-) Kalender"},"content":{"rendered":"<p>[et_pb_section bb_built=&#8220;1&#8243; _builder_version=&#8220;3.0.47&#8243; custom_padding=&#8220;0|0px|0|0px|false|false&#8220; inner_width=&#8220;auto&#8220; inner_max_width=&#8220;1080px&#8220;][et_pb_row custom_padding=&#8220;28px|0px|0|0px|false|false&#8220; _builder_version=&#8220;3.0.48&#8243; background_size=&#8220;initial&#8220; background_position=&#8220;top_left&#8220; background_repeat=&#8220;repeat&#8220; width=&#8220;80%&#8220; max_width=&#8220;1080px&#8220;][et_pb_column type=&#8220;4_4&#8243; _builder_version=&#8220;3.0.47&#8243; parallax=&#8220;off&#8220; parallax_method=&#8220;on&#8220; custom_padding__hover=&#8220;|||&#8220; custom_padding=&#8220;|||&#8220;][et_pb_text _builder_version=&#8220;4.27.4&#8243; text_text_shadow_horizontal_length=&#8220;text_text_shadow_style,%91object Object%93&#8243; text_text_shadow_horizontal_length_tablet=&#8220;0px&#8220; text_text_shadow_vertical_length=&#8220;text_text_shadow_style,%91object Object%93&#8243; text_text_shadow_vertical_length_tablet=&#8220;0px&#8220; text_text_shadow_blur_strength=&#8220;text_text_shadow_style,%91object Object%93&#8243; text_text_shadow_blur_strength_tablet=&#8220;1px&#8220; link_text_shadow_horizontal_length=&#8220;link_text_shadow_style,%91object Object%93&#8243; link_text_shadow_horizontal_length_tablet=&#8220;0px&#8220; link_text_shadow_vertical_length=&#8220;link_text_shadow_style,%91object Object%93&#8243; link_text_shadow_vertical_length_tablet=&#8220;0px&#8220; link_text_shadow_blur_strength=&#8220;link_text_shadow_style,%91object Object%93&#8243; link_text_shadow_blur_strength_tablet=&#8220;1px&#8220; ul_text_shadow_horizontal_length=&#8220;ul_text_shadow_style,%91object Object%93&#8243; ul_text_shadow_horizontal_length_tablet=&#8220;0px&#8220; ul_text_shadow_vertical_length=&#8220;ul_text_shadow_style,%91object Object%93&#8243; ul_text_shadow_vertical_length_tablet=&#8220;0px&#8220; ul_text_shadow_blur_strength=&#8220;ul_text_shadow_style,%91object Object%93&#8243; ul_text_shadow_blur_strength_tablet=&#8220;1px&#8220; ol_text_shadow_horizontal_length=&#8220;ol_text_shadow_style,%91object Object%93&#8243; ol_text_shadow_horizontal_length_tablet=&#8220;0px&#8220; ol_text_shadow_vertical_length=&#8220;ol_text_shadow_style,%91object Object%93&#8243; ol_text_shadow_vertical_length_tablet=&#8220;0px&#8220; ol_text_shadow_blur_strength=&#8220;ol_text_shadow_style,%91object Object%93&#8243; ol_text_shadow_blur_strength_tablet=&#8220;1px&#8220; quote_text_shadow_horizontal_length=&#8220;quote_text_shadow_style,%91object Object%93&#8243; quote_text_shadow_horizontal_length_tablet=&#8220;0px&#8220; quote_text_shadow_vertical_length=&#8220;quote_text_shadow_style,%91object Object%93&#8243; quote_text_shadow_vertical_length_tablet=&#8220;0px&#8220; quote_text_shadow_blur_strength=&#8220;quote_text_shadow_style,%91object Object%93&#8243; quote_text_shadow_blur_strength_tablet=&#8220;1px&#8220; header_text_shadow_horizontal_length=&#8220;header_text_shadow_style,%91object Object%93&#8243; header_text_shadow_horizontal_length_tablet=&#8220;0px&#8220; header_text_shadow_vertical_length=&#8220;header_text_shadow_style,%91object Object%93&#8243; header_text_shadow_vertical_length_tablet=&#8220;0px&#8220; header_text_shadow_blur_strength=&#8220;header_text_shadow_style,%91object Object%93&#8243; header_text_shadow_blur_strength_tablet=&#8220;1px&#8220; header_2_text_shadow_horizontal_length=&#8220;header_2_text_shadow_style,%91object Object%93&#8243; header_2_text_shadow_horizontal_length_tablet=&#8220;0px&#8220; header_2_text_shadow_vertical_length=&#8220;header_2_text_shadow_style,%91object Object%93&#8243; header_2_text_shadow_vertical_length_tablet=&#8220;0px&#8220; header_2_text_shadow_blur_strength=&#8220;header_2_text_shadow_style,%91object Object%93&#8243; header_2_text_shadow_blur_strength_tablet=&#8220;1px&#8220; header_3_text_shadow_horizontal_length=&#8220;header_3_text_shadow_style,%91object Object%93&#8243; header_3_text_shadow_horizontal_length_tablet=&#8220;0px&#8220; header_3_text_shadow_vertical_length=&#8220;header_3_text_shadow_style,%91object Object%93&#8243; header_3_text_shadow_vertical_length_tablet=&#8220;0px&#8220; header_3_text_shadow_blur_strength=&#8220;header_3_text_shadow_style,%91object Object%93&#8243; header_3_text_shadow_blur_strength_tablet=&#8220;1px&#8220; header_4_text_shadow_horizontal_length=&#8220;header_4_text_shadow_style,%91object Object%93&#8243; header_4_text_shadow_horizontal_length_tablet=&#8220;0px&#8220; header_4_text_shadow_vertical_length=&#8220;header_4_text_shadow_style,%91object Object%93&#8243; header_4_text_shadow_vertical_length_tablet=&#8220;0px&#8220; header_4_text_shadow_blur_strength=&#8220;header_4_text_shadow_style,%91object Object%93&#8243; header_4_text_shadow_blur_strength_tablet=&#8220;1px&#8220; header_5_text_shadow_horizontal_length=&#8220;header_5_text_shadow_style,%91object Object%93&#8243; header_5_text_shadow_horizontal_length_tablet=&#8220;0px&#8220; header_5_text_shadow_vertical_length=&#8220;header_5_text_shadow_style,%91object Object%93&#8243; header_5_text_shadow_vertical_length_tablet=&#8220;0px&#8220; header_5_text_shadow_blur_strength=&#8220;header_5_text_shadow_style,%91object Object%93&#8243; header_5_text_shadow_blur_strength_tablet=&#8220;1px&#8220; header_6_text_shadow_horizontal_length=&#8220;header_6_text_shadow_style,%91object Object%93&#8243; header_6_text_shadow_horizontal_length_tablet=&#8220;0px&#8220; header_6_text_shadow_vertical_length=&#8220;header_6_text_shadow_style,%91object Object%93&#8243; header_6_text_shadow_vertical_length_tablet=&#8220;0px&#8220; header_6_text_shadow_blur_strength=&#8220;header_6_text_shadow_style,%91object Object%93&#8243; header_6_text_shadow_blur_strength_tablet=&#8220;1px&#8220; box_shadow_horizontal_tablet=&#8220;0px&#8220; box_shadow_vertical_tablet=&#8220;0px&#8220; box_shadow_blur_tablet=&#8220;40px&#8220; box_shadow_spread_tablet=&#8220;0px&#8220; z_index_tablet=&#8220;500&#8243; vertical_offset_tablet=&#8220;0&#8243; horizontal_offset_tablet=&#8220;0&#8243; background_pattern_color=&#8220;rgba(0,0,0,0.2)&#8220; background_mask_color=&#8220;#ffffff&#8220;]<\/p>\n<p>Seit Caesar entspricht der r\u00f6mische Kalender fast genau unserem heutigen; sogar die Monatsnamen erkl\u00e4ren sich sp\u00e4testens seit Augustus von selbst. Also eigentlich alles ganz einfach, wenn, ja wenn da nicht die befremdliche Z\u00e4hlung und Benennung der einzelnen Tage w\u00e4re.<br \/>Hier kommt Hilfe und eine Portion Motivation, sich dar\u00fcber Klarheit zu verschaffen: ein Adventskalender mit r\u00f6mischem Kalenderdatum an jedem der 24 S\u00e4ckchen! Zum Lernen, \u00dcben und Belohnen.<br \/>Mit dabei ein vollst\u00e4ndiger r\u00f6mischer Jahreskalender zum Aufh\u00e4ngen und \/ oder Austeilen und ein weiterer mit Datumsl\u00fccken zum Ausf\u00fcllen vom ersten bis 24. Dezember.<br \/>Ein quizartiger Fragebogen liefert kurz vor Weihnachten noch Stoff zum Knobeln, wie vor Jahr und Tag die Zeit verging.<\/p>\n<p>Tipps:<\/p>\n<ul>\n<li><strong>Kein Klassenzimmer? Kein Platz zum Aufh\u00e4ngen? Kein Problem!<\/strong> S\u00e4ckchen von der Kordel ziehen und in der extra weihnachtlichen Schachtel zum Unterricht mitbringen.<\/li>\n<li><strong>Erh\u00f6hen Sie den Schwierigkeitsgrad: <\/strong>Die S\u00e4ckchen sind chronologisch aufsteigend aufgef\u00e4delt. F\u00e4deln Sie sie einfach aus und \u00e4ndern Sie die Anordnung.<\/li>\n<li><strong>Teilen \u00fcben im Advent<\/strong>: Viele S\u00fc\u00dfigkeiten (z. B. Gummib\u00e4rchen-Minit\u00fcten) bieten die M\u00f6glichkeit, auch anderen etwas abzugeben.<\/li>\n<li><strong>Nachhaltig sein:<\/strong> N\u00e4chstes Jahr den Kalender selbst neu bef\u00fcllen und <strong>wiederverwenden.<\/strong>\n<p>\u00a0<\/p>\n<\/li>\n<\/ul>\n<p><strong>Adventskalender:<\/strong><\/p>\n<ul>\n<li>12 rote und 12 goldfarbene Satins\u00e4ckchen; an jedem S\u00e4ckchen ein Anh\u00e4nger mit dem r\u00f6mischen Kalenderdatum<\/li>\n<li>F\u00fcllung: bunt gemischtes Sortiment aus Fruchtgummis und Kaubonbons;<br \/>Gesamtgewicht der S\u00e4ckchenf\u00fcllungen: ca. 350 g; Zutaten und N\u00e4hrwertinformationen <a href=\"https:\/\/www.lust-auf-rom.de\/wordpress\/wp-content\/uploads\/2025\/10\/Adventskalender_Deklarationen.pdf\" target=\"_blank\" rel=\"noopener\">hier<\/a><\/li>\n<li>ca. 2 m lange Kordel (S\u00e4ckchen bereits aufgef\u00e4delt); Schlaufen zur Aufh\u00e4ngung an den Enden; bei Bedarf leicht k\u00fcrzbar<\/li>\n<li>Versandschachtel mit weihnachtlichem Motiv<\/li>\n<li><strong>Postversand<\/strong>\n<p>\u00a0<\/p>\n<\/li>\n<\/ul>\n<p><strong>Begleitmaterialien:<\/strong><\/p>\n<ul>\n<li>R\u00f6mischer Kalender: Din A4, farbig; als Ausdruck (beiliegend) und als pdf-Datei (zum Herunterladen).<\/li>\n<li>R\u00f6mischer Kalender mit L\u00fcckentext vom ersten bis 24. Dezember: Din A4, farbig, auch als Graustufendruck geeignet (1 pdf-Datei);<br \/>R\u00f6mischer Kalender mit L\u00fcckentext zus\u00e4tzlich als <strong>digital ausf\u00fcllbare<\/strong> pdf-Datei. (Demo-Video <a href=\"https:\/\/www.lust-auf-rom.de\/wordpress\/wp-content\/uploads\/2021\/09\/Digital_ausfuellbares_Begleitmaterial_Brigitte-Graef.mp4\" target=\"_blank\" rel=\"noopener noreferrer\">hier<\/a>)<\/li>\n<li>Fragebogen und Bogen mit L\u00f6sungen: je 1 Seite, Din A4, farbig, auch als Graustufendruck geeignet (2 pdf-Dateien);<br \/>Fragebogen zus\u00e4tzlich als <strong>digital ausf\u00fcllbare<\/strong> pdf-Datei. (Demo-Video <a href=\"https:\/\/www.lust-auf-rom.de\/wordpress\/wp-content\/uploads\/2021\/09\/Digital_ausfuellbares_Begleitmaterial_Brigitte-Graef.mp4\" target=\"_blank\" rel=\"noopener noreferrer\">hier<\/a>)<\/li>\n<li>Die <strong>pdf<\/strong>-Dateien werden zum <strong>dreimaligen <\/strong>Herunterladen <strong>10 Tage lang nach <\/strong><strong>Lieferung <\/strong>bereitgestellt.<\/li>\n<\/ul>\n<p><strong><br \/>Verwendung:<\/strong><\/p>\n<ul>\n<li>Kernunterricht Latein<\/li>\n<li>Vertretungsstunden, Freistunden, auch (z. B. nachmitt\u00e4gliche) Zeitspannen in Ganztagsschulen<\/li>\n<li>Latein-AG<\/li>\n<\/ul>\n<p>\u00a0<\/p>\n<h3><span style=\"color: #990000;\">Herstellerinformationen<\/span><\/h3>\n<p><img loading=\"lazy\" decoding=\"async\" class=\"alignnone size-full wp-image-6640\" src=\"https:\/\/www.lust-auf-rom.de\/wordpress\/wp-content\/uploads\/2024\/12\/Hersteller.png\" alt=\"\" width=\"267\" height=\"122\" \/><\/p>\n<p>[\/et_pb_text][\/et_pb_column][\/et_pb_row][\/et_pb_section]<\/p>\n<span class=\"et_bloom_bottom_trigger\"><\/span>","protected":false},"excerpt":{"rendered":"<p>Seit Caesar entspricht der r\u00f6mische Kalender fast genau unserem heutigen; sogar die Monatsnamen erkl\u00e4ren sich sp\u00e4testens seit Augustus von selbst. Also eigentlich alles ganz einfach, wenn, ja wenn da nicht die befremdliche Z\u00e4hlung und Benennung der einzelnen Tage w\u00e4re.Hier kommt Hilfe und eine Portion Motivation, sich dar\u00fcber Klarheit zu verschaffen: ein Adventskalender mit r\u00f6mischem Kalenderdatum [&hellip;]<\/p>\n","protected":false},"featured_media":4681,"template":"","meta":{"_et_pb_use_builder":"on","_et_pb_old_content":"","_et_gb_content_width":""},"product_brand":[],"product_cat":[103],"product_tag":[104,92,71],"class_list":{"0":"post-3442","1":"product","2":"type-product","3":"status-publish","4":"has-post-thumbnail","6":"product_cat-adventskalender","7":"product_tag-alltag","8":"product_tag-roemische-kaiserzeit","9":"product_tag-roemische-republik","11":"first","12":"instock","13":"downloadable","14":"shipping-taxable","15":"purchasable","16":"product-type-simple"},"_links":{"self":[{"href":"https:\/\/www.lust-auf-rom.de\/wordpress\/wp-json\/wp\/v2\/product\/3442","targetHints":{"allow":["GET"]}}],"collection":[{"href":"https:\/\/www.lust-auf-rom.de\/wordpress\/wp-json\/wp\/v2\/product"}],"about":[{"href":"https:\/\/www.lust-auf-rom.de\/wordpress\/wp-json\/wp\/v2\/types\/product"}],"wp:featuredmedia":[{"embeddable":true,"href":"https:\/\/www.lust-auf-rom.de\/wordpress\/wp-json\/wp\/v2\/media\/4681"}],"wp:attachment":[{"href":"https:\/\/www.lust-auf-rom.de\/wordpress\/wp-json\/wp\/v2\/media?parent=3442"}],"wp:term":[{"taxonomy":"product_brand","embeddable":true,"href":"https:\/\/www.lust-auf-rom.de\/wordpress\/wp-json\/wp\/v2\/product_brand?post=3442"},{"taxonomy":"product_cat","embeddable":true,"href":"https:\/\/www.lust-auf-rom.de\/wordpress\/wp-json\/wp\/v2\/product_cat?post=3442"},{"taxonomy":"product_tag","embeddable":true,"href":"https:\/\/www.lust-auf-rom.de\/wordpress\/wp-json\/wp\/v2\/product_tag?post=3442"}],"curies":[{"name":"wp","href":"https:\/\/api.w.org\/{rel}","templated":true}]}}