{"id":3140,"date":"2019-05-21T07:22:24","date_gmt":"2019-05-21T07:22:24","guid":{"rendered":"https:\/\/www.lust-auf-rom.de\/wordpress\/?post_type=product&#038;p=3140"},"modified":"2024-12-10T09:34:56","modified_gmt":"2024-12-10T08:34:56","slug":"sparpaket-nomen-est-omen-i-und-ii-das-roemische-namenssystem","status":"publish","type":"product","link":"https:\/\/www.lust-auf-rom.de\/wordpress\/produkt\/sparpaket-nomen-est-omen-i-und-ii-das-roemische-namenssystem\/","title":{"rendered":"Sparpaket: Nomen est omen (Das r\u00f6mische Namenssystem) I und II (2 Film-Rundumpakete)"},"content":{"rendered":"<p>[et_pb_section bb_built=&#8220;1&#8243; inner_width_tablet=&#8220;50px&#8220; inner_max_width_tablet=&#8220;50px&#8220; _builder_version=&#8220;3.22.4&#8243; custom_margin=&#8220;0px||0px|&#8220; custom_padding=&#8220;0px||0px|&#8220; z_index_tablet=&#8220;500&#8243;][et_pb_row _builder_version=&#8220;3.22.4&#8243; z_index_tablet=&#8220;500&#8243;][et_pb_column type=&#8220;4_4&#8243; custom_padding__hover=&#8220;|||&#8220; custom_padding=&#8220;|||&#8220;][et_pb_text _builder_version=&#8220;4.27.4&#8243; text_text_shadow_horizontal_length=&#8220;text_text_shadow_style,%91object Object%93&#8243; text_text_shadow_vertical_length=&#8220;text_text_shadow_style,%91object Object%93&#8243; text_text_shadow_blur_strength=&#8220;text_text_shadow_style,%91object Object%93&#8243; link_text_shadow_horizontal_length=&#8220;link_text_shadow_style,%91object Object%93&#8243; link_text_shadow_vertical_length=&#8220;link_text_shadow_style,%91object Object%93&#8243; link_text_shadow_blur_strength=&#8220;link_text_shadow_style,%91object Object%93&#8243; ul_text_shadow_horizontal_length=&#8220;ul_text_shadow_style,%91object Object%93&#8243; ul_text_shadow_vertical_length=&#8220;ul_text_shadow_style,%91object Object%93&#8243; ul_text_shadow_blur_strength=&#8220;ul_text_shadow_style,%91object Object%93&#8243; ol_text_shadow_horizontal_length=&#8220;ol_text_shadow_style,%91object Object%93&#8243; ol_text_shadow_vertical_length=&#8220;ol_text_shadow_style,%91object Object%93&#8243; ol_text_shadow_blur_strength=&#8220;ol_text_shadow_style,%91object Object%93&#8243; quote_text_shadow_horizontal_length=&#8220;quote_text_shadow_style,%91object Object%93&#8243; quote_text_shadow_vertical_length=&#8220;quote_text_shadow_style,%91object Object%93&#8243; quote_text_shadow_blur_strength=&#8220;quote_text_shadow_style,%91object Object%93&#8243; header_text_shadow_horizontal_length=&#8220;header_text_shadow_style,%91object Object%93&#8243; header_text_shadow_vertical_length=&#8220;header_text_shadow_style,%91object Object%93&#8243; header_text_shadow_blur_strength=&#8220;header_text_shadow_style,%91object Object%93&#8243; header_2_text_shadow_horizontal_length=&#8220;header_2_text_shadow_style,%91object Object%93&#8243; header_2_text_shadow_vertical_length=&#8220;header_2_text_shadow_style,%91object Object%93&#8243; header_2_text_shadow_blur_strength=&#8220;header_2_text_shadow_style,%91object Object%93&#8243; header_3_text_shadow_horizontal_length=&#8220;header_3_text_shadow_style,%91object Object%93&#8243; header_3_text_shadow_vertical_length=&#8220;header_3_text_shadow_style,%91object Object%93&#8243; header_3_text_shadow_blur_strength=&#8220;header_3_text_shadow_style,%91object Object%93&#8243; header_4_text_shadow_horizontal_length=&#8220;header_4_text_shadow_style,%91object Object%93&#8243; header_4_text_shadow_vertical_length=&#8220;header_4_text_shadow_style,%91object Object%93&#8243; header_4_text_shadow_blur_strength=&#8220;header_4_text_shadow_style,%91object Object%93&#8243; header_5_text_shadow_horizontal_length=&#8220;header_5_text_shadow_style,%91object Object%93&#8243; header_5_text_shadow_vertical_length=&#8220;header_5_text_shadow_style,%91object Object%93&#8243; header_5_text_shadow_blur_strength=&#8220;header_5_text_shadow_style,%91object Object%93&#8243; header_6_text_shadow_horizontal_length=&#8220;header_6_text_shadow_style,%91object Object%93&#8243; header_6_text_shadow_vertical_length=&#8220;header_6_text_shadow_style,%91object Object%93&#8243; header_6_text_shadow_blur_strength=&#8220;header_6_text_shadow_style,%91object Object%93&#8243; z_index_tablet=&#8220;500&#8243; custom_margin=&#8220;0px||0px|&#8220; custom_padding=&#8220;0px||0px|&#8220; box_shadow_horizontal_tablet=&#8220;0px&#8220; box_shadow_vertical_tablet=&#8220;0px&#8220; box_shadow_blur_tablet=&#8220;40px&#8220; box_shadow_spread_tablet=&#8220;0px&#8220; vertical_offset_tablet=&#8220;0&#8243; horizontal_offset_tablet=&#8220;0&#8243; background_pattern_color=&#8220;rgba(0,0,0,0.2)&#8220; background_mask_color=&#8220;#ffffff&#8220;]<\/p>\n<h3><span style=\"color: #990000;\">Film-Rundumpaket Nomen est omen (Das r\u00f6mische Namenssystem) I<br \/><\/span><\/h3>\n<h3><span style=\"color: #990000;\"><strong>+ <\/strong><\/span><\/h3>\n<h3><span style=\"color: #990000;\">Film-Rundumpaket Nomen est omen (Das r\u00f6mische Namenssystem) II<br \/><\/span><\/h3>\n<p>\u00a0<\/p>\n<p>Teile 1 und 2 der Filmreihe \u201eNomen est omen\u201c, welche das Namenssystem der R\u00f6mer erkl\u00e4rt und das Nachwirken lateinischer Personennamen bis zum heutigen Tag.<\/p>\n<p><strong><br \/>Film Nomen est omen (Das r\u00f6mische Namenssystem) I:<br \/><\/strong><\/p>\n<p>Vorschau:<\/p>\n<div style=\"width: 512px;\" class=\"wp-video\"><!--[if lt IE 9]><script>document.createElement('video');<\/script><![endif]-->\n<video class=\"wp-video-shortcode\" id=\"video-3140-1\" width=\"512\" height=\"288\" preload=\"metadata\" controls=\"controls\"><source type=\"video\/mp4\" src=\"https:\/\/www.lust-auf-rom.de\/wordpress\/wp-content\/uploads\/2019\/01\/nomen-1_trailer.mp4?_=1\" \/><a href=\"https:\/\/www.lust-auf-rom.de\/wordpress\/wp-content\/uploads\/2019\/01\/nomen-1_trailer.mp4\">https:\/\/www.lust-auf-rom.de\/wordpress\/wp-content\/uploads\/2019\/01\/nomen-1_trailer.mp4<\/a><\/video><\/div>\n<p>\u00a0<\/p>\n<ul>\n<li>Von den Anf\u00e4ngen bis zum Beginn der sp\u00e4ten Republik um 100 v. Chr.: nomen und praenomen.<\/li>\n<li>MP4-Format; Dauer: 7.11 Minuten.<\/li>\n<li>Der Film wird als <strong>MP4<\/strong>-Datei zum <strong>maximal dreimaligen <\/strong>Herunterladen <strong>10 Tage lang nach Lieferung <\/strong>bereitgestellt.<\/li>\n<\/ul>\n<p><strong>Begleitmaterialien:<\/strong><\/p>\n<ul>\n<li>1 Fragebogen und 1 Bogen mit L\u00f6sungen: z. B. zu antiken und heutigen Namen (auch verschiedener Nationen) oder zu Verwandtschaftsverh\u00e4ltnissen; zum Weiterdenken, Knobeln und Recherchieren:<br \/>je 1 Seite, Din A4, farbig, auch als Graustufendruck geeignet (2 pdf-Dateien);<br \/><strong>NEU:\u00a0<\/strong>Fragebogen zus\u00e4tzlich als\u00a0<strong>digital ausf\u00fcllbare<\/strong> pdf-Datei. (Demo-Video <a href=\"https:\/\/www.lust-auf-rom.de\/wordpress\/wp-content\/uploads\/2021\/09\/Digital_ausfuellbares_Begleitmaterial_Brigitte-Graef.mp4\" target=\"_blank\" rel=\"noopener noreferrer\">hier<\/a>)<\/li>\n<li>Die Begleitmaterialien werden als <strong>pdf<\/strong>-Dateien zum <strong>maximal dreimaligen<\/strong> Herunterladen <strong>10 Tage lang nach Lieferung <\/strong>bereitgestellt.<\/li>\n<\/ul>\n<p>\u00a0<\/p>\n<p><strong>Film Nomen est omen (Das r\u00f6mische Namenssystem) II:<\/strong><\/p>\n<p>Vorschau:<\/p>\n<div style=\"width: 512px;\" class=\"wp-video\"><video class=\"wp-video-shortcode\" id=\"video-3140-2\" width=\"512\" height=\"288\" preload=\"metadata\" controls=\"controls\"><source type=\"video\/mp4\" src=\"https:\/\/www.lust-auf-rom.de\/wordpress\/wp-content\/uploads\/2019\/05\/namen-2_trailer.mp4?_=2\" \/><a href=\"https:\/\/www.lust-auf-rom.de\/wordpress\/wp-content\/uploads\/2019\/05\/namen-2_trailer.mp4\">https:\/\/www.lust-auf-rom.de\/wordpress\/wp-content\/uploads\/2019\/05\/namen-2_trailer.mp4<\/a><\/video><\/div>\n<p>\u00a0<\/p>\n<ul>\n<li>Vom 1. Jh. v. Chr. bis zur Mitte des 2. Jh. n. Chr: praenomen, nomen, cognomen.<\/li>\n<li>MP4-Format; Dauer: 11.39 Minuten.<\/li>\n<li>Der Film wird als <strong>MP4<\/strong>-Datei zum <strong>maxi<\/strong><strong>mal dreimaligen <\/strong>Herunterladen <strong>10 Tage lang nach Lieferung <\/strong>bereitgestellt.<\/li>\n<\/ul>\n<p><strong>Begleitmaterialien:<\/strong><\/p>\n<ul>\n<li>1 Fragebogen und 1 Bogen mit L\u00f6sungen: z. B. zur Namensvererbung oder zur Einordnung heutiger Trivialnamen r\u00f6mischer Pers\u00f6nlichkeiten ins antike Namenssystem; zum Weiterdenken, Knobeln und Recherchieren:<br \/>je 1 Seite, Din A4, farbig, auch als Graustufendruck geeignet (2 pdf-Dateien);<br \/><strong>NEU:\u00a0<\/strong>Fragebogen zus\u00e4tzlich als\u00a0<strong>digital ausf\u00fcllbare<\/strong>\u00a0pdf-Datei.<\/li>\n<li>Die Begleitmaterialien werden als <strong>pdf<\/strong>-Dateien zum <strong>maximal dreimaligen<\/strong> Herunterladen <strong>10 Tage lang nach Lieferung <\/strong>bereitgestellt.<\/li>\n<\/ul>\n<p><strong><br \/>Verwendung:<\/strong><\/p>\n<ul>\n<li>Kernunterricht Latein<\/li>\n<li>Vertretungsstunden, Freistunden, auch (z. B. nachmitt\u00e4gliche) Zeitspannen in Ganztagsschulen<\/li>\n<li>Latein-AG<\/li>\n<\/ul>\n<p>\u00a0<\/p>\n<h3><span style=\"color: #990000;\">Herstellerinformationen<\/span><\/h3>\n<p><img loading=\"lazy\" decoding=\"async\" class=\"alignnone size-full wp-image-6640\" src=\"https:\/\/www.lust-auf-rom.de\/wordpress\/wp-content\/uploads\/2024\/12\/Hersteller.png\" alt=\"\" width=\"267\" height=\"122\" \/><\/p>\n<p>[\/et_pb_text][\/et_pb_column][\/et_pb_row][\/et_pb_section]<\/p>\n<span class=\"et_bloom_bottom_trigger\"><\/span>","protected":false},"excerpt":{"rendered":"<p>Film-Rundumpaket Nomen est omen (Das r\u00f6mische Namenssystem) I+ Film-Rundumpaket Nomen est omen (Das r\u00f6mische Namenssystem) II\u00a0Teile 1 und 2 der Filmreihe \u201eNomen est omen\u201c, welche das Namenssystem der R\u00f6mer erkl\u00e4rt und das Nachwirken lateinischer Personennamen bis zum heutigen Tag.Film Nomen est omen (Das r\u00f6mische Namenssystem) I:Vorschau:<div style=\"width: 512px;\" class=\"wp-video\"><video class=\"wp-video-shortcode\" id=\"video-3140-3\" width=\"512\" height=\"288\" preload=\"metadata\" controls=\"controls\"><source type=\"video\/mp4\" src=\"https:\/\/www.lust-auf-rom.de\/wordpress\/wp-content\/uploads\/2019\/01\/nomen-1_trailer.mp4?_=3\" \/><a href=\"https:\/\/www.lust-auf-rom.de\/wordpress\/wp-content\/uploads\/2019\/01\/nomen-1_trailer.mp4\">https:\/\/www.lust-auf-rom.de\/wordpress\/wp-content\/uploads\/2019\/01\/nomen-1_trailer.mp4<\/a><\/video><\/div>\u00a0Von den Anf\u00e4ngen bis zum Beginn der [&hellip;]<\/p>\n","protected":false},"featured_media":3141,"template":"","meta":{"_et_pb_use_builder":"on","_et_pb_old_content":"<h3><\/h3>\r\n<h3><span style=\"color: #990000\">Poster-Rundumpaket Gaius Iulius Caesar, Commentarii de bello Gallico<\/span><\/h3>\r\n<h3><span style=\"color: #990000\"><strong>+ <\/strong><\/span><\/h3>\r\n<h3><span style=\"color: #990000\">Filme-Rundumpaket Gaius Iulius Caesar, Commentarii de bello Gallico<\/span><\/h3>\r\n<strong>Poster Gaius Iulius Caesar, Commentarii de bello Gallico:<\/strong>\r\n<ul>\r\n \t<li>Visualisiert den Text Gaius Iulius Caesar, Commentarii de bello Gallico 1, 1, 1-4 auf einer Karte mit den von Caesar genannten V\u00f6lkerschaften und Fl\u00fcssen.\r\nZu Seiten der Karte der lateinische Text in Sinnabschnitten.\r\nIn die Karte sind Zahlen eingetragen, die einzelnen S\u00e4tzen und Begriffen im Text entsprechen und dort ebenfalls eingesetzt sind.<\/li>\r\n \t<li>Din A1, 160g\/m\u00b2, farbig<\/li>\r\n \t<li><strong>Postversand<\/strong> (gerollt)<\/li>\r\n<\/ul>\r\n<strong>Begleitmaterialien:<\/strong>\r\n<ul>\r\n \t<li>Posterbild mit L\u00fccken im lateinischen Text und bei den Zahlen (Din A4, farbig, auch als Graustufendruck geeignet)<\/li>\r\n \t<li>Fragebogen und Bogen mit L\u00f6sungen (je 1 Seite, Din A4, farbig, auch als Graustufendruck geeignet)<\/li>\r\n \t<li>Die Begleitmaterialien werden als <strong>pdf<\/strong>-Dateien zum <strong>dreimaligen <\/strong>Herunterladen <strong>10 Tage lang nach <\/strong><strong>Lieferung <\/strong>bereitgestellt.<\/li>\r\n<\/ul>\r\n<strong>Filme Gaius Iulius Caesar, Commentarii de bello Gallico:\r\n<\/strong>\r\n\r\nVorschau:\r\n\r\n[video poster=\"https:\/\/www.lust-auf-rom.de\/wordpress\/wp-content\/uploads\/2018\/06\/bellum-gallicum_schnappschuss-muster_brigitte-graef.jpg\" width=\"512\" height=\"288\" mp4=\"https:\/\/www.lust-auf-rom.de\/wordpress\/wp-content\/uploads\/2018\/05\/bellum-gallicum-mix_2018-05-14_mit-wasserzeichen.mp4\"][\/video]\r\n<ul>\r\n \t<li>Visualisierung des Textes Gaius Iulius Caesar, Commentarii de bello Gallico 1, 1, 1-4.<\/li>\r\n \t<li>4 Filme:\r\n1.) nur mit Musik (Dauer. 2:12 Minuten)\r\n2.) mit Musik und gesprochenem lateinischen Text (Dauer. 2:50 Minuten)\r\n3.) mit Musik und gesprochener deutscher \u00dcbersetzung (Dauer. 2:27 Minuten)\r\n4.) mit Musik und gesprochenem lateinischen L\u00fcckentext (Dauer. 2:57 Minuten)<\/li>\r\n \t<li>Die Filme werden als <strong>MP4<\/strong>-Dateien zum <strong>maximal dreimaligen <\/strong>Herunterladen <strong>10 Tage lang nach Lieferung <\/strong>bereitgestellt.<\/li>\r\n<\/ul>\r\n<strong>Begleitmaterialien:<\/strong>\r\n<ul>\r\n \t<li>L\u00fcckentext \u2013 entsprechend Film Nr. 4 \u2013 und L\u00fcckentext mit ausgef\u00fcllten Feldern (jeweils Din A4, farbig, auch als Graustufendruck geeignet)<\/li>\r\n \t<li>Die Begleitmaterialien werden als <strong>pdf<\/strong>-Dateien zum <strong>maximal dreimaligen<\/strong> Herunterladen <strong>10 Tage lang nach Lieferung <\/strong>bereitgestellt.<\/li>\r\n<\/ul>\r\n<strong>Verwendung:<\/strong>\r\n<ul>\r\n \t<li>Kernunterricht Latein \/ Geschichte<\/li>\r\n \t<li>Vertretungsstunden, Freistunden, auch (z. B. nachmitt\u00e4gliche) Zeitspannen in Ganztagsschulen<\/li>\r\n \t<li>Latein-AG<\/li>\r\n \t<li>Geschichte-AG<\/li>\r\n<\/ul>","_et_gb_content_width":""},"product_brand":[],"product_cat":[83,93],"product_tag":[76,104,96,77,92,71],"class_list":{"0":"post-3140","1":"product","2":"type-product","3":"status-publish","4":"has-post-thumbnail","6":"product_cat-sparpakete","7":"product_cat-sparpakete-filme","8":"product_tag-allgemeinbildung","9":"product_tag-alltag","10":"product_tag-augusteische-zeit","11":"product_tag-etymologie","12":"product_tag-roemische-kaiserzeit","13":"product_tag-roemische-republik","15":"first","16":"instock","17":"sale","18":"downloadable","19":"virtual","20":"purchasable","21":"product-type-simple"},"_links":{"self":[{"href":"https:\/\/www.lust-auf-rom.de\/wordpress\/wp-json\/wp\/v2\/product\/3140","targetHints":{"allow":["GET"]}}],"collection":[{"href":"https:\/\/www.lust-auf-rom.de\/wordpress\/wp-json\/wp\/v2\/product"}],"about":[{"href":"https:\/\/www.lust-auf-rom.de\/wordpress\/wp-json\/wp\/v2\/types\/product"}],"wp:featuredmedia":[{"embeddable":true,"href":"https:\/\/www.lust-auf-rom.de\/wordpress\/wp-json\/wp\/v2\/media\/3141"}],"wp:attachment":[{"href":"https:\/\/www.lust-auf-rom.de\/wordpress\/wp-json\/wp\/v2\/media?parent=3140"}],"wp:term":[{"taxonomy":"product_brand","embeddable":true,"href":"https:\/\/www.lust-auf-rom.de\/wordpress\/wp-json\/wp\/v2\/product_brand?post=3140"},{"taxonomy":"product_cat","embeddable":true,"href":"https:\/\/www.lust-auf-rom.de\/wordpress\/wp-json\/wp\/v2\/product_cat?post=3140"},{"taxonomy":"product_tag","embeddable":true,"href":"https:\/\/www.lust-auf-rom.de\/wordpress\/wp-json\/wp\/v2\/product_tag?post=3140"}],"curies":[{"name":"wp","href":"https:\/\/api.w.org\/{rel}","templated":true}]}}