{"id":3024,"date":"2019-04-09T09:07:01","date_gmt":"2019-04-09T09:07:01","guid":{"rendered":"https:\/\/www.lust-auf-rom.de\/wordpress\/?post_type=product&#038;p=3024"},"modified":"2024-12-09T17:19:19","modified_gmt":"2024-12-09T16:19:19","slug":"der-trojanische-krieg-xl-poster-rundumpaket","status":"publish","type":"product","link":"https:\/\/www.lust-auf-rom.de\/wordpress\/produkt\/der-trojanische-krieg-xl-poster-rundumpaket\/","title":{"rendered":"Der Trojanische Krieg: Poster-Rundumpaket (Tyvek\u00ae, 180 cm breit!)"},"content":{"rendered":"<p>[et_pb_section bb_built=&#8220;1&#8243; _builder_version=&#8220;3.17.3&#8243; custom_margin=&#8220;0px||0px|&#8220; custom_padding=&#8220;0px||0px|&#8220; inner_width=&#8220;auto&#8220; inner_max_width=&#8220;none&#8220;][et_pb_row _builder_version=&#8220;3.17.3&#8243; custom_margin=&#8220;||0px|&#8220; custom_padding=&#8220;||0px|&#8220; width=&#8220;80%&#8220; max_width=&#8220;1080px&#8220;][et_pb_column type=&#8220;4_4&#8243; custom_padding__hover=&#8220;|||&#8220; custom_padding=&#8220;||0px|&#8220;][et_pb_text _builder_version=&#8220;4.27.4&#8243; custom_margin=&#8220;0px||0px|&#8220; custom_padding=&#8220;0px||0px|&#8220; text_text_shadow_horizontal_length=&#8220;text_text_shadow_style,%91object Object%93&#8243; text_text_shadow_vertical_length=&#8220;text_text_shadow_style,%91object Object%93&#8243; text_text_shadow_blur_strength=&#8220;text_text_shadow_style,%91object Object%93&#8243; link_text_shadow_horizontal_length=&#8220;link_text_shadow_style,%91object Object%93&#8243; link_text_shadow_vertical_length=&#8220;link_text_shadow_style,%91object Object%93&#8243; link_text_shadow_blur_strength=&#8220;link_text_shadow_style,%91object Object%93&#8243; ul_text_shadow_horizontal_length=&#8220;ul_text_shadow_style,%91object Object%93&#8243; ul_text_shadow_vertical_length=&#8220;ul_text_shadow_style,%91object Object%93&#8243; ul_text_shadow_blur_strength=&#8220;ul_text_shadow_style,%91object Object%93&#8243; ol_text_shadow_horizontal_length=&#8220;ol_text_shadow_style,%91object Object%93&#8243; ol_text_shadow_vertical_length=&#8220;ol_text_shadow_style,%91object Object%93&#8243; ol_text_shadow_blur_strength=&#8220;ol_text_shadow_style,%91object Object%93&#8243; quote_text_shadow_horizontal_length=&#8220;quote_text_shadow_style,%91object Object%93&#8243; quote_text_shadow_vertical_length=&#8220;quote_text_shadow_style,%91object Object%93&#8243; quote_text_shadow_blur_strength=&#8220;quote_text_shadow_style,%91object Object%93&#8243; header_text_shadow_horizontal_length=&#8220;header_text_shadow_style,%91object Object%93&#8243; header_text_shadow_vertical_length=&#8220;header_text_shadow_style,%91object Object%93&#8243; header_text_shadow_blur_strength=&#8220;header_text_shadow_style,%91object Object%93&#8243; header_2_text_shadow_horizontal_length=&#8220;header_2_text_shadow_style,%91object Object%93&#8243; header_2_text_shadow_vertical_length=&#8220;header_2_text_shadow_style,%91object Object%93&#8243; header_2_text_shadow_blur_strength=&#8220;header_2_text_shadow_style,%91object Object%93&#8243; header_3_text_shadow_horizontal_length=&#8220;header_3_text_shadow_style,%91object Object%93&#8243; header_3_text_shadow_vertical_length=&#8220;header_3_text_shadow_style,%91object Object%93&#8243; header_3_text_shadow_blur_strength=&#8220;header_3_text_shadow_style,%91object Object%93&#8243; header_4_text_shadow_horizontal_length=&#8220;header_4_text_shadow_style,%91object Object%93&#8243; header_4_text_shadow_vertical_length=&#8220;header_4_text_shadow_style,%91object Object%93&#8243; header_4_text_shadow_blur_strength=&#8220;header_4_text_shadow_style,%91object Object%93&#8243; header_5_text_shadow_horizontal_length=&#8220;header_5_text_shadow_style,%91object Object%93&#8243; header_5_text_shadow_vertical_length=&#8220;header_5_text_shadow_style,%91object Object%93&#8243; header_5_text_shadow_blur_strength=&#8220;header_5_text_shadow_style,%91object Object%93&#8243; header_6_text_shadow_horizontal_length=&#8220;header_6_text_shadow_style,%91object Object%93&#8243; header_6_text_shadow_vertical_length=&#8220;header_6_text_shadow_style,%91object Object%93&#8243; header_6_text_shadow_blur_strength=&#8220;header_6_text_shadow_style,%91object Object%93&#8243; z_index_tablet=&#8220;500&#8243; box_shadow_horizontal_tablet=&#8220;0px&#8220; box_shadow_vertical_tablet=&#8220;0px&#8220; box_shadow_blur_tablet=&#8220;40px&#8220; box_shadow_spread_tablet=&#8220;0px&#8220; vertical_offset_tablet=&#8220;0&#8243; horizontal_offset_tablet=&#8220;0&#8243; background_pattern_color=&#8220;rgba(0,0,0,0.2)&#8220; background_mask_color=&#8220;#ffffff&#8220;]<\/p>\n<p>Wer kennt sie nicht: die sch\u00f6ne Helena, den Zankapfel der Eris, die Ferse des Achill, das trojanische Pferd? Wer h\u00e4tte noch nie etwas vom spektakul\u00e4ren Schatz des Priamos geh\u00f6rt oder vom gro\u00dfen Dichter Homer? Episoden aus dem trojanischen Sagenkreis tauchen nicht nur im Griechisch-, sondern auch im Lateinunterricht schlaglichtartig immer wieder auf. Wenn sich diese Schlaglichter in ein gut ausgeleuchtetes Gesamtbild einf\u00fcgen sollen, dann sollten Sie \u00fcber die Anschaffung dieses Posters nicht l\u00e4nger nachdenken: \u00dcbersichtlich, anschaulich und mit dem einen oder anderen Augenzwinkern ordnet es die Hauptprotagonisten und -g\u00f6tter der griechischen oder trojanischen Seite zu, lokalisiert die wichtigsten St\u00e4dte auf einer einfachen Karte und &#8222;erz\u00e4hlt&#8220; die wesentlichen Episoden aus dem Trojanischen Sagenkreis nach. Dabei erleichtert die farbliche Unterscheidung zwischen der griechischen und der trojanischen Seite die Zuordnung von Personen und Geschehnissen.<br \/>Die Einteilung in Vorgeschichte, Trojanischen Krieg und die Folgeereignisse der Irrfahrten des Odysseus und des Aeneas bringt Systematik in den Verlauf. Zugleich macht die Markierung der Ereignisse, welche den Epen Homers und Vergils zugrundeliegen, die Einordnung dieser bedeutenden literarischen Werke in die Mythenwelt auf einen Blick erfassbar.<\/p>\n<p>Der epischen L\u00e4nge angemessen<strong> im Gro\u00dfformat von 180 cm Breite<\/strong><strong>!<\/strong><\/p>\n<p><strong>Poster:<\/strong><\/p>\n<ul>\n<li>Visualisiert die wesentlichen Episoden und Schaupl\u00e4tze des trojanischen Sagenkreises, die Hauptprotagonisten und -g\u00f6tter auf griechischer und trojanischer Seite, weist auf Odyssee und Aeneis hin und ordnet den Stoff den Epen Homers und Vergils zu.<\/li>\n<li>59,4 x 180 cm, aus\u00a0<strong>Tyvek\u00ae<\/strong> (zu den Materialeigenschaften s. <a href=\"https:\/\/www.lust-auf-rom.de\/wordpress\/poster-aus-tyvek\/\" target=\"_blank\" rel=\"noopener\">hier<\/a>)<\/li>\n<li><strong>Postversand<\/strong> (gerollt)<\/li>\n<\/ul>\n<p><strong>Begleitmaterialien:<\/strong><\/p>\n<ul>\n<li>3 Posterbilder mit L\u00fcckentext und 3 Bilder mit L\u00f6sungen: je 1 Seite, Din A4, farbig, auch als Graustufendruck geeignet: Seite 1: Karte und Vorgeschichte Seite 2: Verlauf des Trojanischen Krieges Seite 3: Folgeereignisse und Protagonisten auf griechischer bzw. trojanischer Seite (6 pdf-Dateien);<br \/><strong>NEU:<\/strong> Posterbilder mit L\u00fcckentext zus\u00e4tzlich als <strong>digital ausf\u00fcllbare<\/strong> pdf-Dateien (3 pdf-Dateien). (Demo-Video <a href=\"https:\/\/www.lust-auf-rom.de\/wordpress\/wp-content\/uploads\/2021\/09\/Digital_ausfuellbares_Begleitmaterial_Brigitte-Graef.mp4\" target=\"_blank\" rel=\"noopener noreferrer\">hier<\/a>)<\/li>\n<li>Fragebogen und Bogen mit L\u00f6sungen: je 1 Seite, Din A4, farbig, auch als Graustufendruck geeignet (2 pdf-Dateien);<br \/><strong>NEU: <\/strong>Fragebogen zus\u00e4tzlich als <strong>digital ausf\u00fcllbare<\/strong> pdf-Datei. (Demo-Video <a href=\"https:\/\/www.lust-auf-rom.de\/wordpress\/wp-content\/uploads\/2021\/09\/Digital_ausfuellbares_Begleitmaterial_Brigitte-Graef.mp4\" target=\"_blank\" rel=\"noopener noreferrer\">hier<\/a>)<\/li>\n<li>Die Begleitmaterialien werden als <strong>pdf<\/strong>-Dateien zum <strong>dreimaligen <\/strong>Herunterladen <strong>10 Tage lang nach <\/strong><strong>Lieferung <\/strong>bereitgestellt.<\/li>\n<\/ul>\n<p><strong>Verwendung:<\/strong><\/p>\n<ul>\n<li>Kernunterricht Latein \/ Griechisch \/ Geschichte<\/li>\n<li>Vertretungsstunden, Freistunden, auch (z. B. nachmitt\u00e4gliche) Zeitspannen in Ganztagsschulen<\/li>\n<li>Latein-AG<\/li>\n<li>Griechisch-AG<\/li>\n<li>Geschichte-AG<\/li>\n<\/ul>\n<p>\u00a0<\/p>\n<h3><span style=\"color: #990000;\">Herstellerinformationen<\/span><\/h3>\n<p><img loading=\"lazy\" decoding=\"async\" class=\"alignnone size-full wp-image-6640\" src=\"https:\/\/www.lust-auf-rom.de\/wordpress\/wp-content\/uploads\/2024\/12\/Hersteller.png\" alt=\"\" width=\"267\" height=\"122\" \/><\/p>\n<p>[\/et_pb_text][\/et_pb_column][\/et_pb_row][\/et_pb_section]<\/p>\n<span class=\"et_bloom_bottom_trigger\"><\/span>","protected":false},"excerpt":{"rendered":"<p>Wer kennt sie nicht: die sch\u00f6ne Helena, den Zankapfel der Eris, die Ferse des Achill, das trojanische Pferd? Wer h\u00e4tte noch nie etwas vom spektakul\u00e4ren Schatz des Priamos geh\u00f6rt oder vom gro\u00dfen Dichter Homer? Episoden aus dem trojanischen Sagenkreis tauchen nicht nur im Griechisch-, sondern auch im Lateinunterricht schlaglichtartig immer wieder auf. Wenn sich diese [&hellip;]<\/p>\n","protected":false},"featured_media":3030,"template":"","meta":{"_et_pb_use_builder":"on","_et_pb_old_content":"","_et_gb_content_width":""},"product_brand":[],"product_cat":[52],"product_tag":[166,73,68,190],"class_list":{"0":"post-3024","1":"product","2":"type-product","3":"status-publish","4":"has-post-thumbnail","6":"product_cat-poster","7":"product_tag-griechen","8":"product_tag-lektuere","9":"product_tag-religion-und-mythos","10":"product_tag-vergil","12":"first","13":"instock","14":"downloadable","15":"shipping-taxable","16":"purchasable","17":"product-type-simple"},"_links":{"self":[{"href":"https:\/\/www.lust-auf-rom.de\/wordpress\/wp-json\/wp\/v2\/product\/3024","targetHints":{"allow":["GET"]}}],"collection":[{"href":"https:\/\/www.lust-auf-rom.de\/wordpress\/wp-json\/wp\/v2\/product"}],"about":[{"href":"https:\/\/www.lust-auf-rom.de\/wordpress\/wp-json\/wp\/v2\/types\/product"}],"wp:featuredmedia":[{"embeddable":true,"href":"https:\/\/www.lust-auf-rom.de\/wordpress\/wp-json\/wp\/v2\/media\/3030"}],"wp:attachment":[{"href":"https:\/\/www.lust-auf-rom.de\/wordpress\/wp-json\/wp\/v2\/media?parent=3024"}],"wp:term":[{"taxonomy":"product_brand","embeddable":true,"href":"https:\/\/www.lust-auf-rom.de\/wordpress\/wp-json\/wp\/v2\/product_brand?post=3024"},{"taxonomy":"product_cat","embeddable":true,"href":"https:\/\/www.lust-auf-rom.de\/wordpress\/wp-json\/wp\/v2\/product_cat?post=3024"},{"taxonomy":"product_tag","embeddable":true,"href":"https:\/\/www.lust-auf-rom.de\/wordpress\/wp-json\/wp\/v2\/product_tag?post=3024"}],"curies":[{"name":"wp","href":"https:\/\/api.w.org\/{rel}","templated":true}]}}