{"id":2852,"date":"2019-01-15T12:35:25","date_gmt":"2019-01-15T12:35:25","guid":{"rendered":"https:\/\/www.lust-auf-rom.de\/wordpress\/?post_type=product&#038;p=2852"},"modified":"2024-12-09T17:38:52","modified_gmt":"2024-12-09T16:38:52","slug":"nomen-est-omen-i-film-rundumpaket","status":"publish","type":"product","link":"https:\/\/www.lust-auf-rom.de\/wordpress\/produkt\/nomen-est-omen-i-film-rundumpaket\/","title":{"rendered":"Nomen est omen I (Das r\u00f6mische Namenssystem): Film-Rundumpaket"},"content":{"rendered":"<p>[et_pb_section bb_built=&#8220;1&#8243; _builder_version=&#8220;3.22.4&#8243; custom_margin=&#8220;0px||0px|&#8220; custom_padding=&#8220;0px||0px|&#8220; z_index_tablet=&#8220;500&#8243;][et_pb_row][et_pb_column type=&#8220;4_4&#8243; custom_padding__hover=&#8220;|||&#8220; custom_padding=&#8220;|||&#8220;][et_pb_text _builder_version=&#8220;4.27.4&#8243; text_text_shadow_horizontal_length=&#8220;text_text_shadow_style,%91object Object%93&#8243; text_text_shadow_vertical_length=&#8220;text_text_shadow_style,%91object Object%93&#8243; text_text_shadow_blur_strength=&#8220;text_text_shadow_style,%91object Object%93&#8243; link_text_shadow_horizontal_length=&#8220;link_text_shadow_style,%91object Object%93&#8243; link_text_shadow_vertical_length=&#8220;link_text_shadow_style,%91object Object%93&#8243; link_text_shadow_blur_strength=&#8220;link_text_shadow_style,%91object Object%93&#8243; ul_text_shadow_horizontal_length=&#8220;ul_text_shadow_style,%91object Object%93&#8243; ul_text_shadow_vertical_length=&#8220;ul_text_shadow_style,%91object Object%93&#8243; ul_text_shadow_blur_strength=&#8220;ul_text_shadow_style,%91object Object%93&#8243; ol_text_shadow_horizontal_length=&#8220;ol_text_shadow_style,%91object Object%93&#8243; ol_text_shadow_vertical_length=&#8220;ol_text_shadow_style,%91object Object%93&#8243; ol_text_shadow_blur_strength=&#8220;ol_text_shadow_style,%91object Object%93&#8243; quote_text_shadow_horizontal_length=&#8220;quote_text_shadow_style,%91object Object%93&#8243; quote_text_shadow_vertical_length=&#8220;quote_text_shadow_style,%91object Object%93&#8243; quote_text_shadow_blur_strength=&#8220;quote_text_shadow_style,%91object Object%93&#8243; header_text_shadow_horizontal_length=&#8220;header_text_shadow_style,%91object Object%93&#8243; header_text_shadow_vertical_length=&#8220;header_text_shadow_style,%91object Object%93&#8243; header_text_shadow_blur_strength=&#8220;header_text_shadow_style,%91object Object%93&#8243; header_2_text_shadow_horizontal_length=&#8220;header_2_text_shadow_style,%91object Object%93&#8243; header_2_text_shadow_vertical_length=&#8220;header_2_text_shadow_style,%91object Object%93&#8243; header_2_text_shadow_blur_strength=&#8220;header_2_text_shadow_style,%91object Object%93&#8243; header_3_text_shadow_horizontal_length=&#8220;header_3_text_shadow_style,%91object Object%93&#8243; header_3_text_shadow_vertical_length=&#8220;header_3_text_shadow_style,%91object Object%93&#8243; header_3_text_shadow_blur_strength=&#8220;header_3_text_shadow_style,%91object Object%93&#8243; header_4_text_shadow_horizontal_length=&#8220;header_4_text_shadow_style,%91object Object%93&#8243; header_4_text_shadow_vertical_length=&#8220;header_4_text_shadow_style,%91object Object%93&#8243; header_4_text_shadow_blur_strength=&#8220;header_4_text_shadow_style,%91object Object%93&#8243; header_5_text_shadow_horizontal_length=&#8220;header_5_text_shadow_style,%91object Object%93&#8243; header_5_text_shadow_vertical_length=&#8220;header_5_text_shadow_style,%91object Object%93&#8243; header_5_text_shadow_blur_strength=&#8220;header_5_text_shadow_style,%91object Object%93&#8243; header_6_text_shadow_horizontal_length=&#8220;header_6_text_shadow_style,%91object Object%93&#8243; header_6_text_shadow_vertical_length=&#8220;header_6_text_shadow_style,%91object Object%93&#8243; header_6_text_shadow_blur_strength=&#8220;header_6_text_shadow_style,%91object Object%93&#8243; z_index_tablet=&#8220;500&#8243; box_shadow_horizontal_tablet=&#8220;0px&#8220; box_shadow_vertical_tablet=&#8220;0px&#8220; box_shadow_blur_tablet=&#8220;40px&#8220; box_shadow_spread_tablet=&#8220;0px&#8220; vertical_offset_tablet=&#8220;0&#8243; horizontal_offset_tablet=&#8220;0&#8243; background_pattern_color=&#8220;rgba(0,0,0,0.2)&#8220; background_mask_color=&#8220;#ffffff&#8220;]<\/p>\n<p>Eine Vielzahl heutiger Namen geht auf die r\u00f6mische Zeit zur\u00fcck &#8211; Ihrer vielleicht ja auch! Selbst wenn Sie nicht Julius oder C\u00e4sar hei\u00dfen, stehen die Chancen daf\u00fcr nicht schlecht. Dabei standen den R\u00f6mern selbst anfangs gar nicht so viele Namen zur Verf\u00fcgung &#8211; rief einer &#8222;Marcus Cornelius!&#8220; drehten sich unter Umst\u00e4nden gleich zehn Leute auf der Stra\u00dfe herum. Namen waren auch bedeutungsvoll und konnten den Status der Person verraten.<\/p>\n<p>Vorschau (bitte ins Bild klicken):<\/p>\n<div style=\"width: 512px;\" class=\"wp-video\"><!--[if lt IE 9]><script>document.createElement('video');<\/script><![endif]-->\n<video class=\"wp-video-shortcode\" id=\"video-2852-1\" width=\"512\" height=\"288\" poster=\"https:\/\/www.lust-auf-rom.de\/wordpress\/wp-content\/uploads\/2018\/05\/namen-1_titelbild_600px.jpg\" preload=\"metadata\" controls=\"controls\"><source type=\"video\/mp4\" src=\"https:\/\/www.lust-auf-rom.de\/wordpress\/wp-content\/uploads\/2019\/01\/nomen-1_trailer.mp4?_=1\" \/><a href=\"https:\/\/www.lust-auf-rom.de\/wordpress\/wp-content\/uploads\/2019\/01\/nomen-1_trailer.mp4\">https:\/\/www.lust-auf-rom.de\/wordpress\/wp-content\/uploads\/2019\/01\/nomen-1_trailer.mp4<\/a><\/video><\/div>\n<p>\u00a0<\/p>\n<p><strong>Film:<\/strong><\/p>\n<ul>\n<li>Teil 1 der Filmreihe \u201eNomen est omen\u201c, welche das Namenssystem der R\u00f6mer erkl\u00e4rt und das Nachwirken lateinischer Personennamen bis zum heutigen Tag.<\/li>\n<li>Von den Anf\u00e4ngen bis zum Beginn der sp\u00e4ten Republik um 100 v. Chr.: nomen und praenomen.<\/li>\n<li>MP4-Format; Dauer: 7.11 Minuten.<\/li>\n<li>Der Film wird als <strong>MP4<\/strong>-Datei zum <strong>maximal dreimaligen <\/strong>Herunterladen <strong>10 Tage lang nach Lieferung <\/strong>bereitgestellt.<\/li>\n<\/ul>\n<p><strong>Begleitmaterialien:<\/strong><\/p>\n<ul>\n<li>1 Fragebogen und 1 Bogen mit L\u00f6sungen: z. B. zu antiken und heutigen Namen (auch verschiedener Nationen) oder zu Verwandtschaftsverh\u00e4ltnissen; zum Weiterdenken, Knobeln und Recherchieren:<br \/>je 1 Seite, Din A4, farbig, auch als Graustufendruck geeignet (2 pdf-Dateien);<br \/>Fragebogen zus\u00e4tzlich als\u00a0<strong>digital ausf\u00fcllbare<\/strong> pdf-Datei. (Demo-Video <a href=\"https:\/\/www.lust-auf-rom.de\/wordpress\/wp-content\/uploads\/2021\/09\/Digital_ausfuellbares_Begleitmaterial_Brigitte-Graef.mp4\" target=\"_blank\" rel=\"noopener noreferrer\">hier<\/a>)<\/li>\n<li>Die Begleitmaterialien werden als <strong>pdf<\/strong>-Dateien zum <strong>maximal dreimaligen<\/strong> Herunterladen <strong>10 Tage lang nach Lieferung <\/strong>bereitgestellt.<\/li>\n<\/ul>\n<p><strong>Verwendung:<\/strong><\/p>\n<ul>\n<li>Kernunterricht Latein<\/li>\n<li>Vertretungsstunden, Freistunden, auch (z. B. nachmitt\u00e4gliche) Zeitspannen in Ganztagsschulen<\/li>\n<li>Latein-AG<\/li>\n<\/ul>\n<p>\u00a0<\/p>\n<h3><span style=\"color: #990000;\">Herstellerinformationen<\/span><\/h3>\n<p><img loading=\"lazy\" decoding=\"async\" class=\"alignnone size-full wp-image-6640\" src=\"https:\/\/www.lust-auf-rom.de\/wordpress\/wp-content\/uploads\/2024\/12\/Hersteller.png\" alt=\"\" width=\"267\" height=\"122\" \/><\/p>\n<p>[\/et_pb_text][\/et_pb_column][\/et_pb_row][\/et_pb_section]<\/p>\n<span class=\"et_bloom_bottom_trigger\"><\/span>","protected":false},"excerpt":{"rendered":"<p><div class=\"et_pb_row et_pb_row_0 et_pb_row_empty\">\n\t\t\t\t\n\t\t\t\t\n\t\t\t\t\n\t\t\t\t\n\t\t\t\t\n\t\t\t<\/div> Eine Vielzahl heutiger Namen geht auf die r\u00f6mische Zeit zur\u00fcck &#8211; Ihrer vielleicht ja auch! Selbst wenn Sie nicht Julius oder C\u00e4sar hei\u00dfen, stehen die Chancen daf\u00fcr nicht schlecht. Dabei standen den R\u00f6mern selbst anfangs gar nicht so viele Namen zur Verf\u00fcgung &#8211; rief einer &#8222;Marcus Cornelius!&#8220; drehten sich unter Umst\u00e4nden gleich zehn Leute [&hellip;]<\/p>\n","protected":false},"featured_media":532,"template":"","meta":{"_et_pb_use_builder":"on","_et_pb_old_content":"Eine Vielzahl heutiger Namen geht auf die r\u00f6mische Zeit zur\u00fcck - Ihrer vielleicht ja auch! Selbst wenn Sie nicht Julius oder C\u00e4sar hei\u00dfen, stehen die Chancen daf\u00fcr nicht schlecht. Dabei standen den R\u00f6mern selbst anfangs gar nicht so viele Namen zur Verf\u00fcgung - rief einer \"Marcus Cornelius!\" drehten sich unter Umst\u00e4nden gleich zehn Leute auf der Stra\u00dfe herum. Namen waren auch bedeutungsvoll und konnten den Status der Person verraten.\r\n\r\nVorschau:\r\n\r\nhttps:\/\/www.lust-auf-rom.de\/wordpress\/wp-content\/uploads\/2019\/01\/nomen-1_trailer.mp4\r\n\r\n<strong>Film:<\/strong>\r\n<ul>\r\n \t<li>Teil 1 der Filmreihe \u201eNomen est omen\u201c, welche das Namenssystem der R\u00f6mer erkl\u00e4rt und das Nachwirken lateinischer Personennamen bis zum heutigen Tag.<\/li>\r\n \t<li>Von den Anf\u00e4ngen bis zum Beginn der sp\u00e4ten Republik um 100 v. Chr.: nomen und praenomen.<\/li>\r\n \t<li>MP4-Format; Dauer: 7.11 Minuten.<\/li>\r\n \t<li>Der Film wird als <strong>MP4<\/strong>-Datei zum <strong>maximal dreimaligen <\/strong>Herunterladen <strong>10 Tage lang nach Lieferung <\/strong>bereitgestellt.<\/li>\r\n<\/ul>\r\n<strong>Begleitmaterialien:<\/strong>\r\n<ul>\r\n \t<li>1 Fragebogen und 1 Bogen mit L\u00f6sungen: z. B. zu antiken und heutigen Namen (auch verschiedener Nationen) oder zu Verwandtschaftsverh\u00e4ltnissen; zum Weiterdenken, Knobeln und Recherchieren\r\n(je 1 Seite, Din A4, farbig, auch als Graustufendruck geeignet)<\/li>\r\n \t<li>Die 2 Bogen werden als <strong>pdf<\/strong>-Dateien zum <strong>maximal dreimaligen<\/strong> Herunterladen <strong>10 Tage lang nach Lieferung <\/strong>bereitgestellt.<\/li>\r\n<\/ul>\r\n<strong>Verwendung:<\/strong>\r\n<ul>\r\n \t<li>Kernunterricht Latein<\/li>\r\n \t<li>Vertretungsstunden, Freistunden, auch (z. B. nachmitt\u00e4gliche) Zeitspannen in Ganztagsschulen<\/li>\r\n \t<li>Latein-AG<\/li>\r\n<\/ul>","_et_gb_content_width":""},"product_brand":[],"product_cat":[53],"product_tag":[76,104,77,71],"class_list":{"0":"post-2852","1":"product","2":"type-product","3":"status-publish","4":"has-post-thumbnail","6":"product_cat-filme","7":"product_tag-allgemeinbildung","8":"product_tag-alltag","9":"product_tag-etymologie","10":"product_tag-roemische-republik","12":"first","13":"instock","14":"downloadable","15":"virtual","16":"purchasable","17":"product-type-simple"},"_links":{"self":[{"href":"https:\/\/www.lust-auf-rom.de\/wordpress\/wp-json\/wp\/v2\/product\/2852","targetHints":{"allow":["GET"]}}],"collection":[{"href":"https:\/\/www.lust-auf-rom.de\/wordpress\/wp-json\/wp\/v2\/product"}],"about":[{"href":"https:\/\/www.lust-auf-rom.de\/wordpress\/wp-json\/wp\/v2\/types\/product"}],"wp:featuredmedia":[{"embeddable":true,"href":"https:\/\/www.lust-auf-rom.de\/wordpress\/wp-json\/wp\/v2\/media\/532"}],"wp:attachment":[{"href":"https:\/\/www.lust-auf-rom.de\/wordpress\/wp-json\/wp\/v2\/media?parent=2852"}],"wp:term":[{"taxonomy":"product_brand","embeddable":true,"href":"https:\/\/www.lust-auf-rom.de\/wordpress\/wp-json\/wp\/v2\/product_brand?post=2852"},{"taxonomy":"product_cat","embeddable":true,"href":"https:\/\/www.lust-auf-rom.de\/wordpress\/wp-json\/wp\/v2\/product_cat?post=2852"},{"taxonomy":"product_tag","embeddable":true,"href":"https:\/\/www.lust-auf-rom.de\/wordpress\/wp-json\/wp\/v2\/product_tag?post=2852"}],"curies":[{"name":"wp","href":"https:\/\/api.w.org\/{rel}","templated":true}]}}