{"id":2691,"date":"2018-11-09T09:53:20","date_gmt":"2018-11-09T09:53:20","guid":{"rendered":"https:\/\/www.lust-auf-rom.de\/wordpress\/?post_type=product&#038;p=2691"},"modified":"2024-12-10T09:44:32","modified_gmt":"2024-12-10T08:44:32","slug":"kartenspiele-pronomina-5er-set","status":"publish","type":"product","link":"https:\/\/www.lust-auf-rom.de\/wordpress\/produkt\/kartenspiele-pronomina-5er-set\/","title":{"rendered":"Kartenspiele Pronomina: 5er-Set"},"content":{"rendered":"<p>[et_pb_section bb_built=&#8220;1&#8243; _builder_version=&#8220;3.0.47&#8243; custom_padding=&#8220;0|0px|0|0px|false|false&#8220; inner_width=&#8220;auto&#8220; inner_max_width=&#8220;1080px&#8220;][et_pb_row _builder_version=&#8220;3.0.48&#8243; background_size=&#8220;initial&#8220; background_position=&#8220;top_left&#8220; background_repeat=&#8220;repeat&#8220; custom_padding=&#8220;27px|0px|0|0px|false|false&#8220; width=&#8220;80%&#8220; max_width=&#8220;1080px&#8220;][et_pb_column type=&#8220;4_4&#8243; _builder_version=&#8220;3.0.47&#8243; parallax=&#8220;off&#8220; parallax_method=&#8220;on&#8220; custom_padding__hover=&#8220;|||&#8220; custom_padding=&#8220;|||&#8220;][et_pb_text _builder_version=&#8220;4.27.4&#8243; background_pattern_color=&#8220;rgba(0,0,0,0.2)&#8220; background_mask_color=&#8220;#ffffff&#8220; text_text_shadow_horizontal_length=&#8220;text_text_shadow_style,%91object Object%93&#8243; text_text_shadow_horizontal_length_tablet=&#8220;0px&#8220; text_text_shadow_vertical_length=&#8220;text_text_shadow_style,%91object Object%93&#8243; text_text_shadow_vertical_length_tablet=&#8220;0px&#8220; text_text_shadow_blur_strength=&#8220;text_text_shadow_style,%91object Object%93&#8243; text_text_shadow_blur_strength_tablet=&#8220;1px&#8220; link_text_shadow_horizontal_length=&#8220;link_text_shadow_style,%91object Object%93&#8243; link_text_shadow_horizontal_length_tablet=&#8220;0px&#8220; link_text_shadow_vertical_length=&#8220;link_text_shadow_style,%91object Object%93&#8243; link_text_shadow_vertical_length_tablet=&#8220;0px&#8220; link_text_shadow_blur_strength=&#8220;link_text_shadow_style,%91object Object%93&#8243; link_text_shadow_blur_strength_tablet=&#8220;1px&#8220; ul_text_shadow_horizontal_length=&#8220;ul_text_shadow_style,%91object Object%93&#8243; ul_text_shadow_horizontal_length_tablet=&#8220;0px&#8220; ul_text_shadow_vertical_length=&#8220;ul_text_shadow_style,%91object Object%93&#8243; ul_text_shadow_vertical_length_tablet=&#8220;0px&#8220; ul_text_shadow_blur_strength=&#8220;ul_text_shadow_style,%91object Object%93&#8243; ul_text_shadow_blur_strength_tablet=&#8220;1px&#8220; ol_text_shadow_horizontal_length=&#8220;ol_text_shadow_style,%91object Object%93&#8243; ol_text_shadow_horizontal_length_tablet=&#8220;0px&#8220; ol_text_shadow_vertical_length=&#8220;ol_text_shadow_style,%91object Object%93&#8243; ol_text_shadow_vertical_length_tablet=&#8220;0px&#8220; ol_text_shadow_blur_strength=&#8220;ol_text_shadow_style,%91object Object%93&#8243; ol_text_shadow_blur_strength_tablet=&#8220;1px&#8220; quote_text_shadow_horizontal_length=&#8220;quote_text_shadow_style,%91object Object%93&#8243; quote_text_shadow_horizontal_length_tablet=&#8220;0px&#8220; quote_text_shadow_vertical_length=&#8220;quote_text_shadow_style,%91object Object%93&#8243; quote_text_shadow_vertical_length_tablet=&#8220;0px&#8220; quote_text_shadow_blur_strength=&#8220;quote_text_shadow_style,%91object Object%93&#8243; quote_text_shadow_blur_strength_tablet=&#8220;1px&#8220; header_text_shadow_horizontal_length=&#8220;header_text_shadow_style,%91object Object%93&#8243; header_text_shadow_horizontal_length_tablet=&#8220;0px&#8220; header_text_shadow_vertical_length=&#8220;header_text_shadow_style,%91object Object%93&#8243; header_text_shadow_vertical_length_tablet=&#8220;0px&#8220; header_text_shadow_blur_strength=&#8220;header_text_shadow_style,%91object Object%93&#8243; header_text_shadow_blur_strength_tablet=&#8220;1px&#8220; header_2_text_shadow_horizontal_length=&#8220;header_2_text_shadow_style,%91object Object%93&#8243; header_2_text_shadow_horizontal_length_tablet=&#8220;0px&#8220; header_2_text_shadow_vertical_length=&#8220;header_2_text_shadow_style,%91object Object%93&#8243; header_2_text_shadow_vertical_length_tablet=&#8220;0px&#8220; header_2_text_shadow_blur_strength=&#8220;header_2_text_shadow_style,%91object Object%93&#8243; header_2_text_shadow_blur_strength_tablet=&#8220;1px&#8220; header_3_text_shadow_horizontal_length=&#8220;header_3_text_shadow_style,%91object Object%93&#8243; header_3_text_shadow_horizontal_length_tablet=&#8220;0px&#8220; header_3_text_shadow_vertical_length=&#8220;header_3_text_shadow_style,%91object Object%93&#8243; header_3_text_shadow_vertical_length_tablet=&#8220;0px&#8220; header_3_text_shadow_blur_strength=&#8220;header_3_text_shadow_style,%91object Object%93&#8243; header_3_text_shadow_blur_strength_tablet=&#8220;1px&#8220; header_4_text_shadow_horizontal_length=&#8220;header_4_text_shadow_style,%91object Object%93&#8243; header_4_text_shadow_horizontal_length_tablet=&#8220;0px&#8220; header_4_text_shadow_vertical_length=&#8220;header_4_text_shadow_style,%91object Object%93&#8243; header_4_text_shadow_vertical_length_tablet=&#8220;0px&#8220; header_4_text_shadow_blur_strength=&#8220;header_4_text_shadow_style,%91object Object%93&#8243; header_4_text_shadow_blur_strength_tablet=&#8220;1px&#8220; header_5_text_shadow_horizontal_length=&#8220;header_5_text_shadow_style,%91object Object%93&#8243; header_5_text_shadow_horizontal_length_tablet=&#8220;0px&#8220; header_5_text_shadow_vertical_length=&#8220;header_5_text_shadow_style,%91object Object%93&#8243; header_5_text_shadow_vertical_length_tablet=&#8220;0px&#8220; header_5_text_shadow_blur_strength=&#8220;header_5_text_shadow_style,%91object Object%93&#8243; header_5_text_shadow_blur_strength_tablet=&#8220;1px&#8220; header_6_text_shadow_horizontal_length=&#8220;header_6_text_shadow_style,%91object Object%93&#8243; header_6_text_shadow_horizontal_length_tablet=&#8220;0px&#8220; header_6_text_shadow_vertical_length=&#8220;header_6_text_shadow_style,%91object Object%93&#8243; header_6_text_shadow_vertical_length_tablet=&#8220;0px&#8220; header_6_text_shadow_blur_strength=&#8220;header_6_text_shadow_style,%91object Object%93&#8243; header_6_text_shadow_blur_strength_tablet=&#8220;1px&#8220; box_shadow_horizontal_tablet=&#8220;0px&#8220; box_shadow_vertical_tablet=&#8220;0px&#8220; box_shadow_blur_tablet=&#8220;40px&#8220; box_shadow_spread_tablet=&#8220;0px&#8220; vertical_offset_tablet=&#8220;0&#8243; horizontal_offset_tablet=&#8220;0&#8243; z_index_tablet=&#8220;0&#8243;]<\/p>\n<p>Kein Sch\u00fcler kommt ums Formenlernen herum. Daf\u00fcr, dass das Gelernte auch wiederholt und variantenreich ge\u00fcbt wird, sorgen die Kartenspiele zu vier wichtigen Demonstrativpronomina und dem Relativpronomen qui &#8211; quae &#8211; quod. Jeder kommt an die Reihe und muss auf diese Weise aktiv mitdenken. Es ergeben sich st\u00e4ndig neue Konstellationen in den &#8222;Abfragen&#8220;. Zugleich machen die Spiele Spa\u00df, weil sie ein ungewohntes Lernformat bieten, die Pr\u00fcfungssituation vermeiden und mit etwas Gl\u00fcck auch einmal ein schw\u00e4cherer Sch\u00fcler vorne liegen kann.\u00a0<\/p>\n<p><strong>Kartenspiel f\u00fcr 2 bis 5 Spieler:<\/strong><\/p>\n<ul>\n<li>Spiel zum Ein\u00fcben der Formen des Demonstrativpronomens <strong>is &#8211; ea &#8211; id<\/strong><\/li>\n<li>Inhalt:<br \/>30 Spielkarten entsprechend den 30 lateinischen Formen und je eine Formentabelle f\u00fcr Singular und Plural in einer Klarsichtbox,<br \/>Spielanleitung als Ausdruck (beiliegend) und als pdf-Datei (zum Herunterladen),<\/li>\n<li><strong>Postversand;<br \/><\/strong>die <strong>pdf<\/strong>-Datei wird zum <strong>dreimaligen<\/strong> Herunterladen <strong>10 Tage lang nach ihrer Lieferung<\/strong> bereitgestellt.<br \/>Die Anleitung kann au\u00dferdem <a href=\"https:\/\/www.lust-auf-rom.de\/wordpress\/wp-content\/uploads\/2018\/11\/is-ea-id_spielregeln.pdf\" target=\"_blank\" rel=\"noopener noreferrer\">hier kostenlos heruntergeladen<\/a> werden.<\/li>\n<\/ul>\n<p><strong>Kartenspiel f\u00fcr 2 bis 5 Spieler:<\/strong><\/p>\n<ul>\n<li>Spiel zum Ein\u00fcben der Formen des Demonstrativpronomens <strong>ipse &#8211; ipsa &#8211; ipsum<\/strong><\/li>\n<li>Inhalt:<br \/>30 Spielkarten entsprechend den 30 lateinischen Formen und je eine Formentabelle f\u00fcr Singular und Plural in einer Klarsichtbox,<br \/>Spielanleitung als Ausdruck (beiliegend) und als pdf-Datei (zum Herunterladen),<\/li>\n<li><strong>Postversand;<br \/><\/strong>die <strong>pdf<\/strong>-Datei wird zum <strong>dreimaligen<\/strong> Herunterladen <strong>10 Tage lang nach ihrer Lieferung<\/strong> bereitgestellt.<br \/>Die Anleitung kann au\u00dferdem <a href=\"https:\/\/www.lust-auf-rom.de\/wordpress\/wp-content\/uploads\/2018\/11\/ipse-ipsa-ipsum_spielregeln.pdf\" target=\"_blank\" rel=\"noopener noreferrer\">hier kostenlos heruntergeladen<\/a> werden.<\/li>\n<\/ul>\n<p><strong>Kartenspiel f\u00fcr 2 bis 5 Spieler:<\/strong><\/p>\n<ul>\n<li>Spiel zum Ein\u00fcben der Formen des Demonstrativpronomens <strong>hic, haec, hoc<\/strong><\/li>\n<li>Inhalt:<br \/>30 Spielkarten entsprechend den 30 lateinischen Formen und je eine Formentabelle f\u00fcr Singular und Plural in einer Klarsichtbox,<br \/>Spielanleitung als Ausdruck (beiliegend) und als pdf-Datei (zum Herunterladen),<\/li>\n<li><strong>Postversand;<br \/><\/strong>die <strong>pdf<\/strong>-Datei wird zum <strong>dreimaligen<\/strong> Herunterladen <strong>10 Tage lang nach ihrer Lieferung<\/strong> bereitgestellt.<br \/>Die Anleitung kann au\u00dferdem <a href=\"https:\/\/www.lust-auf-rom.de\/wordpress\/wp-content\/uploads\/2018\/11\/hic-haec-hoc_spielregeln.pdf\" target=\"_blank\" rel=\"noopener noreferrer\">hier kostenlos heruntergeladen<\/a> werden sowie eine zus\u00e4tzliche <a href=\"https:\/\/www.lust-auf-rom.de\/wordpress\/wp-content\/uploads\/2018\/08\/hic-haec-hoc_formentabelle.pdf\" target=\"_blank\" rel=\"noopener noreferrer\">Formentabelle<\/a>.<\/li>\n<\/ul>\n<p><strong>Kartenspiel f\u00fcr 2 bis 5 Spieler:<\/strong><\/p>\n<ul>\n<li>Spiel zum Ein\u00fcben der Formen des Demonstrativpronomens <strong>ille &#8211; illa &#8211; illud<\/strong><\/li>\n<li>Inhalt:<br \/>30 Spielkarten entsprechend den 30 lateinischen Formen und je eine Formentabelle f\u00fcr Singular und Plural in einer Klarsichtbox,<br \/>Spielanleitung als Ausdruck (beiliegend) und als pdf-Datei (zum Herunterladen),<\/li>\n<li><strong>Postversand;<br \/><\/strong>die <strong>pdf<\/strong>-Datei wird zum <strong>dreimaligen<\/strong> Herunterladen <strong>10 Tage lang nach ihrer Lieferung<\/strong> bereitgestellt.<br \/>Die Anleitung kann au\u00dferdem <a href=\"https:\/\/www.lust-auf-rom.de\/wordpress\/wp-content\/uploads\/2018\/11\/ille-illa-illud_spielregeln.pdf\" target=\"_blank\" rel=\"noopener noreferrer\">hier kostenlos heruntergeladen<\/a> werden.<\/li>\n<\/ul>\n<p><strong>Kartenspiel f\u00fcr 2 bis 5 Spieler:<\/strong><\/p>\n<ul>\n<li>Spiel zum Ein\u00fcben der Formen des Relativpronomens <strong>qui &#8211; quae &#8211; quod<\/strong><\/li>\n<li>Inhalt:<br \/>30 Spielkarten entsprechend den 30 lateinischen Formen und je eine Formentabelle f\u00fcr Singular und Plural in einer Klarsichtbox,<br \/>Spielanleitung als Ausdruck (beiliegend) und als pdf-Datei (zum Herunterladen),<\/li>\n<li><strong>Postversand;<br \/><\/strong>die <strong>pdf<\/strong>-Datei wird zum <strong>dreimaligen<\/strong> Herunterladen <strong>10 Tage lang nach ihrer Lieferung<\/strong> bereitgestellt.<br \/>Die Anleitung kann au\u00dferdem <a href=\"https:\/\/www.lust-auf-rom.de\/wordpress\/wp-content\/uploads\/2018\/11\/qui-quae-quod_spielregeln.pdf\" target=\"_blank\" rel=\"noopener noreferrer\">hier kostenlos heruntergeladen<\/a> werden.<\/li>\n<\/ul>\n<p><strong>Verwendung:<\/strong><\/p>\n<ul>\n<li>Kernunterricht Latein<\/li>\n<li>Vertretungsstunden, Freistunden, auch (z. B. nachmitt\u00e4gliche) Zeitspannen in Ganztagsschulen<\/li>\n<li>Latein-AG<\/li>\n<\/ul>\n<p>\u00a0<\/p>\n<h3><span style=\"color: #990000;\">Herstellerinformationen<\/span><\/h3>\n<p><img loading=\"lazy\" decoding=\"async\" class=\"alignnone size-full wp-image-6640\" src=\"https:\/\/www.lust-auf-rom.de\/wordpress\/wp-content\/uploads\/2024\/12\/Hersteller.png\" alt=\"\" width=\"267\" height=\"122\" \/><\/p>\n<p>[\/et_pb_text][\/et_pb_column][\/et_pb_row][\/et_pb_section]<\/p>\n<span class=\"et_bloom_bottom_trigger\"><\/span>","protected":false},"excerpt":{"rendered":"<p>Kein Sch\u00fcler kommt ums Formenlernen herum. Daf\u00fcr, dass das Gelernte auch wiederholt und variantenreich ge\u00fcbt wird, sorgen die Kartenspiele zu vier wichtigen Demonstrativpronomina und dem Relativpronomen qui &#8211; quae &#8211; quod. Jeder kommt an die Reihe und muss auf diese Weise aktiv mitdenken. Es ergeben sich st\u00e4ndig neue Konstellationen in den &#8222;Abfragen&#8220;. Zugleich machen die [&hellip;]<\/p>\n","protected":false},"featured_media":2657,"template":"","meta":{"_et_pb_use_builder":"on","_et_pb_old_content":"","_et_gb_content_width":""},"product_brand":[],"product_cat":[83,87],"product_tag":[79,78],"class_list":{"0":"post-2691","1":"product","2":"type-product","3":"status-publish","4":"has-post-thumbnail","6":"product_cat-sparpakete","7":"product_cat-sparpakete-spiele","8":"product_tag-grammatik","9":"product_tag-latein","11":"first","12":"instock","13":"sale","14":"downloadable","15":"shipping-taxable","16":"purchasable","17":"product-type-simple"},"_links":{"self":[{"href":"https:\/\/www.lust-auf-rom.de\/wordpress\/wp-json\/wp\/v2\/product\/2691","targetHints":{"allow":["GET"]}}],"collection":[{"href":"https:\/\/www.lust-auf-rom.de\/wordpress\/wp-json\/wp\/v2\/product"}],"about":[{"href":"https:\/\/www.lust-auf-rom.de\/wordpress\/wp-json\/wp\/v2\/types\/product"}],"wp:featuredmedia":[{"embeddable":true,"href":"https:\/\/www.lust-auf-rom.de\/wordpress\/wp-json\/wp\/v2\/media\/2657"}],"wp:attachment":[{"href":"https:\/\/www.lust-auf-rom.de\/wordpress\/wp-json\/wp\/v2\/media?parent=2691"}],"wp:term":[{"taxonomy":"product_brand","embeddable":true,"href":"https:\/\/www.lust-auf-rom.de\/wordpress\/wp-json\/wp\/v2\/product_brand?post=2691"},{"taxonomy":"product_cat","embeddable":true,"href":"https:\/\/www.lust-auf-rom.de\/wordpress\/wp-json\/wp\/v2\/product_cat?post=2691"},{"taxonomy":"product_tag","embeddable":true,"href":"https:\/\/www.lust-auf-rom.de\/wordpress\/wp-json\/wp\/v2\/product_tag?post=2691"}],"curies":[{"name":"wp","href":"https:\/\/api.w.org\/{rel}","templated":true}]}}