{"id":1910,"date":"2018-08-13T12:49:00","date_gmt":"2018-08-13T12:49:00","guid":{"rendered":"https:\/\/www.lust-auf-rom.de\/wordpress\/?post_type=product&#038;p=1910"},"modified":"2024-12-09T17:39:12","modified_gmt":"2024-12-09T16:39:12","slug":"p-vergilius-maro-aeneis-film-und-begleitmaterialien","status":"publish","type":"product","link":"https:\/\/www.lust-auf-rom.de\/wordpress\/produkt\/p-vergilius-maro-aeneis-film-und-begleitmaterialien\/","title":{"rendered":"Publius Vergilius Maro, Aeneis: Film-Rundumpaket"},"content":{"rendered":"<p>[et_pb_section bb_built=&#8220;1&#8243; admin_label=&#8220;section&#8220; inner_width_tablet=&#8220;50px&#8220; inner_max_width_tablet=&#8220;50px&#8220; _builder_version=&#8220;3.22.4&#8243; custom_margin=&#8220;0px||0px|&#8220; custom_padding=&#8220;0px||0px|&#8220; z_index_tablet=&#8220;500&#8243;][et_pb_row admin_label=&#8220;row&#8220; background_position=&#8220;top_left&#8220; background_repeat=&#8220;repeat&#8220; background_size=&#8220;initial&#8220; width=&#8220;80%&#8220; max_width=&#8220;1080px&#8220;][et_pb_column type=&#8220;4_4&#8243; custom_padding__hover=&#8220;|||&#8220; custom_padding=&#8220;|||&#8220;][et_pb_text background_position=&#8220;top_left&#8220; background_repeat=&#8220;repeat&#8220; background_size=&#8220;initial&#8220; _builder_version=&#8220;4.27.4&#8243; text_text_shadow_horizontal_length=&#8220;text_text_shadow_style,%91object Object%93&#8243; text_text_shadow_horizontal_length_tablet=&#8220;0px&#8220; text_text_shadow_vertical_length=&#8220;text_text_shadow_style,%91object Object%93&#8243; text_text_shadow_vertical_length_tablet=&#8220;0px&#8220; text_text_shadow_blur_strength=&#8220;text_text_shadow_style,%91object Object%93&#8243; text_text_shadow_blur_strength_tablet=&#8220;1px&#8220; link_text_shadow_horizontal_length=&#8220;link_text_shadow_style,%91object Object%93&#8243; link_text_shadow_horizontal_length_tablet=&#8220;0px&#8220; link_text_shadow_vertical_length=&#8220;link_text_shadow_style,%91object Object%93&#8243; link_text_shadow_vertical_length_tablet=&#8220;0px&#8220; link_text_shadow_blur_strength=&#8220;link_text_shadow_style,%91object Object%93&#8243; link_text_shadow_blur_strength_tablet=&#8220;1px&#8220; ul_text_shadow_horizontal_length=&#8220;ul_text_shadow_style,%91object Object%93&#8243; ul_text_shadow_horizontal_length_tablet=&#8220;0px&#8220; ul_text_shadow_vertical_length=&#8220;ul_text_shadow_style,%91object Object%93&#8243; ul_text_shadow_vertical_length_tablet=&#8220;0px&#8220; ul_text_shadow_blur_strength=&#8220;ul_text_shadow_style,%91object Object%93&#8243; ul_text_shadow_blur_strength_tablet=&#8220;1px&#8220; ol_text_shadow_horizontal_length=&#8220;ol_text_shadow_style,%91object Object%93&#8243; ol_text_shadow_horizontal_length_tablet=&#8220;0px&#8220; ol_text_shadow_vertical_length=&#8220;ol_text_shadow_style,%91object Object%93&#8243; ol_text_shadow_vertical_length_tablet=&#8220;0px&#8220; ol_text_shadow_blur_strength=&#8220;ol_text_shadow_style,%91object Object%93&#8243; ol_text_shadow_blur_strength_tablet=&#8220;1px&#8220; quote_text_shadow_horizontal_length=&#8220;quote_text_shadow_style,%91object Object%93&#8243; quote_text_shadow_horizontal_length_tablet=&#8220;0px&#8220; quote_text_shadow_vertical_length=&#8220;quote_text_shadow_style,%91object Object%93&#8243; quote_text_shadow_vertical_length_tablet=&#8220;0px&#8220; quote_text_shadow_blur_strength=&#8220;quote_text_shadow_style,%91object Object%93&#8243; quote_text_shadow_blur_strength_tablet=&#8220;1px&#8220; header_text_shadow_horizontal_length=&#8220;header_text_shadow_style,%91object Object%93&#8243; header_text_shadow_horizontal_length_tablet=&#8220;0px&#8220; header_text_shadow_vertical_length=&#8220;header_text_shadow_style,%91object Object%93&#8243; header_text_shadow_vertical_length_tablet=&#8220;0px&#8220; header_text_shadow_blur_strength=&#8220;header_text_shadow_style,%91object Object%93&#8243; header_text_shadow_blur_strength_tablet=&#8220;1px&#8220; header_2_text_shadow_horizontal_length=&#8220;header_2_text_shadow_style,%91object Object%93&#8243; header_2_text_shadow_horizontal_length_tablet=&#8220;0px&#8220; header_2_text_shadow_vertical_length=&#8220;header_2_text_shadow_style,%91object Object%93&#8243; header_2_text_shadow_vertical_length_tablet=&#8220;0px&#8220; header_2_text_shadow_blur_strength=&#8220;header_2_text_shadow_style,%91object Object%93&#8243; header_2_text_shadow_blur_strength_tablet=&#8220;1px&#8220; header_3_text_shadow_horizontal_length=&#8220;header_3_text_shadow_style,%91object Object%93&#8243; header_3_text_shadow_horizontal_length_tablet=&#8220;0px&#8220; header_3_text_shadow_vertical_length=&#8220;header_3_text_shadow_style,%91object Object%93&#8243; header_3_text_shadow_vertical_length_tablet=&#8220;0px&#8220; header_3_text_shadow_blur_strength=&#8220;header_3_text_shadow_style,%91object Object%93&#8243; header_3_text_shadow_blur_strength_tablet=&#8220;1px&#8220; header_4_text_shadow_horizontal_length=&#8220;header_4_text_shadow_style,%91object Object%93&#8243; header_4_text_shadow_horizontal_length_tablet=&#8220;0px&#8220; header_4_text_shadow_vertical_length=&#8220;header_4_text_shadow_style,%91object Object%93&#8243; header_4_text_shadow_vertical_length_tablet=&#8220;0px&#8220; header_4_text_shadow_blur_strength=&#8220;header_4_text_shadow_style,%91object Object%93&#8243; header_4_text_shadow_blur_strength_tablet=&#8220;1px&#8220; header_5_text_shadow_horizontal_length=&#8220;header_5_text_shadow_style,%91object Object%93&#8243; header_5_text_shadow_horizontal_length_tablet=&#8220;0px&#8220; header_5_text_shadow_vertical_length=&#8220;header_5_text_shadow_style,%91object Object%93&#8243; header_5_text_shadow_vertical_length_tablet=&#8220;0px&#8220; header_5_text_shadow_blur_strength=&#8220;header_5_text_shadow_style,%91object Object%93&#8243; header_5_text_shadow_blur_strength_tablet=&#8220;1px&#8220; header_6_text_shadow_horizontal_length=&#8220;header_6_text_shadow_style,%91object Object%93&#8243; header_6_text_shadow_horizontal_length_tablet=&#8220;0px&#8220; header_6_text_shadow_vertical_length=&#8220;header_6_text_shadow_style,%91object Object%93&#8243; header_6_text_shadow_vertical_length_tablet=&#8220;0px&#8220; header_6_text_shadow_blur_strength=&#8220;header_6_text_shadow_style,%91object Object%93&#8243; header_6_text_shadow_blur_strength_tablet=&#8220;1px&#8220; box_shadow_horizontal_tablet=&#8220;0px&#8220; box_shadow_vertical_tablet=&#8220;0px&#8220; box_shadow_blur_tablet=&#8220;40px&#8220; box_shadow_spread_tablet=&#8220;0px&#8220; z_index_tablet=&#8220;500&#8243; vertical_offset_tablet=&#8220;0&#8243; horizontal_offset_tablet=&#8220;0&#8243; background_pattern_color=&#8220;rgba(0,0,0,0.2)&#8220; background_mask_color=&#8220;#ffffff&#8220;]<\/p>\n<p>G\u00f6tter und G\u00f6ttinnen, K\u00f6niginnen und K\u00f6nige, Monster, Abenteuer, Mord und Totschlag, sch\u00f6ne Frauen, gebrochene Herzen und ein tapferer, gottesf\u00fcrchtiger Titelheld &#8211; eigentlich h\u00e4tte Vergils Aeneis das Zeug zu einem Meilenstein der Filmgeschichte. Sie ist aber viel mehr als das, n\u00e4mlich auch ein h\u00f6chst politisches Werk, in dem Vergil in gro\u00dfer poetischer und literarischer Meisterschaft die Geschichte von Trojas Zerst\u00f6rung bis zur gl\u00fcckbringenden Herrschaft des Augustus hinf\u00fchrt.<br \/>Allen Lateinsch\u00fclern begegnet sie in der einen oder anderen Form, zumeist jedoch nur ausschnittsweise. Da geht der \u00dcberblick leicht verloren. Voil\u00e0: Hier ist er! Die Handlung in Wort und Bild, knapp, \u00fcbersichtlich und mit so manchem Augenzwinkern. Kein Sandalenfilm, aber auch keine trockene Zusammenfassung. Dazu der geographische Verlauf der Fahrten der Trojaner und die Einordnung des Werkes in die geschichtliche und literarische Tradition. Die Kennzeichnung der Buchanf\u00e4nge erleichtert es, auch nur einzelne Episoden gezielt zu zeigen, die gerade f\u00fcr den Unterricht relevant sind, und die ihnen entsprechenden Frageb\u00f6gen, die Sch\u00fcler zum Weiterdenken zu animieren.<\/p>\n<p>Vorschau:<\/p>\n<div style=\"width: 512px;\" class=\"wp-video\"><!--[if lt IE 9]><script>document.createElement('video');<\/script><![endif]-->\n<video class=\"wp-video-shortcode\" id=\"video-1910-1\" width=\"512\" height=\"288\" poster=\"https:\/\/www.lust-auf-rom.de\/wordpress\/wp-content\/uploads\/2018\/05\/aeneis_buch1-12_2018-02-13_trailer_2018-05-07_schnappschuss.jpg\" preload=\"metadata\" controls=\"controls\"><source type=\"video\/mp4\" src=\"https:\/\/www.lust-auf-rom.de\/wordpress\/wp-content\/uploads\/2018\/08\/aeneis_buch1-12_2018-02-13_trailer_gekuerzt_muster.mp4?_=1\" \/><a href=\"https:\/\/www.lust-auf-rom.de\/wordpress\/wp-content\/uploads\/2018\/08\/aeneis_buch1-12_2018-02-13_trailer_gekuerzt_muster.mp4\">https:\/\/www.lust-auf-rom.de\/wordpress\/wp-content\/uploads\/2018\/08\/aeneis_buch1-12_2018-02-13_trailer_gekuerzt_muster.mp4<\/a><\/video><\/div>\n<p>\u00a0<\/p>\n<p><strong>Film:<\/strong><\/p>\n<ul>\n<li>Visualisiert den wesentlichen Inhalt der zw\u00f6lf B\u00fccher der Aeneis. Die Buchanf\u00e4nge sind als solche gekennzeichnet.<\/li>\n<li>Im Vorspann verfolgt der Betrachter auf einer Karte die Fahrtroute der Trojaner von Troja bis Laurentum und erh\u00e4lt so einen \u00dcberblick \u00fcber den Verlauf der Vorgeschichte und die Schaupl\u00e4tze des Epos&#8216;.<\/li>\n<li>Ein Vorwort ordnet das Werk in den historischen und literaturgeschichtlichen Kontext ein.<\/li>\n<li>Gezeichnet und mit Musik und deutschem Text in Reimform hinterlegt.<br \/>MP4-Format; Dauer: 14.02 Minuten.<\/li>\n<li><strong>Postversand<\/strong> (USB-Stick)<\/li>\n<\/ul>\n<p><strong>Begleitmaterialien:<\/strong><\/p>\n<ul>\n<li>6 Fragebogen und 6 Bogen mit L\u00f6sungen: zum Vorspann, zum Vorwort, zu Buch I, Buch II-IV, Buch V-VI, Buch VII-XII;<br \/>auf jedem Bogen sind die entsprechenden Zeitpositionen im Film zum leichteren Auffinden vermerkt:<br \/>je 1 Seite, Din A4, farbig, auch als Graustufendruck geeignet (12 pdf-Dateien):<br \/>Fragebogen zus\u00e4tzlich als\u00a0<strong>digital ausf\u00fcllbare<\/strong> pdf-Dateien (6 pdf-Dateien). (Demo-Video <a href=\"https:\/\/www.lust-auf-rom.de\/wordpress\/wp-content\/uploads\/2021\/09\/Digital_ausfuellbares_Begleitmaterial_Brigitte-Graef.mp4\" target=\"_blank\" rel=\"noopener noreferrer\">hier<\/a>)<\/li>\n<li>Die Begleitmaterialien werden als <strong>pdf<\/strong>-Dateien zum <strong>maximal dreimaligen<\/strong> Herunterladen <strong>10 Tage lang nach Lieferung <\/strong>bereitgestellt.<\/li>\n<\/ul>\n<p><strong>Verwendung:<\/strong><\/p>\n<ul>\n<li>Kernunterricht Latein<\/li>\n<li>Vertretungsstunden, Freistunden, auch (z. B. nachmitt\u00e4gliche) Zeitspannen in Ganztagsschulen<\/li>\n<li>Latein-AG<\/li>\n<li>Auf der Seite<a href=\"https:\/\/www.lust-auf-rom.de\/wordpress\/didaktik-2\/\">\u00a0Didaktik<\/a> finden Sie Vorschl\u00e4ge zum Einsatz im Unterricht.<\/li>\n<\/ul>\n<p>\u00a0<\/p>\n<h3><span style=\"color: #990000;\">Herstellerinformationen<\/span><\/h3>\n<p><img loading=\"lazy\" decoding=\"async\" class=\"alignnone size-full wp-image-6640\" src=\"https:\/\/www.lust-auf-rom.de\/wordpress\/wp-content\/uploads\/2024\/12\/Hersteller.png\" alt=\"\" width=\"267\" height=\"122\" \/><\/p>\n<p>[\/et_pb_text][\/et_pb_column][\/et_pb_row][\/et_pb_section]<\/p>\n<span class=\"et_bloom_bottom_trigger\"><\/span>","protected":false},"excerpt":{"rendered":"<p>G\u00f6tter und G\u00f6ttinnen, K\u00f6niginnen und K\u00f6nige, Monster, Abenteuer, Mord und Totschlag, sch\u00f6ne Frauen, gebrochene Herzen und ein tapferer, gottesf\u00fcrchtiger Titelheld &#8211; eigentlich h\u00e4tte Vergils Aeneis das Zeug zu einem Meilenstein der Filmgeschichte. Sie ist aber viel mehr als das, n\u00e4mlich auch ein h\u00f6chst politisches Werk, in dem Vergil in gro\u00dfer poetischer und literarischer Meisterschaft die [&hellip;]<\/p>\n","protected":false},"featured_media":506,"template":"","meta":{"_et_pb_use_builder":"on","_et_pb_old_content":"G\u00f6tter und G\u00f6ttinnen, K\u00f6niginnen und K\u00f6nige, Monster, Abenteuer, Mord und Totschlag, sch\u00f6ne Frauen, gebrochene Herzen und ein tapferer, gottesf\u00fcrchtiger Titelheld - eigentlich h\u00e4tte Vergils Aeneis das Zeug zu einem Meilenstein der Filmgeschichte. Sie ist aber viel mehr als das, n\u00e4mlich auch ein h\u00f6chst politsches Werk, in dem Vergil in gro\u00dfer poetischer und literarischer Meisterschaft die Geschichte von Trojas Zerst\u00f6rung bis zur gl\u00fcckbringenden Herrschaft des Augustus hinf\u00fchrt.\r\nAllen Lateinsch\u00fclern begegnet sie in der einen oder anderen Form, zumeist jedoch nur ausschnittsweise. Da geht der \u00dcberblick leicht verloren. Voil\u00e0: Hier ist er! Die Handlung in Wort und Bild, knapp, \u00fcbersichtlich und mit so manchem Augenzwinkern. Kein Sandalenfilm, aber auch keine trockene Zusammenfassung. Dazu der geographische Verlauf der Fahrten der Trojaner und die Einordnung des Werkes in die geschichtliche und literarische Tradition. Die Kennzeichnung der Buchanf\u00e4nge erleichtert es, auch nur einzelne Episoden gezielt zu zeigen, die gerade f\u00fcr den Unterricht relevant sind, und die ihnen entsprechenden Frageb\u00f6gen, die Sch\u00fcler zum Weiterdenken zu animieren.\r\n\r\nVorschau:\r\n\r\n[video width=\"512\" height=\"288\" mp4=\"https:\/\/www.lust-auf-rom.de\/wordpress\/wp-content\/uploads\/2018\/08\/aeneis_buch1-12_2018-02-13_trailer_gekuerzt_muster.mp4\"][\/video]\r\n\r\n<strong>Filme:<\/strong>\r\n<ul>\r\n \t<li>Visualisiert den wesentlichen Inhalt der zw\u00f6lf B\u00fccher der Aeneis. Die Buchanf\u00e4nge sind als solche gekennzeichnet.<\/li>\r\n \t<li>Im Vorspann verfolgt der Betrachter auf einer Karte die Fahrtroute der Trojaner von Troja bis Laurentum und erh\u00e4lt so einen \u00dcberblick \u00fcber den Verlauf der Vorgeschichte und die Schaupl\u00e4tze des Epos'.<\/li>\r\n \t<li>Ein Vorwort ordnet das Werk in den historischen und literaturgeschichtlichen Kontext ein.<\/li>\r\n \t<li>Gezeichnet und mit Musik und deutschem Text in Reimform hinterlegt.\r\nMP4-Format; Dauer: 14.02 Minuten.<\/li>\r\n \t<li><strong>Postversand<\/strong> (USB-Stick)<\/li>\r\n<\/ul>\r\n<strong>Begleitmaterialien:<\/strong>\r\n<ul>\r\n \t<li>6 Fragebogen und 6 Bogen mit L\u00f6sungen: zum Vorspann, zum Vorwort, zu Buch I, Buch II-IV, Buch V-VI, Buch VII-XII;\r\nauf jedem Bogen sind die entsprechenden Zeitpositionen im Film zum leichteren Auffinden vermerkt\r\n(je 1 Seite, Din A4, farbig, auch als Graustufendruck geeignet)<\/li>\r\n \t<li>Die 12 Bogen werden als <strong>pdf<\/strong>-Dateien zum <strong>maximal dreimaligen<\/strong> Herunterladen <strong>10 Tage lang nach Lieferung <\/strong>bereitgestellt.<\/li>\r\n<\/ul>\r\n<strong>Verwendung:<\/strong>\r\n<ul>\r\n \t<li>Kernunterricht Latein<\/li>\r\n \t<li>Vertretungsstunden, Freistunden, auch (z. B. nachmitt\u00e4gliche) Zeitspannen in Ganztagsschulen<\/li>\r\n \t<li>Latein-AG<\/li>\r\n \t<li>Auf der Seite<a href=\"https:\/\/www.lust-auf-rom.de\/wordpress\/didaktik-2\/\">\u00a0Didaktik<\/a> finden Sie Vorschl\u00e4ge zum Einsatz im Unterricht.<\/li>\r\n<\/ul>","_et_gb_content_width":""},"product_brand":[],"product_cat":[53],"product_tag":[96,73,68,190],"class_list":{"0":"post-1910","1":"product","2":"type-product","3":"status-publish","4":"has-post-thumbnail","6":"product_cat-filme","7":"product_tag-augusteische-zeit","8":"product_tag-lektuere","9":"product_tag-religion-und-mythos","10":"product_tag-vergil","12":"first","13":"instock","14":"downloadable","15":"shipping-taxable","16":"purchasable","17":"product-type-simple"},"_links":{"self":[{"href":"https:\/\/www.lust-auf-rom.de\/wordpress\/wp-json\/wp\/v2\/product\/1910","targetHints":{"allow":["GET"]}}],"collection":[{"href":"https:\/\/www.lust-auf-rom.de\/wordpress\/wp-json\/wp\/v2\/product"}],"about":[{"href":"https:\/\/www.lust-auf-rom.de\/wordpress\/wp-json\/wp\/v2\/types\/product"}],"wp:featuredmedia":[{"embeddable":true,"href":"https:\/\/www.lust-auf-rom.de\/wordpress\/wp-json\/wp\/v2\/media\/506"}],"wp:attachment":[{"href":"https:\/\/www.lust-auf-rom.de\/wordpress\/wp-json\/wp\/v2\/media?parent=1910"}],"wp:term":[{"taxonomy":"product_brand","embeddable":true,"href":"https:\/\/www.lust-auf-rom.de\/wordpress\/wp-json\/wp\/v2\/product_brand?post=1910"},{"taxonomy":"product_cat","embeddable":true,"href":"https:\/\/www.lust-auf-rom.de\/wordpress\/wp-json\/wp\/v2\/product_cat?post=1910"},{"taxonomy":"product_tag","embeddable":true,"href":"https:\/\/www.lust-auf-rom.de\/wordpress\/wp-json\/wp\/v2\/product_tag?post=1910"}],"curies":[{"name":"wp","href":"https:\/\/api.w.org\/{rel}","templated":true}]}}