{"id":1321,"date":"2018-07-02T14:01:39","date_gmt":"2018-07-02T14:01:39","guid":{"rendered":"https:\/\/www.lust-auf-rom.de\/wordpress\/?post_type=product&#038;p=1321"},"modified":"2024-12-09T17:39:21","modified_gmt":"2024-12-09T16:39:21","slug":"gaius-iulius-caesar-filme-und-begleitmaterialien","status":"publish","type":"product","link":"https:\/\/www.lust-auf-rom.de\/wordpress\/produkt\/gaius-iulius-caesar-filme-und-begleitmaterialien\/","title":{"rendered":"Gaius Iulius Caesar, Commentarii de bello Gallico: Filme-Rundumpaket"},"content":{"rendered":"<p>[et_pb_section bb_built=&#8220;1&#8243; _builder_version=&#8220;3.22.4&#8243; custom_margin=&#8220;0px||0px|&#8220; custom_padding=&#8220;0px||0px|&#8220; z_index_tablet=&#8220;500&#8243;][et_pb_row][et_pb_column type=&#8220;4_4&#8243; custom_padding__hover=&#8220;|||&#8220; custom_padding=&#8220;|||&#8220;][et_pb_text _builder_version=&#8220;4.27.4&#8243; text_text_shadow_horizontal_length=&#8220;text_text_shadow_style,%91object Object%93&#8243; text_text_shadow_horizontal_length_tablet=&#8220;0px&#8220; text_text_shadow_vertical_length=&#8220;text_text_shadow_style,%91object Object%93&#8243; text_text_shadow_vertical_length_tablet=&#8220;0px&#8220; text_text_shadow_blur_strength=&#8220;text_text_shadow_style,%91object Object%93&#8243; text_text_shadow_blur_strength_tablet=&#8220;1px&#8220; link_text_shadow_horizontal_length=&#8220;link_text_shadow_style,%91object Object%93&#8243; link_text_shadow_horizontal_length_tablet=&#8220;0px&#8220; link_text_shadow_vertical_length=&#8220;link_text_shadow_style,%91object Object%93&#8243; link_text_shadow_vertical_length_tablet=&#8220;0px&#8220; link_text_shadow_blur_strength=&#8220;link_text_shadow_style,%91object Object%93&#8243; link_text_shadow_blur_strength_tablet=&#8220;1px&#8220; ul_text_shadow_horizontal_length=&#8220;ul_text_shadow_style,%91object Object%93&#8243; ul_text_shadow_horizontal_length_tablet=&#8220;0px&#8220; ul_text_shadow_vertical_length=&#8220;ul_text_shadow_style,%91object Object%93&#8243; ul_text_shadow_vertical_length_tablet=&#8220;0px&#8220; ul_text_shadow_blur_strength=&#8220;ul_text_shadow_style,%91object Object%93&#8243; ul_text_shadow_blur_strength_tablet=&#8220;1px&#8220; ol_text_shadow_horizontal_length=&#8220;ol_text_shadow_style,%91object Object%93&#8243; ol_text_shadow_horizontal_length_tablet=&#8220;0px&#8220; ol_text_shadow_vertical_length=&#8220;ol_text_shadow_style,%91object Object%93&#8243; ol_text_shadow_vertical_length_tablet=&#8220;0px&#8220; ol_text_shadow_blur_strength=&#8220;ol_text_shadow_style,%91object Object%93&#8243; ol_text_shadow_blur_strength_tablet=&#8220;1px&#8220; quote_text_shadow_horizontal_length=&#8220;quote_text_shadow_style,%91object Object%93&#8243; quote_text_shadow_horizontal_length_tablet=&#8220;0px&#8220; quote_text_shadow_vertical_length=&#8220;quote_text_shadow_style,%91object Object%93&#8243; quote_text_shadow_vertical_length_tablet=&#8220;0px&#8220; quote_text_shadow_blur_strength=&#8220;quote_text_shadow_style,%91object Object%93&#8243; quote_text_shadow_blur_strength_tablet=&#8220;1px&#8220; header_text_shadow_horizontal_length=&#8220;header_text_shadow_style,%91object Object%93&#8243; header_text_shadow_horizontal_length_tablet=&#8220;0px&#8220; header_text_shadow_vertical_length=&#8220;header_text_shadow_style,%91object Object%93&#8243; header_text_shadow_vertical_length_tablet=&#8220;0px&#8220; header_text_shadow_blur_strength=&#8220;header_text_shadow_style,%91object Object%93&#8243; header_text_shadow_blur_strength_tablet=&#8220;1px&#8220; header_2_text_shadow_horizontal_length=&#8220;header_2_text_shadow_style,%91object Object%93&#8243; header_2_text_shadow_horizontal_length_tablet=&#8220;0px&#8220; header_2_text_shadow_vertical_length=&#8220;header_2_text_shadow_style,%91object Object%93&#8243; header_2_text_shadow_vertical_length_tablet=&#8220;0px&#8220; header_2_text_shadow_blur_strength=&#8220;header_2_text_shadow_style,%91object Object%93&#8243; header_2_text_shadow_blur_strength_tablet=&#8220;1px&#8220; header_3_text_shadow_horizontal_length=&#8220;header_3_text_shadow_style,%91object Object%93&#8243; header_3_text_shadow_horizontal_length_tablet=&#8220;0px&#8220; header_3_text_shadow_vertical_length=&#8220;header_3_text_shadow_style,%91object Object%93&#8243; header_3_text_shadow_vertical_length_tablet=&#8220;0px&#8220; header_3_text_shadow_blur_strength=&#8220;header_3_text_shadow_style,%91object Object%93&#8243; header_3_text_shadow_blur_strength_tablet=&#8220;1px&#8220; header_4_text_shadow_horizontal_length=&#8220;header_4_text_shadow_style,%91object Object%93&#8243; header_4_text_shadow_horizontal_length_tablet=&#8220;0px&#8220; header_4_text_shadow_vertical_length=&#8220;header_4_text_shadow_style,%91object Object%93&#8243; header_4_text_shadow_vertical_length_tablet=&#8220;0px&#8220; header_4_text_shadow_blur_strength=&#8220;header_4_text_shadow_style,%91object Object%93&#8243; header_4_text_shadow_blur_strength_tablet=&#8220;1px&#8220; header_5_text_shadow_horizontal_length=&#8220;header_5_text_shadow_style,%91object Object%93&#8243; header_5_text_shadow_horizontal_length_tablet=&#8220;0px&#8220; header_5_text_shadow_vertical_length=&#8220;header_5_text_shadow_style,%91object Object%93&#8243; header_5_text_shadow_vertical_length_tablet=&#8220;0px&#8220; header_5_text_shadow_blur_strength=&#8220;header_5_text_shadow_style,%91object Object%93&#8243; header_5_text_shadow_blur_strength_tablet=&#8220;1px&#8220; header_6_text_shadow_horizontal_length=&#8220;header_6_text_shadow_style,%91object Object%93&#8243; header_6_text_shadow_horizontal_length_tablet=&#8220;0px&#8220; header_6_text_shadow_vertical_length=&#8220;header_6_text_shadow_style,%91object Object%93&#8243; header_6_text_shadow_vertical_length_tablet=&#8220;0px&#8220; header_6_text_shadow_blur_strength=&#8220;header_6_text_shadow_style,%91object Object%93&#8243; header_6_text_shadow_blur_strength_tablet=&#8220;1px&#8220; box_shadow_horizontal_tablet=&#8220;0px&#8220; box_shadow_vertical_tablet=&#8220;0px&#8220; box_shadow_blur_tablet=&#8220;40px&#8220; box_shadow_spread_tablet=&#8220;0px&#8220; vertical_offset_tablet=&#8220;0&#8243; horizontal_offset_tablet=&#8220;0&#8243; z_index_tablet=&#8220;0&#8243; background_pattern_color=&#8220;rgba(0,0,0,0.2)&#8220; background_mask_color=&#8220;#ffffff&#8220;]<\/p>\n<p>Im Jahr 51 v. Chr. war (ganz) Gallien von den R\u00f6mern besetzt. Wie es dort vor der Eroberung aussah, schildert bekanntlich der Feldherr Gaius Iulius Caesar h\u00f6chstpers\u00f6nlich im ersten Kapitel seines Rechenschaftsberichtes. Galliens Topographie und Einteilung in V\u00f6lkerschaften sind somit Thema der klassischen Eingangslekt\u00fcre im Lateinunterricht und sollten weder trocken noch un\u00fcbersichtlich oder sich schwer einzupr\u00e4gen sein. Unterst\u00fctzen Sie Ihre Sch\u00fcler visuell, sei es vor oder nach der Lekt\u00fcre oder parallel dazu. Hier der Anfang von Caesars Commentarii de bello Gallico, Satz f\u00fcr Satz im Bild umgesetzt, in den Varianten ohne Text, mit lateinischem Text, mit deutscher \u00dcbersetzung oder lateinischem L\u00fcckentext.<\/p>\n<p>Vorschau:<\/p>\n<div style=\"width: 512px;\" class=\"wp-video\"><!--[if lt IE 9]><script>document.createElement('video');<\/script><![endif]-->\n<video class=\"wp-video-shortcode\" id=\"video-1321-1\" width=\"512\" height=\"288\" poster=\"https:\/\/www.lust-auf-rom.de\/wordpress\/wp-content\/uploads\/2018\/06\/bellum-gallicum_schnappschuss-muster_brigitte-graef.jpg\" preload=\"metadata\" controls=\"controls\"><source type=\"video\/mp4\" src=\"https:\/\/www.lust-auf-rom.de\/wordpress\/wp-content\/uploads\/2018\/05\/bellum-gallicum-mix_2018-05-07_512x288-1.mp4?_=1\" \/><source type=\"video\/webm\" src=\"https:\/\/www.lust-auf-rom.de\/wordpress\/wp-content\/uploads\/2018\/05\/bellum-gallicum-mix_2018-05-07_512x288_1.webm?_=1\" \/><a href=\"https:\/\/www.lust-auf-rom.de\/wordpress\/wp-content\/uploads\/2018\/05\/bellum-gallicum-mix_2018-05-07_512x288-1.mp4\">https:\/\/www.lust-auf-rom.de\/wordpress\/wp-content\/uploads\/2018\/05\/bellum-gallicum-mix_2018-05-07_512x288-1.mp4<\/a><\/video><\/div>\n<p>\u00a0<\/p>\n<p><strong>Filme:<\/strong><\/p>\n<ul>\n<li>Visualisierung des Textes Gaius Iulius Caesar, Commentarii de bello Gallico 1, 1, 1-4.<\/li>\n<li>4 Filme:<br \/>1.) nur mit Musik (Dauer. 2:12 Minuten)<br \/>2.) mit Musik und gesprochenem lateinischen Text (Dauer. 2:50 Minuten)<br \/>3.) mit Musik und gesprochener deutscher \u00dcbersetzung (Dauer. 2:27 Minuten)<br \/>4.) mit Musik und gesprochenem lateinischen L\u00fcckentext (Dauer. 2:57 Minuten)<\/li>\n<li>Die Filme werden als <strong>MP4<\/strong>-Dateien zum <strong>maximal dreimaligen <\/strong>Herunterladen <strong>10 Tage lang nach Lieferung <\/strong>bereitgestellt.<\/li>\n<\/ul>\n<p><strong>Begleitmaterialien:<\/strong><\/p>\n<ul>\n<li>L\u00fcckentext &#8211; entsprechend Film Nr. 4 &#8211; und L\u00fcckentext mit ausgef\u00fcllten Feldern:<br \/>je 1 Seite, Din A4, farbig, auch als Graustufendruck geeignet (2 pdf-Dateien);<br \/>L\u00fcckentext zus\u00e4tzlich als <strong>digital ausf\u00fcllbare<\/strong> pdf-Datei. (Demo-Video <a href=\"https:\/\/www.lust-auf-rom.de\/wordpress\/wp-content\/uploads\/2021\/09\/Digital_ausfuellbares_Begleitmaterial_Brigitte-Graef.mp4\" target=\"_blank\" rel=\"noopener noreferrer\">hier<\/a>)<\/li>\n<li>Die Begleitmaterialien werden als <strong>pdf<\/strong>-Dateien zum <strong>maximal dreimaligen<\/strong> Herunterladen <strong>10 Tage lang nach Lieferung <\/strong>bereitgestellt.<\/li>\n<\/ul>\n<p><strong>Verwendung:<\/strong><\/p>\n<ul>\n<li>Kernunterricht Latein \/ Geschichte<\/li>\n<li>Vertretungsstunden, Freistunden, auch (z. B. nachmitt\u00e4gliche) Zeitspannen in Ganztagsschulen<\/li>\n<li>Latein-AG<\/li>\n<li>Geschichte-AG<\/li>\n<li>Auf der Seite<a href=\"https:\/\/www.lust-auf-rom.de\/wordpress\/didaktik-2\/\">\u00a0Didaktik<\/a> finden Sie Vorschl\u00e4ge zum Einsatz im Unterricht.<\/li>\n<\/ul>\n<p>\u00a0<\/p>\n<h3><span style=\"color: #990000;\">Herstellerinformationen<\/span><\/h3>\n<p><img loading=\"lazy\" decoding=\"async\" class=\"alignnone size-full wp-image-6640\" src=\"https:\/\/www.lust-auf-rom.de\/wordpress\/wp-content\/uploads\/2024\/12\/Hersteller.png\" alt=\"\" width=\"267\" height=\"122\" \/><\/p>\n<p>[\/et_pb_text][\/et_pb_column][\/et_pb_row][\/et_pb_section]<\/p>\n<span class=\"et_bloom_bottom_trigger\"><\/span>","protected":false},"excerpt":{"rendered":"<p><div class=\"et_pb_row et_pb_row_0 et_pb_row_empty\">\n\t\t\t\t\n\t\t\t\t\n\t\t\t\t\n\t\t\t\t\n\t\t\t\t\n\t\t\t<\/div> Im Jahr 51 v. Chr. war (ganz) Gallien von den R\u00f6mern besetzt. Wie es dort vor der Eroberung aussah, schildert bekanntlich der Feldherr Gaius Iulius Caesar h\u00f6chstpers\u00f6nlich im ersten Kapitel seines Rechenschaftsberichtes. Galliens Topographie und Einteilung in V\u00f6lkerschaften sind somit Thema der klassischen Eingangslekt\u00fcre im Lateinunterricht und sollten weder trocken noch un\u00fcbersichtlich oder sich [&hellip;]<\/p>\n","protected":false},"featured_media":896,"template":"","meta":{"_et_pb_use_builder":"on","_et_pb_old_content":"Im Jahr 51 v. Chr. war (ganz) Gallien von den R\u00f6mern besetzt. Wie es dort vor der Eroberung aussah, schildert bekanntlich der Feldherr Gaius Iulius Caesar h\u00f6chstpers\u00f6nlich im ersten Kapitel seines Rechenschaftsberichtes. Galliens Topographie und Einteilung in V\u00f6lkerschaften sind somit Thema der klassischen Eingangslekt\u00fcre im Lateinunterricht und sollten weder trocken noch un\u00fcbersichtlich oder sich schwer einzupr\u00e4gen sein. Unterst\u00fctzen Sie Ihre Sch\u00fcler visuell, sei es vor oder nach der Lekt\u00fcre oder parallel dazu. Hier der Anfang von Caesars Commentarii de bello Gallico, Satz f\u00fcr Satz im Bild umgesetzt, in den Varianten ohne Text, mit lateinischem Text, mit deutscher \u00dcbersetzung oder lateinischem L\u00fcckentext.\r\n\r\nVorschau:\r\n\r\n[video poster=\"https:\/\/www.lust-auf-rom.de\/wordpress\/wp-content\/uploads\/2018\/06\/bellum-gallicum_schnappschuss-muster_brigitte-graef.jpg\" width=\"512\" height=\"288\" mp4=\"https:\/\/www.lust-auf-rom.de\/wordpress\/wp-content\/uploads\/2018\/05\/bellum-gallicum-mix_2018-05-07_512x288-1.mp4\" webm=\"https:\/\/www.lust-auf-rom.de\/wordpress\/wp-content\/uploads\/2018\/05\/bellum-gallicum-mix_2018-05-07_512x288_1.webm\"][\/video]\r\n\r\n<strong>Filme:<\/strong>\r\n<ul>\r\n \t<li>Visualisierung des Textes Gaius Iulius Caesar, Commentarii de bello Gallico 1, 1, 1-4.<\/li>\r\n \t<li>4 Filme:\r\n1.) nur mit Musik (Dauer. 2:12 Minuten)\r\n2.) mit Musik und gesprochenem lateinischen Text (Dauer. 2:50 Minuten)\r\n3.) mit Musik und gesprochener deutscher \u00dcbersetzung (Dauer. 2:27 Minuten)\r\n4.) mit Musik und gesprochenem lateinischen L\u00fcckentext (Dauer. 2:57 Minuten)<\/li>\r\n \t<li>Die Filme werden als <strong>MP4<\/strong>-Dateien zum <strong>maximal dreimaligen <\/strong>Herunterladen <strong>10 Tage lang nach Lieferung <\/strong>bereitgestellt.<\/li>\r\n<\/ul>\r\n<strong>Begleitmaterialien:<\/strong>\r\n<ul>\r\n \t<li>L\u00fcckentext - entsprechend Film Nr. 4 - und L\u00fcckentext mit ausgef\u00fcllten Feldern (jeweils Din A4, farbig, auch als Graustufendruck geeignet)<\/li>\r\n \t<li>Die Begleitmaterialien werden als <strong>pdf<\/strong>-Dateien zum <strong>maximal dreimaligen<\/strong> Herunterladen <strong>10 Tage lang nach Lieferung <\/strong>bereitgestellt.<\/li>\r\n<\/ul>\r\n<strong>Verwendung:<\/strong>\r\n<ul>\r\n \t<li>Kernunterricht Latein \/ Geschichte<\/li>\r\n \t<li>Vertretungsstunden, Freistunden, auch (z. B. nachmitt\u00e4gliche) Zeitspannen in Ganztagsschulen<\/li>\r\n \t<li>Latein-AG<\/li>\r\n \t<li>Geschichte-AG<\/li>\r\n \t<li>Auf der Seite<a href=\"https:\/\/www.lust-auf-rom.de\/wordpress\/didaktik-2\/\">\u00a0Didaktik<\/a> finden Sie Vorschl\u00e4ge zum Einsatz im Unterricht.<\/li>\r\n<\/ul>","_et_gb_content_width":""},"product_brand":[],"product_cat":[53],"product_tag":[74,75,73,71],"class_list":{"0":"post-1321","1":"product","2":"type-product","3":"status-publish","4":"has-post-thumbnail","6":"product_cat-filme","7":"product_tag-caesar","8":"product_tag-geschichte","9":"product_tag-lektuere","10":"product_tag-roemische-republik","12":"first","13":"instock","14":"downloadable","15":"virtual","16":"purchasable","17":"product-type-simple"},"_links":{"self":[{"href":"https:\/\/www.lust-auf-rom.de\/wordpress\/wp-json\/wp\/v2\/product\/1321","targetHints":{"allow":["GET"]}}],"collection":[{"href":"https:\/\/www.lust-auf-rom.de\/wordpress\/wp-json\/wp\/v2\/product"}],"about":[{"href":"https:\/\/www.lust-auf-rom.de\/wordpress\/wp-json\/wp\/v2\/types\/product"}],"wp:featuredmedia":[{"embeddable":true,"href":"https:\/\/www.lust-auf-rom.de\/wordpress\/wp-json\/wp\/v2\/media\/896"}],"wp:attachment":[{"href":"https:\/\/www.lust-auf-rom.de\/wordpress\/wp-json\/wp\/v2\/media?parent=1321"}],"wp:term":[{"taxonomy":"product_brand","embeddable":true,"href":"https:\/\/www.lust-auf-rom.de\/wordpress\/wp-json\/wp\/v2\/product_brand?post=1321"},{"taxonomy":"product_cat","embeddable":true,"href":"https:\/\/www.lust-auf-rom.de\/wordpress\/wp-json\/wp\/v2\/product_cat?post=1321"},{"taxonomy":"product_tag","embeddable":true,"href":"https:\/\/www.lust-auf-rom.de\/wordpress\/wp-json\/wp\/v2\/product_tag?post=1321"}],"curies":[{"name":"wp","href":"https:\/\/api.w.org\/{rel}","templated":true}]}}