{"id":6178,"date":"2023-07-24T11:43:46","date_gmt":"2023-07-24T09:43:46","guid":{"rendered":"https:\/\/www.lust-auf-rom.de\/wordpress\/?page_id=6178"},"modified":"2023-07-31T15:38:46","modified_gmt":"2023-07-31T13:38:46","slug":"raetsel","status":"publish","type":"page","link":"https:\/\/www.lust-auf-rom.de\/wordpress\/angebot\/raetsel\/","title":{"rendered":"R\u00e4tsel"},"content":{"rendered":"<p>[et_pb_section fb_built=&#8220;1&#8243; _builder_version=&#8220;4.16&#8243; background_image=&#8220;https:\/\/www.lust-auf-rom.de\/wordpress\/wp-content\/uploads\/2018\/04\/banner_rot-wei\u00df_abschnitt_2018-04-06.jpg&#8220; background_size=&#8220;contain&#8220; background_repeat=&#8220;repeat-x&#8220; custom_padding=&#8220;0px|0px|0px|0px&#8220; global_colors_info=&#8220;{}&#8220;][et_pb_row column_structure=&#8220;3_4,1_4&#8243; use_custom_gutter=&#8220;on&#8220; make_equal=&#8220;on&#8220; _builder_version=&#8220;4.16&#8243; background_size=&#8220;initial&#8220; background_position=&#8220;top_left&#8220; background_repeat=&#8220;repeat&#8220; max_width=&#8220;1084px&#8220; module_alignment=&#8220;center&#8220; custom_padding=&#8220;20px|0px|15px|0px&#8220; use_custom_width=&#8220;on&#8220; custom_width_px=&#8220;1084px&#8220; global_colors_info=&#8220;{}&#8220;][et_pb_column type=&#8220;3_4&#8243; _builder_version=&#8220;4.16&#8243; custom_padding=&#8220;|||&#8220; global_colors_info=&#8220;{}&#8220; custom_padding__hover=&#8220;|||&#8220;][et_pb_text _builder_version=&#8220;4.16&#8243; text_font=&#8220;|700|||||||&#8220; text_text_color=&#8220;#990000&#8243; text_font_size=&#8220;58px&#8220; text_line_height=&#8220;1.5em&#8220; custom_margin=&#8220;|||&#8220; custom_padding=&#8220;|||&#8220; global_colors_info=&#8220;{}&#8220;]<\/p>\n<p>Lust auf Rom<\/p>\n<p>[\/et_pb_text][et_pb_text _builder_version=&#8220;4.16&#8243; text_font=&#8220;||||||||&#8220; text_font_size=&#8220;22px&#8220; background_layout=&#8220;dark&#8220; global_colors_info=&#8220;{}&#8220;]<\/p>\n<p>Lehrmaterialien und Unterhaltsames zu Latein und der r\u00f6mischen Welt<\/p>\n<p>[\/et_pb_text][\/et_pb_column][et_pb_column type=&#8220;1_4&#8243; _builder_version=&#8220;4.16&#8243; custom_padding=&#8220;|||&#8220; global_colors_info=&#8220;{}&#8220; custom_padding__hover=&#8220;|||&#8220;][et_pb_image src=&#8220;https:\/\/www.lust-auf-rom.de\/wordpress\/wp-content\/uploads\/2018\/04\/augustus_weisse-kontur_myriad-pro_hintergrund-rot.jpg&#8220; url=&#8220;https:\/\/www.lust-auf-rom.de\/wordpress&#8220; align=&#8220;center&#8220; align_tablet=&#8220;center&#8220; align_phone=&#8220;&#8220; align_last_edited=&#8220;on|desktop&#8220; _builder_version=&#8220;4.16&#8243; border_radii=&#8220;on|NaNpx|NaNpx|NaNpx|NaNpx&#8220; border_width_all=&#8220;3px&#8220; border_color_all=&#8220;#ffffff&#8220; global_colors_info=&#8220;{}&#8220;]<\/p>\n<p>&nbsp;<\/p>\n<p>[\/et_pb_image][\/et_pb_column][\/et_pb_row][\/et_pb_section][et_pb_section fb_built=&#8220;1&#8243; _builder_version=&#8220;4.16&#8243; custom_padding=&#8220;47px|0px|0|0px|false|false&#8220; global_colors_info=&#8220;{}&#8220;][et_pb_row _builder_version=&#8220;4.16&#8243; background_size=&#8220;initial&#8220; background_position=&#8220;top_left&#8220; background_repeat=&#8220;repeat&#8220; custom_padding=&#8220;27px|0px|50px|0px&#8220; global_colors_info=&#8220;{}&#8220;][et_pb_column type=&#8220;4_4&#8243; _builder_version=&#8220;4.16&#8243; custom_padding=&#8220;|||&#8220; global_colors_info=&#8220;{}&#8220; custom_padding__hover=&#8220;|||&#8220;][et_pb_text _builder_version=&#8220;4.20.0&#8243; text_font_size=&#8220;30px&#8220; text_orientation=&#8220;center&#8220; global_colors_info=&#8220;{}&#8220;]<\/p>\n<p>R\u00e4tsel<\/p>\n<p>[\/et_pb_text][et_pb_image src=&#8220;https:\/\/www.lust-auf-rom.de\/wordpress\/wp-content\/uploads\/2023\/07\/raetsel_schatz.png&#8220; title_text=&#8220;raetsel_schatz&#8220; align=&#8220;center&#8220; align_tablet=&#8220;center&#8220; align_phone=&#8220;&#8220; align_last_edited=&#8220;on|desktop&#8220; _builder_version=&#8220;4.20.0&#8243; global_colors_info=&#8220;{}&#8220;]<\/p>\n<p>&nbsp;<\/p>\n<p>[\/et_pb_image][et_pb_text _builder_version=&#8220;4.20.0&#8243; text_font=&#8220;||||||||&#8220; text_font_size=&#8220;22px&#8220; header_font=&#8220;||||||||&#8220; background_size=&#8220;initial&#8220; background_position=&#8220;top_left&#8220; background_repeat=&#8220;repeat&#8220; text_orientation=&#8220;center&#8220; module_alignment=&#8220;center&#8220; global_colors_info=&#8220;{}&#8220;]<\/p>\n<p>Auf Suche nach dem Wissensschatz<\/p>\n<p>[\/et_pb_text][\/et_pb_column][\/et_pb_row][et_pb_row column_structure=&#8220;1_2,1_2&#8243; _builder_version=&#8220;4.16&#8243; module_alignment=&#8220;center&#8220; custom_margin=&#8220;||0px||false|false&#8220; custom_padding=&#8220;||2px||false|false&#8220; global_colors_info=&#8220;{}&#8220;][et_pb_column type=&#8220;1_2&#8243; _builder_version=&#8220;4.16&#8243; custom_padding=&#8220;||0px||false|false&#8220; global_colors_info=&#8220;{}&#8220;][et_pb_text _builder_version=&#8220;4.20.0&#8243; _module_preset=&#8220;default&#8220; text_font_size=&#8220;18px&#8220; hover_enabled=&#8220;0&#8243; global_colors_info=&#8220;{}&#8220; text_line_height=&#8220;1.9em&#8220; sticky_enabled=&#8220;0&#8243;]<\/p>\n<p>Ein jeder Sch\u00fcler h\u00e4uft sich im Laufe der Zeit einen Wissensschatz an, sei er nun \u00fcberbordend oder klein und bescheiden. Mag vieles auch im Verborgenen ruhen &#8211; mit R\u00e4tseln l\u00e4sst sich so mancher Schatz wiederfinden und zu neuem Glanz verhelfen.<\/p>\n<p>[\/et_pb_text][\/et_pb_column][et_pb_column type=&#8220;1_2&#8243; _builder_version=&#8220;4.20.0&#8243; _module_preset=&#8220;default&#8220; global_colors_info=&#8220;{}&#8220;][et_pb_image src=&#8220;https:\/\/www.lust-auf-rom.de\/wordpress\/wp-content\/uploads\/2023\/06\/Letztes-Stuendchen_Sammelbild_Brigitte-Graef.jpg&#8220; alt=&#8220;Sch\u00fcler beim Spiel mit den Grammatikkarten zu lateinischen Pronomina&#8220; title_text=&#8220;Letztes-Stuendchen_Sammelbild_Brigitte-Graef&#8220; align=&#8220;center&#8220; _builder_version=&#8220;4.20.0&#8243; vertical_offset_tablet=&#8220;0&#8243; horizontal_offset_tablet=&#8220;0&#8243; max_width=&#8220;100%&#8220; custom_margin=&#8220;0px||-1px||false|false&#8220; custom_padding=&#8220;0px||0px||false|false&#8220; hover_enabled=&#8220;0&#8243; z_index_tablet=&#8220;0&#8243; box_shadow_horizontal_tablet=&#8220;0px&#8220; box_shadow_vertical_tablet=&#8220;0px&#8220; box_shadow_blur_tablet=&#8220;40px&#8220; box_shadow_spread_tablet=&#8220;0px&#8220; global_colors_info=&#8220;{}&#8220; sticky_enabled=&#8220;0&#8243;][\/et_pb_image][\/et_pb_column][\/et_pb_row][et_pb_row _builder_version=&#8220;4.20.0&#8243; background_size=&#8220;initial&#8220; background_position=&#8220;top_left&#8220; background_repeat=&#8220;repeat&#8220; module_alignment=&#8220;center&#8220; custom_margin=&#8220;1px|auto||auto||&#8220; custom_padding=&#8220;0px|0px|1px|0px|false|false&#8220; locked=&#8220;off&#8220; global_colors_info=&#8220;{}&#8220;][et_pb_column type=&#8220;4_4&#8243; _builder_version=&#8220;4.16&#8243; custom_padding=&#8220;|||&#8220; global_colors_info=&#8220;{}&#8220; custom_padding__hover=&#8220;|||&#8220;][et_pb_text ul_item_indent=&#8220;45px&#8220; _builder_version=&#8220;4.20.0&#8243; text_font_size=&#8220;18px&#8220; ul_font_size=&#8220;18px&#8220; ul_line_height=&#8220;1.8em&#8220; custom_margin=&#8220;35px|||||&#8220; global_colors_info=&#8220;{}&#8220;]<\/p>\n<p>R\u00e4tsel von Lust auf Rom<\/p>\n<p><img loading=\"lazy\" decoding=\"async\" src=\"https:\/\/www.lust-auf-rom.de\/wordpress\/wp-content\/uploads\/2023\/07\/Lupensymbol.png\" width=\"14\" height=\"13\" alt=\"\" class=\"wp-image-6187 alignnone size-full\" \/> \u00a0<strong>machen Spa\u00df und motivieren<\/strong>, weil<\/p>\n<ul>\n<li>Knobeln wie Detektivsein ist und nicht wie ein Vokabeltest: Der Wunsch nach des R\u00e4tsels L\u00f6sung kommt von innen.<\/li>\n<li>sie stets eine kleine Hilfestellung f\u00fcr Wissensl\u00fccken in sich bergen: L\u00f6sungsw\u00f6rter k\u00f6nnen sich gegenseitig st\u00fctze, lassen sich durch logisches Denken im Ausschlussverfahren ermitteln, oder man stolpert \u2013 etwa beim Wortsalat &#8211; beim aufmerksamen Lesen dar\u00fcber.<\/li>\n<li>sie abwechslungsreich sind und weit mehr als die \u00fcblichen R\u00e4tselarten umfassen.<\/li>\n<\/ul>\n<p><img loading=\"lazy\" decoding=\"async\" src=\"https:\/\/www.lust-auf-rom.de\/wordpress\/wp-content\/uploads\/2023\/07\/Lupensymbol.png\" width=\"14\" height=\"13\" alt=\"\" class=\"wp-image-6187 alignnone size-full\" \/> \u00a0<strong>pr\u00e4gen das Gelernte besonders gut ein<\/strong>, weil<\/p>\n<ul>\n<li>es auf ungewohnte Weise hervorgeholt werden muss: Beim Um-die-Ecke-Denken wird Wissen kombiniert, das sonst nicht immer so nah beieinander liegt und auf diese Weise \u201equer geb\u00fcrstet\u201c wird<\/li>\n<\/ul>\n<p><img loading=\"lazy\" decoding=\"async\" src=\"https:\/\/www.lust-auf-rom.de\/wordpress\/wp-content\/uploads\/2023\/07\/Lupensymbol.png\" width=\"14\" height=\"13\" alt=\"\" class=\"wp-image-6187 alignnone size-full\" \/> \u00a0<strong>sind f\u00fcr Lehrer von mehrfachem Nutzen<\/strong>, denn sie<\/p>\n<ul>\n<li>lockern den Unterricht auf,<\/li>\n<li>sind oft individuell an den aktuellen Stoff und im Schwierigkeitsgrad anpassbar und lassen sich in immer neuer Abwandlung wiederverwenden,<\/li>\n<li>sind vielseitig einsetzbar: als willkommene Idee f\u00fcr die letzte Stunde vor den Ferien, als schnelle Hilfe f\u00fcr Hohl- oder Vertretungsstunden oder als gezielte \u00dcbungen im Kernunterricht.<\/li>\n<\/ul>\n<p>[\/et_pb_text][\/et_pb_column][\/et_pb_row][et_pb_row _builder_version=&#8220;4.16&#8243; custom_padding=&#8220;27px|0px|3px|0px|false|false&#8220; global_colors_info=&#8220;{}&#8220;][et_pb_column type=&#8220;4_4&#8243; _builder_version=&#8220;4.16&#8243; custom_padding=&#8220;|||&#8220; global_colors_info=&#8220;{}&#8220; custom_padding__hover=&#8220;|||&#8220;][et_pb_divider divider_weight=&#8220;2px&#8220; _builder_version=&#8220;4.16&#8243; module_alignment=&#8220;center&#8220; height=&#8220;27px&#8220; global_colors_info=&#8220;{}&#8220;]<\/p>\n<p>&nbsp;<\/p>\n<p>[\/et_pb_divider][\/et_pb_column][\/et_pb_row][\/et_pb_section][et_pb_section fb_built=&#8220;1&#8243; _builder_version=&#8220;4.16&#8243; custom_padding=&#8220;0|0px|56px|0px|false|false&#8220; global_colors_info=&#8220;{}&#8220;][et_pb_row _builder_version=&#8220;4.16&#8243; background_color=&#8220;#f7f7f7&#8243; background_size=&#8220;initial&#8220; background_position=&#8220;top_left&#8220; background_repeat=&#8220;repeat&#8220; module_alignment=&#8220;center&#8220; custom_padding=&#8220;28px|0px|27px|0px|false|false&#8220; locked=&#8220;off&#8220; global_colors_info=&#8220;{}&#8220;][et_pb_column type=&#8220;4_4&#8243; _builder_version=&#8220;4.16&#8243; custom_padding=&#8220;|||&#8220; global_colors_info=&#8220;{}&#8220; custom_padding__hover=&#8220;|||&#8220;][et_pb_text _builder_version=&#8220;4.20.0&#8243; text_font=&#8220;||||||||&#8220; text_font_size=&#8220;22px&#8220; header_font=&#8220;||||||||&#8220; custom_margin=&#8220;|||15px&#8220; custom_padding=&#8220;||10px|&#8220; global_colors_info=&#8220;{}&#8220;]<\/p>\n<p><span style=\"color: #990000;\">R\u00e4tsel<\/span>&#8211; die Fakten im Einzelnen<\/p>\n<p>[\/et_pb_text][\/et_pb_column][\/et_pb_row][et_pb_row column_structure=&#8220;1_4,3_4&#8243; make_equal=&#8220;on&#8220; _builder_version=&#8220;4.16&#8243; background_color=&#8220;#f7f7f7&#8243; global_colors_info=&#8220;{}&#8220;][et_pb_column type=&#8220;1_4&#8243; _builder_version=&#8220;4.16&#8243; custom_padding=&#8220;|||&#8220; global_colors_info=&#8220;{}&#8220; custom_padding__hover=&#8220;|||&#8220;][et_pb_image src=&#8220;https:\/\/www.lust-auf-rom.de\/wordpress\/wp-content\/uploads\/2018\/05\/shop.jpg&#8220; url=&#8220;https:\/\/www.lust-auf-rom.de\/wordpress\/einkaufen\/&#8220; url_new_window=&#8220;on&#8220; align=&#8220;center&#8220; align_tablet=&#8220;center&#8220; align_phone=&#8220;&#8220; align_last_edited=&#8220;on|desktop&#8220; _builder_version=&#8220;4.16&#8243; global_colors_info=&#8220;{}&#8220;]<\/p>\n<p>&nbsp;<\/p>\n<p>[\/et_pb_image][\/et_pb_column][et_pb_column type=&#8220;3_4&#8243; _builder_version=&#8220;4.16&#8243; custom_padding=&#8220;|||&#8220; global_colors_info=&#8220;{}&#8220; custom_padding__hover=&#8220;|||&#8220;][et_pb_text _builder_version=&#8220;4.20.0&#8243; text_font_size=&#8220;18px&#8220; ul_font_size=&#8220;18px&#8220; ul_line_height=&#8220;1.8em&#8220; vertical_offset_tablet=&#8220;0&#8243; horizontal_offset_tablet=&#8220;0&#8243; z_index_tablet=&#8220;0&#8243; text_text_shadow_horizontal_length_tablet=&#8220;0px&#8220; text_text_shadow_vertical_length_tablet=&#8220;0px&#8220; text_text_shadow_blur_strength_tablet=&#8220;1px&#8220; link_text_shadow_horizontal_length_tablet=&#8220;0px&#8220; link_text_shadow_vertical_length_tablet=&#8220;0px&#8220; link_text_shadow_blur_strength_tablet=&#8220;1px&#8220; ul_text_shadow_horizontal_length_tablet=&#8220;0px&#8220; ul_text_shadow_vertical_length_tablet=&#8220;0px&#8220; ul_text_shadow_blur_strength_tablet=&#8220;1px&#8220; ol_text_shadow_horizontal_length_tablet=&#8220;0px&#8220; ol_text_shadow_vertical_length_tablet=&#8220;0px&#8220; ol_text_shadow_blur_strength_tablet=&#8220;1px&#8220; quote_text_shadow_horizontal_length_tablet=&#8220;0px&#8220; quote_text_shadow_vertical_length_tablet=&#8220;0px&#8220; quote_text_shadow_blur_strength_tablet=&#8220;1px&#8220; header_text_shadow_horizontal_length_tablet=&#8220;0px&#8220; header_text_shadow_vertical_length_tablet=&#8220;0px&#8220; header_text_shadow_blur_strength_tablet=&#8220;1px&#8220; header_2_text_shadow_horizontal_length_tablet=&#8220;0px&#8220; header_2_text_shadow_vertical_length_tablet=&#8220;0px&#8220; header_2_text_shadow_blur_strength_tablet=&#8220;1px&#8220; header_3_text_shadow_horizontal_length_tablet=&#8220;0px&#8220; header_3_text_shadow_vertical_length_tablet=&#8220;0px&#8220; header_3_text_shadow_blur_strength_tablet=&#8220;1px&#8220; header_4_text_shadow_horizontal_length_tablet=&#8220;0px&#8220; header_4_text_shadow_vertical_length_tablet=&#8220;0px&#8220; header_4_text_shadow_blur_strength_tablet=&#8220;1px&#8220; header_5_text_shadow_horizontal_length_tablet=&#8220;0px&#8220; header_5_text_shadow_vertical_length_tablet=&#8220;0px&#8220; header_5_text_shadow_blur_strength_tablet=&#8220;1px&#8220; header_6_text_shadow_horizontal_length_tablet=&#8220;0px&#8220; header_6_text_shadow_vertical_length_tablet=&#8220;0px&#8220; header_6_text_shadow_blur_strength_tablet=&#8220;1px&#8220; box_shadow_horizontal_tablet=&#8220;0px&#8220; box_shadow_vertical_tablet=&#8220;0px&#8220; box_shadow_blur_tablet=&#8220;40px&#8220; box_shadow_spread_tablet=&#8220;0px&#8220; global_colors_info=&#8220;{}&#8220;]<\/p>\n<p>Detailinfos zu den R\u00e4tseln finden Sie in der jeweiligen Produktbeschreibung beim <a href=\"https:\/\/www.lust-auf-rom.de\/wordpress\/einkaufen\/\">EINKAUFEN<\/a>.<\/p>\n<p>St\u00f6bern Sie doch mal!<\/p>\n<p>[\/et_pb_text][\/et_pb_column][\/et_pb_row][\/et_pb_section]<\/p>\n<span class=\"et_bloom_bottom_trigger\"><\/span>","protected":false},"excerpt":{"rendered":"<p>Lust auf Rom Lehrmaterialien und Unterhaltsames zu Latein und der r\u00f6mischen Welt &nbsp; R\u00e4tsel&nbsp; Auf Suche nach dem WissensschatzEin jeder Sch\u00fcler h\u00e4uft sich im Laufe der Zeit einen Wissensschatz an, sei er nun \u00fcberbordend oder klein und bescheiden. Mag vieles auch im Verborgenen ruhen &#8211; mit R\u00e4tseln l\u00e4sst sich so mancher Schatz wiederfinden und zu [&hellip;]<\/p>\n","protected":false},"author":1,"featured_media":0,"parent":303,"menu_order":0,"comment_status":"closed","ping_status":"closed","template":"","meta":{"_et_pb_use_builder":"on","_et_pb_old_content":"","_et_gb_content_width":"","footnotes":""},"class_list":["post-6178","page","type-page","status-publish","hentry"],"_links":{"self":[{"href":"https:\/\/www.lust-auf-rom.de\/wordpress\/wp-json\/wp\/v2\/pages\/6178","targetHints":{"allow":["GET"]}}],"collection":[{"href":"https:\/\/www.lust-auf-rom.de\/wordpress\/wp-json\/wp\/v2\/pages"}],"about":[{"href":"https:\/\/www.lust-auf-rom.de\/wordpress\/wp-json\/wp\/v2\/types\/page"}],"author":[{"embeddable":true,"href":"https:\/\/www.lust-auf-rom.de\/wordpress\/wp-json\/wp\/v2\/users\/1"}],"replies":[{"embeddable":true,"href":"https:\/\/www.lust-auf-rom.de\/wordpress\/wp-json\/wp\/v2\/comments?post=6178"}],"version-history":[{"count":8,"href":"https:\/\/www.lust-auf-rom.de\/wordpress\/wp-json\/wp\/v2\/pages\/6178\/revisions"}],"predecessor-version":[{"id":6196,"href":"https:\/\/www.lust-auf-rom.de\/wordpress\/wp-json\/wp\/v2\/pages\/6178\/revisions\/6196"}],"up":[{"embeddable":true,"href":"https:\/\/www.lust-auf-rom.de\/wordpress\/wp-json\/wp\/v2\/pages\/303"}],"wp:attachment":[{"href":"https:\/\/www.lust-auf-rom.de\/wordpress\/wp-json\/wp\/v2\/media?parent=6178"}],"curies":[{"name":"wp","href":"https:\/\/api.w.org\/{rel}","templated":true}]}}