{"id":353,"date":"2018-05-04T19:43:33","date_gmt":"2018-05-04T19:43:33","guid":{"rendered":"https:\/\/www.lust-auf-rom.de\/wordpress\/?page_id=353"},"modified":"2022-09-29T16:29:37","modified_gmt":"2022-09-29T14:29:37","slug":"begleitmaterialien-filme","status":"publish","type":"page","link":"https:\/\/www.lust-auf-rom.de\/wordpress\/angebot\/begleitmaterialien-filme\/","title":{"rendered":"Begleitmaterialien Filme"},"content":{"rendered":"<p>[et_pb_section bb_built=&#8220;1&#8243; _builder_version=&#8220;3.22.3&#8243; background_image=&#8220;https:\/\/www.lust-auf-rom.de\/wordpress\/wp-content\/uploads\/2018\/04\/banner_rot-wei\u00df_abschnitt_2018-04-06.jpg&#8220; background_size=&#8220;contain&#8220; background_repeat=&#8220;repeat-x&#8220; custom_padding=&#8220;0px|0px|0px|0px&#8220; next_background_color=&#8220;#ffffff&#8220;][et_pb_row column_structure=&#8220;3_4,1_4&#8243; use_custom_gutter=&#8220;on&#8220; make_equal=&#8220;on&#8220; _builder_version=&#8220;3.25&#8243; background_size=&#8220;initial&#8220; background_position=&#8220;top_left&#8220; background_repeat=&#8220;repeat&#8220; max_width=&#8220;1084px&#8220; module_alignment=&#8220;center&#8220; custom_padding=&#8220;20px|0px|15px|0px&#8220; use_custom_width=&#8220;on&#8220; custom_width_px=&#8220;1084px&#8220;][et_pb_column type=&#8220;3_4&#8243; _builder_version=&#8220;3.25&#8243; custom_padding=&#8220;|||&#8220; custom_padding__hover=&#8220;|||&#8220;][et_pb_text _builder_version=&#8220;3.27.4&#8243; text_font=&#8220;|700|||||||&#8220; text_text_color=&#8220;#990000&#8243; text_font_size=&#8220;58px&#8220; text_line_height=&#8220;1.5em&#8220; custom_margin=&#8220;|||&#8220; custom_padding=&#8220;|||&#8220;]<\/p>\n<p>Lust auf Rom<\/p>\n<p>[\/et_pb_text][et_pb_text _builder_version=&#8220;3.27.4&#8243; text_font=&#8220;||||||||&#8220; text_font_size=&#8220;22px&#8220; background_layout=&#8220;dark&#8220;]<\/p>\n<p>Lehrmaterialien und Unterhaltsames zu Latein und der r\u00f6mischen Welt<\/p>\n<p>[\/et_pb_text][\/et_pb_column][et_pb_column type=&#8220;1_4&#8243; _builder_version=&#8220;3.25&#8243; custom_padding=&#8220;|||&#8220; custom_padding__hover=&#8220;|||&#8220;][et_pb_image src=&#8220;https:\/\/www.lust-auf-rom.de\/wordpress\/wp-content\/uploads\/2018\/04\/augustus_weisse-kontur_myriad-pro_hintergrund-rot.jpg&#8220; url=&#8220;https:\/\/www.lust-auf-rom.de\/wordpress\/&#8220; align=&#8220;center&#8220; align_tablet=&#8220;center&#8220; align_last_edited=&#8220;on|desktop&#8220; _builder_version=&#8220;3.23&#8243; border_radii=&#8220;on|NaNpx|NaNpx|NaNpx|NaNpx&#8220; border_width_all=&#8220;3px&#8220; border_color_all=&#8220;#ffffff&#8220; \/][\/et_pb_column][\/et_pb_row][\/et_pb_section][et_pb_section bb_built=&#8220;1&#8243; _builder_version=&#8220;3.22.3&#8243; custom_padding=&#8220;47px|0px|0|0px&#8220; prev_background_color=&#8220;#000000&#8243; next_background_color=&#8220;#000000&#8243;][et_pb_row _builder_version=&#8220;3.25&#8243; background_size=&#8220;initial&#8220; background_position=&#8220;top_left&#8220; background_repeat=&#8220;repeat&#8220; custom_padding=&#8220;27px|0px|50px|0px&#8220;][et_pb_column type=&#8220;4_4&#8243; _builder_version=&#8220;3.25&#8243; custom_padding=&#8220;|||&#8220; custom_padding__hover=&#8220;|||&#8220;][et_pb_text _builder_version=&#8220;3.27.4&#8243; text_font=&#8220;||||||||&#8220; text_font_size=&#8220;30px&#8220; header_font=&#8220;||||||||&#8220; text_orientation=&#8220;center&#8220; custom_margin=&#8220;|||&#8220; custom_padding=&#8220;|||&#8220;]<\/p>\n<p>Begleitmaterialien zu Erkl\u00e4rvideos und Kurzfilmen<\/p>\n<p>[\/et_pb_text][et_pb_image src=&#8220;https:\/\/www.lust-auf-rom.de\/wordpress\/wp-content\/uploads\/2018\/05\/schueler_weiss_transparent_100px.png&#8220; align=&#8220;center&#8220; align_tablet=&#8220;center&#8220; align_last_edited=&#8220;on|desktop&#8220; _builder_version=&#8220;3.23&#8243; custom_padding=&#8220;0px|||&#8220; \/][et_pb_text _builder_version=&#8220;3.27.4&#8243; text_font=&#8220;||||||||&#8220; text_font_size=&#8220;22px&#8220; header_font=&#8220;||||||||&#8220; background_size=&#8220;initial&#8220; background_position=&#8220;top_left&#8220; background_repeat=&#8220;repeat&#8220; text_orientation=&#8220;center&#8220; module_alignment=&#8220;center&#8220;]<\/p>\n<p>Die Funktion der Filme f\u00fcr den Unterricht erweitern<\/p>\n<p>[\/et_pb_text][\/et_pb_column][\/et_pb_row][et_pb_row use_custom_gutter=&#8220;on&#8220; gutter_width=&#8220;2&#8243; _builder_version=&#8220;3.25&#8243; background_size=&#8220;initial&#8220; background_position=&#8220;top_left&#8220; background_repeat=&#8220;repeat&#8220; module_alignment=&#8220;center&#8220; custom_padding=&#8220;0|0px|1px|0px&#8220; locked=&#8220;off&#8220;][et_pb_column type=&#8220;4_4&#8243; _builder_version=&#8220;3.25&#8243; custom_padding=&#8220;|||&#8220; custom_padding__hover=&#8220;|||&#8220;][et_pb_gallery gallery_ids=&#8220;873,877,848,876,850&#8243; gallery_captions=&#8220;,,,,&#8220; _builder_version=&#8220;3.6&#8243; title_level=&#8220;h4&#8243; title_text_color=&#8220;rgba(0,0,0,0.5)&#8220; title_line_height=&#8220;1.5em&#8220; pagination_text_align=&#8220;right&#8220; text_orientation=&#8220;left&#8220; border_width_all_image=&#8220;1px&#8220; border_color_all_image=&#8220;#c1c1c1&#8243; box_shadow_style_image=&#8220;preset2&#8243; \/][\/et_pb_column][\/et_pb_row][et_pb_row _builder_version=&#8220;3.25&#8243; background_size=&#8220;initial&#8220; background_position=&#8220;top_left&#8220; background_repeat=&#8220;repeat&#8220; module_alignment=&#8220;center&#8220; custom_padding=&#8220;3px|0px|28px|0px&#8220; locked=&#8220;off&#8220;][et_pb_column type=&#8220;4_4&#8243; _builder_version=&#8220;3.25&#8243; custom_padding=&#8220;|||&#8220; custom_padding__hover=&#8220;|||&#8220;][et_pb_text _builder_version=&#8220;3.27.4&#8243; text_font=&#8220;||||||||&#8220; text_font_size=&#8220;22px&#8220; header_font=&#8220;||||||||&#8220; custom_margin=&#8220;|||&#8220; custom_padding=&#8220;||10px|&#8220;]<\/p>\n<p><span style=\"color: #990000;\">Ein Film kommt selten allein<\/span> &#8211; das Rundumpaket<\/p>\n<p>[\/et_pb_text][et_pb_text ul_item_indent=&#8220;45px&#8220; _builder_version=&#8220;3.27.4&#8243; text_font=&#8220;||||||||&#8220; text_font_size=&#8220;18px&#8220; ul_font=&#8220;||||||||&#8220; ul_font_size=&#8220;18px&#8220; ul_line_height=&#8220;1.8em&#8220; header_font=&#8220;||||||||&#8220; header_4_font=&#8220;||||||||&#8220; custom_padding=&#8220;||0px|&#8220;]<\/p>\n<p>Filme f\u00fcr den Schulunterricht sind Teil eines ganzen Unterrichtspakets. Die Begleitmaterialen haben zwei Ausrichtungen:<\/p>\n<ul>\n<li>Sie unterf\u00fcttern den Film.<\/li>\n<li>Sie erweitern dessen Verwendung.<\/li>\n<\/ul>\n<p>[\/et_pb_text][\/et_pb_column][\/et_pb_row][et_pb_row _builder_version=&#8220;3.25&#8243; background_size=&#8220;initial&#8220; background_position=&#8220;top_left&#8220; background_repeat=&#8220;repeat&#8220; module_alignment=&#8220;center&#8220; locked=&#8220;off&#8220;][et_pb_column type=&#8220;4_4&#8243; _builder_version=&#8220;3.25&#8243; custom_padding=&#8220;|||&#8220; custom_padding__hover=&#8220;|||&#8220;][et_pb_text module_id=&#8220;frageboegen_filme&#8220; _builder_version=&#8220;3.27.4&#8243; text_font=&#8220;||||||||&#8220; text_font_size=&#8220;22px&#8220; header_font=&#8220;||||||||&#8220; custom_padding=&#8220;||10|&#8220;]<\/p>\n<p><span style=\"color: #990000;\">Frage- und L\u00f6sungsb\u00f6gen<\/span> &#8211; Wissen und Knobeln mit Spa\u00df!<\/p>\n<p>[\/et_pb_text][et_pb_text ul_item_indent=&#8220;30px&#8220; _builder_version=&#8220;4.8.2&#8243; text_font=&#8220;||||||||&#8220; text_font_size=&#8220;18px&#8220; ul_font=&#8220;||||||||&#8220; ul_font_size=&#8220;18px&#8220; ul_line_height=&#8220;1.8em&#8220; header_font=&#8220;||||||||&#8220; header_4_font=&#8220;||||||||&#8220; custom_padding=&#8220;||0px|&#8220; hover_enabled=&#8220;0&#8243; sticky_enabled=&#8220;0&#8243;]<\/p>\n<p>\u201eFragen \u00fcber Fragen\u201c hei\u00dfen die quizartigen Frageb\u00f6gen im Format Din A4 mit Feldern zum Ausf\u00fcllen sowie die entsprechenden L\u00f6sungsb\u00f6gen.<\/p>\n<ul>\n<li>Die Fragen beziehen sich grunds\u00e4tzlich auf das Thema des Films und greifen als Ankn\u00fcpfungspunkt und zur Erinnerung Bildvokabeln aus dem Film wieder auf. Abgefragt wird jedoch dar\u00fcber Hinausgehendes, auch Grammatik und Wortschatz.<\/li>\n<li>\u00dcber das reine Faktenwissen hinaus sollen die Sch\u00fcler au\u00dferdem Transferleistungen erbringen (z. B. Etymologien erkennen wie Mercurius \/ merx) sowie zum Weiterdenken und zu selbst\u00e4ndigen Recherchen angeregt werden (etwa zu Inschriften in epigraphischen Datenbanken im Internet).<\/li>\n<li>Die Fragen erstrecken sich auf eine Vielzahl von Themenbereichen und Disziplinen wie z. B. Ereignisgeschichte, Einzelpers\u00f6nlichkeiten, Sozialgeschichte, Religion und Mythos, Topographie, Arch\u00e4ologie, Onomastik oder Epigraphik.<\/li>\n<li>Sprach\u00fcbergreifend ist z. B. die Filmreihe \u201eKompost\u201c, weshalb hier Frageb\u00f6gen zu mehreren Unterrichtssprachen (Latein, Englisch, Franz\u00f6sisch, Spanisch) angeboten werden.<\/li>\n<li>Besonderer Wert wird auf die vielf\u00e4ltigen Einfl\u00fcsse der Antike auf unsere heutige Welt gelegt (z. B. beim Zusammenhang Etrurien &#8211; Toskana).<\/li>\n<li>Durch den Quizcharakter wird die Entdeckerfreude geweckt, und es stellen sich Aha-Effekte ein. Die auf diese Weise selbst ermittelten Ergebnisse bleiben besser im Ged\u00e4chtnis (sog. discovery-learning).<\/li>\n<li>Farbig;<br \/> auch als SW-Kopie bzw. Graustufendruck geeignet.<\/li>\n<li>Fragebogen zus\u00e4tzlich als digital ausf\u00fcllbare pdf-Datei!\u00a0(Demo-Video <a href=\"https:\/\/www.lust-auf-rom.de\/wordpress\/wp-content\/uploads\/2021\/09\/Digital_ausfuellbares_Begleitmaterial_Brigitte-Graef.mp4\" target=\"_blank\" rel=\"noopener noreferrer\">hier<\/a>)<\/li>\n<\/ul>\n<p>[\/et_pb_text][\/et_pb_column][\/et_pb_row][et_pb_row _builder_version=&#8220;3.25&#8243; background_size=&#8220;initial&#8220; background_position=&#8220;top_left&#8220; background_repeat=&#8220;repeat&#8220; module_alignment=&#8220;center&#8220; locked=&#8220;off&#8220;][et_pb_column type=&#8220;4_4&#8243; _builder_version=&#8220;3.25&#8243; custom_padding=&#8220;|||&#8220; custom_padding__hover=&#8220;|||&#8220;][et_pb_text module_id=&#8220;lueckentext_filme&#8220; _builder_version=&#8220;3.27.4&#8243; text_font=&#8220;||||||||&#8220; text_font_size=&#8220;22px&#8220; header_font=&#8220;||||||||&#8220; custom_padding=&#8220;||10|&#8220;]<\/p>\n<p><span style=\"color: #990000;\">L\u00fcckentext<\/span> &#8211; Textl\u00fccken schlie\u00dfen<\/p>\n<p>[\/et_pb_text][et_pb_text ul_item_indent=&#8220;30px&#8220; _builder_version=&#8220;4.8.2&#8243; text_font=&#8220;||||||||&#8220; text_font_size=&#8220;18px&#8220; ul_font=&#8220;||||||||&#8220; ul_font_size=&#8220;18px&#8220; ul_line_height=&#8220;1.8em&#8220; header_font=&#8220;||||||||&#8220; header_4_font=&#8220;||||||||&#8220; custom_padding=&#8220;||0px|&#8220;]<\/p>\n<p>Der lateinische L\u00fcckentext entspricht einem Lekt\u00fcrefilm, der im lateinischen Original mit &#8222;R\u00e4usperl\u00fccken&#8220; gesprochen wird.<\/p>\n<ul>\n<li>Zum Wiederholen und Knobeln f\u00fcr Sch\u00fcler, die den Text schon einmal \u00fcbersetzt haben.<\/li>\n<li>Der Film unterst\u00fctzt dabei visuell und dient als Erinnerungshilfe.<\/li>\n<li>Zus\u00e4tzlich als digital ausf\u00fcllbare pdf-Datei!\u00a0(Demo-Video <a href=\"https:\/\/www.lust-auf-rom.de\/wordpress\/wp-content\/uploads\/2021\/09\/Digital_ausfuellbares_Begleitmaterial_Brigitte-Graef.mp4\" target=\"_blank\" rel=\"noopener noreferrer\">hier<\/a>)<\/li>\n<\/ul>\n<p>[\/et_pb_text][\/et_pb_column][\/et_pb_row][\/et_pb_section][et_pb_section bb_built=&#8220;1&#8243; _builder_version=&#8220;3.22.3&#8243; custom_padding=&#8220;0|0px|0|0px|true|false&#8220; prev_background_color=&#8220;#000000&#8243; next_background_color=&#8220;#000000&#8243;][et_pb_row _builder_version=&#8220;3.25&#8243; custom_padding=&#8220;27px|0px|3px|0px|false|false&#8220;][et_pb_column type=&#8220;4_4&#8243; _builder_version=&#8220;3.25&#8243; custom_padding=&#8220;|||&#8220; custom_padding__hover=&#8220;|||&#8220;][et_pb_divider divider_weight=&#8220;2px&#8220; _builder_version=&#8220;3.7&#8243; module_alignment=&#8220;center&#8220; height=&#8220;27px&#8220; \/][\/et_pb_column][\/et_pb_row][et_pb_row _builder_version=&#8220;3.25&#8243; background_color=&#8220;#f7f7f7&#8243; background_size=&#8220;initial&#8220; background_position=&#8220;top_left&#8220; background_repeat=&#8220;repeat&#8220; module_alignment=&#8220;center&#8220; locked=&#8220;off&#8220;][et_pb_column type=&#8220;4_4&#8243; _builder_version=&#8220;3.25&#8243; custom_padding=&#8220;|||&#8220; custom_padding__hover=&#8220;|||&#8220;][et_pb_text _builder_version=&#8220;3.27.4&#8243; text_font=&#8220;||||||||&#8220; text_font_size=&#8220;22px&#8220; header_font=&#8220;||||||||&#8220; custom_margin=&#8220;|||15px&#8220; custom_padding=&#8220;||10px|&#8220;]<\/p>\n<p><span style=\"color: #990000;\">Poster <\/span>&#8211; der Schnappschuss zum Film<\/p>\n<p>[\/et_pb_text][et_pb_text ul_item_indent=&#8220;30px&#8220; _builder_version=&#8220;3.27.4&#8243; text_font=&#8220;||||||||&#8220; text_font_size=&#8220;18px&#8220; ul_font=&#8220;||||||||&#8220; ul_font_size=&#8220;18px&#8220; ul_line_height=&#8220;1.8em&#8220; header_font=&#8220;||||||||&#8220; header_4_font=&#8220;||||||||&#8220; custom_margin=&#8220;|||15px&#8220; custom_padding=&#8220;||0px|&#8220;]<\/p>\n<p>Zu einigen Themen erg\u00e4nzen sich Filme und Poster gegenseitig: z. B. bei Caesars Commentarii de bello Gallico oder Vergils Aeneis.<\/p>\n<p>[\/et_pb_text][\/et_pb_column][\/et_pb_row][et_pb_row column_structure=&#8220;1_3,1_3,1_3&#8243; _builder_version=&#8220;3.25&#8243; background_color=&#8220;#f7f7f7&#8243; background_size=&#8220;initial&#8220; background_position=&#8220;top_left&#8220; background_repeat=&#8220;repeat&#8220; custom_padding=&#8220;5px|0px|27px|0px&#8220;][et_pb_column type=&#8220;1_3&#8243; _builder_version=&#8220;3.25&#8243; custom_padding=&#8220;|||&#8220; custom_padding__hover=&#8220;|||&#8220;][et_pb_blurb title=&#8220;Poster und Begleitmaterial&#8220; url=&#8220;https:\/\/www.lust-auf-rom.de\/wordpress\/angebot\/poster\/&#8220; url_new_window=&#8220;on&#8220; image=&#8220;https:\/\/www.lust-auf-rom.de\/wordpress\/wp-content\/uploads\/2018\/04\/poster_rot_ohne-text_100x100px_2018-04-16-1.jpg&#8220; _builder_version=&#8220;3.24.1&#8243; header_font=&#8220;||||||||&#8220; header_font_size=&#8220;18px&#8220; header_line_height=&#8220;1.5em&#8220; body_font=&#8220;||||||||&#8220; body_line_height=&#8220;1.5em&#8220; background_size=&#8220;initial&#8220; background_position=&#8220;top_left&#8220; background_repeat=&#8220;repeat&#8220; text_orientation=&#8220;center&#8220;]<\/p>\n<p>Hier reinschauen \u2026<\/p>\n<p>[\/et_pb_blurb][\/et_pb_column][et_pb_column type=&#8220;1_3&#8243; _builder_version=&#8220;3.25&#8243; custom_padding=&#8220;|||&#8220; custom_padding__hover=&#8220;|||&#8220;][\/et_pb_column][et_pb_column type=&#8220;1_3&#8243; _builder_version=&#8220;3.25&#8243; custom_padding=&#8220;|||&#8220; custom_padding__hover=&#8220;|||&#8220;][\/et_pb_column][\/et_pb_row][\/et_pb_section][et_pb_section bb_built=&#8220;1&#8243; _builder_version=&#8220;3.22.3&#8243; custom_padding=&#8220;0|0px|0|0px|false|false&#8220; prev_background_color=&#8220;#000000&#8243; next_background_color=&#8220;#000000&#8243;][et_pb_row _builder_version=&#8220;3.25&#8243; custom_padding=&#8220;27px|0px|3px|0px|false|false&#8220;][et_pb_column type=&#8220;4_4&#8243; _builder_version=&#8220;3.25&#8243; custom_padding=&#8220;|||&#8220; custom_padding__hover=&#8220;|||&#8220;][et_pb_divider divider_weight=&#8220;2px&#8220; _builder_version=&#8220;3.7&#8243; module_alignment=&#8220;center&#8220; height=&#8220;27px&#8220; \/][\/et_pb_column][\/et_pb_row][et_pb_row _builder_version=&#8220;3.25&#8243; background_color=&#8220;#f7f7f7&#8243; background_size=&#8220;initial&#8220; background_position=&#8220;top_left&#8220; background_repeat=&#8220;repeat&#8220; module_alignment=&#8220;center&#8220; custom_padding=&#8220;29px|0px|27px|0px|false|false&#8220; locked=&#8220;off&#8220;][et_pb_column type=&#8220;4_4&#8243; _builder_version=&#8220;3.25&#8243; custom_padding=&#8220;|||&#8220; custom_padding__hover=&#8220;|||&#8220;][et_pb_text _builder_version=&#8220;3.27.4&#8243; text_font=&#8220;||||||||&#8220; text_font_size=&#8220;22px&#8220; header_font=&#8220;||||||||&#8220; custom_margin=&#8220;|||15px&#8220; custom_padding=&#8220;||10px|&#8220;]<\/p>\n<p><span style=\"color: #990000;\">Verwendung im Unterricht<\/span> &#8211; voller Einsatz, volle Flexibilit\u00e4t<\/p>\n<p>[\/et_pb_text][\/et_pb_column][\/et_pb_row][et_pb_row column_structure=&#8220;1_4,3_4&#8243; make_equal=&#8220;on&#8220; _builder_version=&#8220;3.25&#8243; background_color=&#8220;#f7f7f7&#8243;][et_pb_column type=&#8220;1_4&#8243; _builder_version=&#8220;3.25&#8243; custom_padding=&#8220;|||&#8220; custom_padding__hover=&#8220;|||&#8220;][et_pb_image src=&#8220;https:\/\/www.lust-auf-rom.de\/wordpress\/wp-content\/uploads\/2018\/05\/didaktik.jpg&#8220; url=&#8220;https:\/\/www.lust-auf-rom.de\/wordpress\/angebot\/didaktik&#8220; url_new_window=&#8220;on&#8220; align=&#8220;center&#8220; align_tablet=&#8220;center&#8220; align_last_edited=&#8220;on|desktop&#8220; _builder_version=&#8220;3.24.1&#8243; \/][\/et_pb_column][et_pb_column type=&#8220;3_4&#8243; _builder_version=&#8220;3.25&#8243; custom_padding=&#8220;|||&#8220; custom_padding__hover=&#8220;|||&#8220;][et_pb_text _builder_version=&#8220;3.27.4&#8243; text_font=&#8220;||||||||&#8220; text_font_size=&#8220;18px&#8220; ul_font=&#8220;||||||||&#8220; ul_font_size=&#8220;18px&#8220; ul_line_height=&#8220;1.8em&#8220; header_font=&#8220;||||||||&#8220; header_4_font=&#8220;||||||||&#8220;]<\/p>\n<p>Alle Unterrichtsmaterialien sind vielseitig einsetzbar.<\/p>\n<p>Holen Sie sich <a href=\"..\/didaktik\">hier<\/a> erste Anregungen, wie Sie Ihren Sch\u00fclern damit Lust auf Rom machen k\u00f6nnen!<\/p>\n<p>[\/et_pb_text][\/et_pb_column][\/et_pb_row][et_pb_row _builder_version=&#8220;3.25&#8243; custom_padding=&#8220;27px|0px|3px|0px|false|false&#8220;][et_pb_column type=&#8220;4_4&#8243; _builder_version=&#8220;3.25&#8243; custom_padding=&#8220;|||&#8220; custom_padding__hover=&#8220;|||&#8220;][et_pb_divider divider_weight=&#8220;2px&#8220; _builder_version=&#8220;3.7&#8243; module_alignment=&#8220;center&#8220; height=&#8220;27px&#8220; \/][\/et_pb_column][\/et_pb_row][et_pb_row _builder_version=&#8220;3.25&#8243; background_color=&#8220;#f7f7f7&#8243; background_size=&#8220;initial&#8220; background_position=&#8220;top_left&#8220; background_repeat=&#8220;repeat&#8220; module_alignment=&#8220;center&#8220; custom_padding=&#8220;28px|0px|27px|0px|false|false&#8220; locked=&#8220;off&#8220;][et_pb_column type=&#8220;4_4&#8243; _builder_version=&#8220;3.25&#8243; custom_padding=&#8220;|||&#8220; custom_padding__hover=&#8220;|||&#8220;][et_pb_text _builder_version=&#8220;3.27.4&#8243; text_font=&#8220;||||||||&#8220; text_font_size=&#8220;22px&#8220; header_font=&#8220;||||||||&#8220; custom_margin=&#8220;|||15px&#8220; custom_padding=&#8220;||10px|&#8220;]<\/p>\n<p><span style=\"color: #990000;\">Schon ausprobiert<\/span> &#8211; was andere \u00fcber Begleitmaterialien von Lust auf Rom sagen<\/p>\n<p>[\/et_pb_text][\/et_pb_column][\/et_pb_row][et_pb_row use_custom_gutter=&#8220;on&#8220; gutter_width=&#8220;1&#8243; make_equal=&#8220;on&#8220; _builder_version=&#8220;3.25&#8243; background_color=&#8220;#f7f7f7&#8243; custom_margin=&#8220;|||&#8220;][et_pb_column type=&#8220;4_4&#8243; _builder_version=&#8220;3.25&#8243; custom_padding=&#8220;|0px||0px&#8220; custom_padding__hover=&#8220;|||&#8220;][et_pb_testimonial author=&#8220;U. Wettig&#8220; job_title=&#8220;Lateinlehrerin, Pforzheim&#8220; quote_icon_color=&#8220;#990000&#8243; _builder_version=&#8220;3.17.3&#8243; body_font=&#8220;||||||||&#8220; body_font_size=&#8220;13&#8243; body_line_height=&#8220;1.7em&#8220; background_color=&#8220;#ffffff&#8220; max_width=&#8220;80%&#8220; module_alignment=&#8220;center&#8220; saved_tabs=&#8220;all&#8220;]<\/p>\n<p><em>\u201eSehr vielf\u00e4ltig!\u201c<\/em><br \/> (Zu den Frageb\u00f6gen zum Film \u201ePublius Vergilius Maro, Aeneis\u201c)<\/p>\n<p>[\/et_pb_testimonial][\/et_pb_column][\/et_pb_row][et_pb_row _builder_version=&#8220;3.25&#8243; custom_padding=&#8220;27px|0px|3px|0px|false|false&#8220;][et_pb_column type=&#8220;4_4&#8243; _builder_version=&#8220;3.25&#8243; custom_padding=&#8220;|||&#8220; custom_padding__hover=&#8220;|||&#8220;][et_pb_divider divider_weight=&#8220;2px&#8220; _builder_version=&#8220;3.7&#8243; module_alignment=&#8220;center&#8220; height=&#8220;27px&#8220; \/][\/et_pb_column][\/et_pb_row][\/et_pb_section][et_pb_section bb_built=&#8220;1&#8243; _builder_version=&#8220;3.22.3&#8243; custom_padding=&#8220;0|0px|58px|0px|false|false&#8220; prev_background_color=&#8220;#000000&#8243;][et_pb_row _builder_version=&#8220;3.25&#8243; background_color=&#8220;#f7f7f7&#8243; background_size=&#8220;initial&#8220; background_position=&#8220;top_left&#8220; background_repeat=&#8220;repeat&#8220; module_alignment=&#8220;center&#8220; custom_padding=&#8220;28px|0px|27px|0px|false|false&#8220; locked=&#8220;off&#8220;][et_pb_column type=&#8220;4_4&#8243; _builder_version=&#8220;3.25&#8243; custom_padding=&#8220;|||&#8220; custom_padding__hover=&#8220;|||&#8220;][et_pb_text _builder_version=&#8220;3.27.4&#8243; text_font=&#8220;||||||||&#8220; text_font_size=&#8220;22px&#8220; header_font=&#8220;||||||||&#8220; custom_margin=&#8220;|||15px&#8220; custom_padding=&#8220;||10px|&#8220;]<\/p>\n<p><span style=\"color: #990000;\">Filme und Begleitmaterialien<\/span> &#8211; die Fakten im Einzelnen<\/p>\n<p>[\/et_pb_text][\/et_pb_column][\/et_pb_row][et_pb_row column_structure=&#8220;1_4,3_4&#8243; make_equal=&#8220;on&#8220; _builder_version=&#8220;3.25&#8243; background_color=&#8220;#f7f7f7&#8243;][et_pb_column type=&#8220;1_4&#8243; _builder_version=&#8220;3.25&#8243; custom_padding=&#8220;|||&#8220; custom_padding__hover=&#8220;|||&#8220;][et_pb_image src=&#8220;https:\/\/www.lust-auf-rom.de\/wordpress\/wp-content\/uploads\/2018\/05\/shop.jpg&#8220; url=&#8220;https:\/\/www.lust-auf-rom.de\/wordpress\/einkaufen\/&#8220; url_new_window=&#8220;on&#8220; align=&#8220;center&#8220; align_tablet=&#8220;center&#8220; align_last_edited=&#8220;on|desktop&#8220; _builder_version=&#8220;3.24.1&#8243; \/][\/et_pb_column][et_pb_column type=&#8220;3_4&#8243; _builder_version=&#8220;3.25&#8243; custom_padding=&#8220;|||&#8220; custom_padding__hover=&#8220;|||&#8220;][et_pb_text _builder_version=&#8220;3.27.4&#8243; text_font_size=&#8220;18px&#8220; ul_font_size=&#8220;18px&#8220; ul_line_height=&#8220;1.8em&#8220;]<\/p>\n<p>Detailinfos zu jedem Film und den Begleitmaterialien finden Sie in der jeweiligen Produktbeschreibung der Rundumpakete beim <a href=\"https:\/\/www.lust-auf-rom.de\/wordpress\/einkaufen\/\">EINKAUFEN<\/a>.<\/p>\n<p>St\u00f6bern Sie doch mal!<\/p>\n<p>[\/et_pb_text][\/et_pb_column][\/et_pb_row][et_pb_row _builder_version=&#8220;3.25&#8243; custom_padding=&#8220;27px|0px|3px|0px|false|false&#8220;][et_pb_column type=&#8220;4_4&#8243; _builder_version=&#8220;3.25&#8243; custom_padding=&#8220;|||&#8220; custom_padding__hover=&#8220;|||&#8220;][et_pb_divider divider_weight=&#8220;2px&#8220; _builder_version=&#8220;3.7&#8243; module_alignment=&#8220;center&#8220; height=&#8220;27px&#8220; \/][\/et_pb_column][\/et_pb_row][\/et_pb_section]<\/p>\n<span class=\"et_bloom_bottom_trigger\"><\/span>","protected":false},"excerpt":{"rendered":"<p>Die Begleitmaterialen unterf\u00fcttern den Film und erweitern dessen Verwendung: quizartiger Fragebogen, der den Blick \u00fcber den Tellerrand des Themas in viele andere Bereiche hinauslenkt.<\/p>\n","protected":false},"author":1,"featured_media":0,"parent":303,"menu_order":4,"comment_status":"closed","ping_status":"closed","template":"","meta":{"_et_pb_use_builder":"on","_et_pb_old_content":"","_et_gb_content_width":"","footnotes":""},"class_list":["post-353","page","type-page","status-publish","hentry"],"_links":{"self":[{"href":"https:\/\/www.lust-auf-rom.de\/wordpress\/wp-json\/wp\/v2\/pages\/353","targetHints":{"allow":["GET"]}}],"collection":[{"href":"https:\/\/www.lust-auf-rom.de\/wordpress\/wp-json\/wp\/v2\/pages"}],"about":[{"href":"https:\/\/www.lust-auf-rom.de\/wordpress\/wp-json\/wp\/v2\/types\/page"}],"author":[{"embeddable":true,"href":"https:\/\/www.lust-auf-rom.de\/wordpress\/wp-json\/wp\/v2\/users\/1"}],"replies":[{"embeddable":true,"href":"https:\/\/www.lust-auf-rom.de\/wordpress\/wp-json\/wp\/v2\/comments?post=353"}],"version-history":[{"count":43,"href":"https:\/\/www.lust-auf-rom.de\/wordpress\/wp-json\/wp\/v2\/pages\/353\/revisions"}],"predecessor-version":[{"id":6685,"href":"https:\/\/www.lust-auf-rom.de\/wordpress\/wp-json\/wp\/v2\/pages\/353\/revisions\/6685"}],"up":[{"embeddable":true,"href":"https:\/\/www.lust-auf-rom.de\/wordpress\/wp-json\/wp\/v2\/pages\/303"}],"wp:attachment":[{"href":"https:\/\/www.lust-auf-rom.de\/wordpress\/wp-json\/wp\/v2\/media?parent=353"}],"curies":[{"name":"wp","href":"https:\/\/api.w.org\/{rel}","templated":true}]}}