{"id":303,"date":"2018-05-04T08:16:03","date_gmt":"2018-05-04T08:16:03","guid":{"rendered":"https:\/\/www.lust-auf-rom.de\/wordpress\/?page_id=303"},"modified":"2023-07-31T15:44:07","modified_gmt":"2023-07-31T13:44:07","slug":"angebot","status":"publish","type":"page","link":"https:\/\/www.lust-auf-rom.de\/wordpress\/angebot\/","title":{"rendered":"Angebot"},"content":{"rendered":"<p>[et_pb_section fb_built=&#8220;1&#8243; _builder_version=&#8220;4.16&#8243; background_image=&#8220;https:\/\/www.lust-auf-rom.de\/wordpress\/wp-content\/uploads\/2018\/04\/banner_rot-wei\u00df_abschnitt_2018-04-06.jpg&#8220; background_size=&#8220;contain&#8220; background_repeat=&#8220;repeat-x&#8220; custom_padding=&#8220;0px|0px|0px|0px&#8220; global_colors_info=&#8220;{}&#8220;][et_pb_row column_structure=&#8220;3_4,1_4&#8243; use_custom_gutter=&#8220;on&#8220; make_equal=&#8220;on&#8220; _builder_version=&#8220;4.16&#8243; background_size=&#8220;initial&#8220; background_position=&#8220;top_left&#8220; background_repeat=&#8220;repeat&#8220; max_width=&#8220;1084px&#8220; module_alignment=&#8220;center&#8220; custom_padding=&#8220;20px|0px|15px|0px&#8220; use_custom_width=&#8220;on&#8220; custom_width_px=&#8220;1084px&#8220; global_colors_info=&#8220;{}&#8220;][et_pb_column type=&#8220;3_4&#8243; _builder_version=&#8220;4.16&#8243; custom_padding=&#8220;|||&#8220; global_colors_info=&#8220;{}&#8220; custom_padding__hover=&#8220;|||&#8220;][et_pb_text _builder_version=&#8220;4.16&#8243; text_font=&#8220;|700|||||||&#8220; text_text_color=&#8220;#990000&#8243; text_font_size=&#8220;58px&#8220; text_line_height=&#8220;1.5em&#8220; custom_margin=&#8220;|||&#8220; custom_padding=&#8220;|||&#8220; global_colors_info=&#8220;{}&#8220;]<\/p>\n<p>Lust auf Rom<\/p>\n<p>[\/et_pb_text][et_pb_text _builder_version=&#8220;4.16&#8243; text_font=&#8220;||||||||&#8220; text_font_size=&#8220;22px&#8220; background_layout=&#8220;dark&#8220; global_colors_info=&#8220;{}&#8220;]<\/p>\n<p>Lehrmaterialien und Unterhaltsames zu Latein und der r\u00f6mischen Welt<\/p>\n<p>[\/et_pb_text][\/et_pb_column][et_pb_column type=&#8220;1_4&#8243; _builder_version=&#8220;4.16&#8243; custom_padding=&#8220;|||&#8220; global_colors_info=&#8220;{}&#8220; custom_padding__hover=&#8220;|||&#8220;][et_pb_image src=&#8220;https:\/\/www.lust-auf-rom.de\/wordpress\/wp-content\/uploads\/2018\/04\/augustus_weisse-kontur_myriad-pro_hintergrund-rot.jpg&#8220; url=&#8220;https:\/\/www.lust-auf-rom.de\/wordpress\/&#8220; align=&#8220;center&#8220; align_tablet=&#8220;center&#8220; align_phone=&#8220;&#8220; align_last_edited=&#8220;on|desktop&#8220; _builder_version=&#8220;4.16&#8243; border_radii=&#8220;on|NaNpx|NaNpx|NaNpx|NaNpx&#8220; border_width_all=&#8220;3px&#8220; border_color_all=&#8220;#ffffff&#8220; global_colors_info=&#8220;{}&#8220;]<br \/>\n[\/et_pb_image][\/et_pb_column][\/et_pb_row][\/et_pb_section][et_pb_section fb_built=&#8220;1&#8243; _builder_version=&#8220;4.16&#8243; custom_padding=&#8220;47px|0px|0|0px&#8220; global_colors_info=&#8220;{}&#8220;][et_pb_row column_structure=&#8220;1_4,1_4,1_4,1_4&#8243; use_custom_gutter=&#8220;on&#8220; gutter_width=&#8220;2&#8243; _builder_version=&#8220;4.16&#8243; background_size=&#8220;initial&#8220; background_position=&#8220;top_left&#8220; background_repeat=&#8220;repeat&#8220; custom_padding=&#8220;27px|0px|60px|0px&#8220; global_colors_info=&#8220;{}&#8220;][et_pb_column type=&#8220;1_4&#8243; _builder_version=&#8220;4.16&#8243; custom_padding=&#8220;|||&#8220; global_colors_info=&#8220;{}&#8220; custom_padding__hover=&#8220;|||&#8220;][et_pb_blurb title=&#8220;Poster&#8220; url=&#8220;https:\/\/www.lust-auf-rom.de\/wordpress\/angebot\/poster\/&#8220; url_new_window=&#8220;on&#8220; image=&#8220;https:\/\/www.lust-auf-rom.de\/wordpress\/wp-content\/uploads\/2018\/04\/poster_rot_ohne-text_100x100px_2018-04-16-1.jpg&#8220; _builder_version=&#8220;4.16&#8243; header_line_height=&#8220;1.5em&#8220; body_line_height=&#8220;1.5em&#8220; background_size=&#8220;initial&#8220; background_position=&#8220;top_left&#8220; background_repeat=&#8220;repeat&#8220; text_orientation=&#8220;center&#8220; global_colors_info=&#8220;{}&#8220;]<\/p>\n<p>f\u00fcr den Latein- und Geschichtsunterricht<\/p>\n<p>[\/et_pb_blurb][\/et_pb_column][et_pb_column type=&#8220;1_4&#8243; _builder_version=&#8220;4.16&#8243; custom_padding=&#8220;|||&#8220; global_colors_info=&#8220;{}&#8220; custom_padding__hover=&#8220;|||&#8220;][et_pb_blurb title=&#8220;Begleitmaterialien zu Postern&#8220; url=&#8220;https:\/\/www.lust-auf-rom.de\/wordpress\/angebot\/begleitmaterialien-poster\/&#8220; url_new_window=&#8220;on&#8220; image=&#8220;https:\/\/www.lust-auf-rom.de\/wordpress\/wp-content\/uploads\/2018\/05\/poster-begleitmaterial.jpg&#8220; _builder_version=&#8220;4.16&#8243; header_line_height=&#8220;1.5em&#8220; body_line_height=&#8220;1.5em&#8220; background_size=&#8220;initial&#8220; background_position=&#8220;top_left&#8220; background_repeat=&#8220;repeat&#8220; text_orientation=&#8220;center&#8220; global_colors_info=&#8220;{}&#8220;]<\/p>\n<p>f\u00fcr den Latein- und Geschichtsunterricht<\/p>\n<p>[\/et_pb_blurb][\/et_pb_column][et_pb_column type=&#8220;1_4&#8243; _builder_version=&#8220;4.16&#8243; custom_padding=&#8220;|||&#8220; global_colors_info=&#8220;{}&#8220; custom_padding__hover=&#8220;|||&#8220;][et_pb_blurb title=&#8220;Erkl\u00e4rvideos und Kurzfilme&#8220; url=&#8220;https:\/\/www.lust-auf-rom.de\/wordpress\/angebot\/filme\/&#8220; url_new_window=&#8220;on&#8220; image=&#8220;https:\/\/www.lust-auf-rom.de\/wordpress\/wp-content\/uploads\/2018\/04\/poster_rot_ohne-text_100x100px_2018-04-16.jpg&#8220; _builder_version=&#8220;4.16&#8243; header_font=&#8220;||||||||&#8220; header_font_size=&#8220;18px&#8220; header_line_height=&#8220;1.5em&#8220; body_font=&#8220;||||||||&#8220; body_line_height=&#8220;1.5em&#8220; background_size=&#8220;initial&#8220; background_position=&#8220;top_left&#8220; background_repeat=&#8220;repeat&#8220; text_orientation=&#8220;center&#8220; global_colors_info=&#8220;{}&#8220;]<\/p>\n<p>f\u00fcr den Latein- und Geschichtsunterricht und: f\u00fcr jedermann!<\/p>\n<p>[\/et_pb_blurb][\/et_pb_column][et_pb_column type=&#8220;1_4&#8243; _builder_version=&#8220;4.16&#8243; custom_padding=&#8220;|||&#8220; global_colors_info=&#8220;{}&#8220; custom_padding__hover=&#8220;|||&#8220;][et_pb_blurb title=&#8220;Begleitmaterialien zu Erkl\u00e4rvideos und Kurzfilmen&#8220; url=&#8220;https:\/\/www.lust-auf-rom.de\/wordpress\/angebot\/begleitmaterialien-filme\/&#8220; url_new_window=&#8220;on&#8220; image=&#8220;https:\/\/www.lust-auf-rom.de\/wordpress\/wp-content\/uploads\/2018\/05\/filme-begleitmaterial.jpg&#8220; _builder_version=&#8220;4.17.6&#8243; header_font=&#8220;||||||||&#8220; header_font_size=&#8220;18px&#8220; header_line_height=&#8220;1.5em&#8220; body_font=&#8220;||||||||&#8220; body_line_height=&#8220;1.5em&#8220; background_size=&#8220;initial&#8220; background_position=&#8220;top_left&#8220; background_repeat=&#8220;repeat&#8220; text_orientation=&#8220;center&#8220; global_colors_info=&#8220;{}&#8220;]<\/p>\n<p>f\u00fcr den Latein- und Geschichtsunterricht<\/p>\n<p>[\/et_pb_blurb][\/et_pb_column][\/et_pb_row][et_pb_row column_structure=&#8220;1_4,1_4,1_4,1_4&#8243; use_custom_gutter=&#8220;on&#8220; gutter_width=&#8220;2&#8243; _builder_version=&#8220;4.16&#8243; background_size=&#8220;initial&#8220; background_position=&#8220;top_left&#8220; background_repeat=&#8220;repeat&#8220; custom_padding=&#8220;3px|0px|60px|0px&#8220; global_colors_info=&#8220;{}&#8220;][et_pb_column type=&#8220;1_4&#8243; _builder_version=&#8220;4.16&#8243; custom_padding=&#8220;|||&#8220; global_colors_info=&#8220;{}&#8220; custom_padding__hover=&#8220;|||&#8220;][\/et_pb_column][et_pb_column type=&#8220;1_4&#8243; _builder_version=&#8220;4.16&#8243; custom_padding=&#8220;|||&#8220; global_colors_info=&#8220;{}&#8220; custom_padding__hover=&#8220;|||&#8220;][et_pb_blurb title=&#8220;Wissensh\u00e4ppchen&#8220; url=&#8220;https:\/\/www.lust-auf-rom.de\/wordpress\/category\/blog\/&#8220; url_new_window=&#8220;on&#8220; image=&#8220;https:\/\/www.lust-auf-rom.de\/wordpress\/wp-content\/uploads\/2018\/04\/haeppchen_rot_ohne-text_100x100px_2018-04-16.jpg&#8220; _builder_version=&#8220;4.16&#8243; header_font=&#8220;||||||||&#8220; header_line_height=&#8220;1.5em&#8220; body_font=&#8220;||||||||&#8220; body_line_height=&#8220;1.6em&#8220; background_size=&#8220;initial&#8220; background_position=&#8220;top_left&#8220; background_repeat=&#8220;repeat&#8220; text_orientation=&#8220;center&#8220; global_colors_info=&#8220;{}&#8220;]<\/p>\n<p>leicht verdaulich und ganz kostenlos auf meinem Blog<\/p>\n<p>[\/et_pb_blurb][\/et_pb_column][et_pb_column type=&#8220;1_4&#8243; _builder_version=&#8220;4.16&#8243; custom_padding=&#8220;|||&#8220; global_colors_info=&#8220;{}&#8220; custom_padding__hover=&#8220;|||&#8220;][et_pb_blurb title=&#8220;Und noch mehr,&#8220; image=&#8220;https:\/\/www.lust-auf-rom.de\/wordpress\/wp-content\/uploads\/2018\/04\/noch-mehr_rot_ohne-text_100x100px_2018-04-16.jpg&#8220; image_icon_width_tablet=&#8220;101px&#8220; _builder_version=&#8220;4.20.0&#8243; header_line_height=&#8220;1.5em&#8220; body_line_height=&#8220;1.5em&#8220; background_size=&#8220;initial&#8220; background_position=&#8220;top_left&#8220; background_repeat=&#8220;repeat&#8220; vertical_offset_tablet=&#8220;0&#8243; horizontal_offset_tablet=&#8220;0&#8243; text_orientation=&#8220;center&#8220; hover_enabled=&#8220;0&#8243; z_index_tablet=&#8220;0&#8243; header_text_shadow_horizontal_length_tablet=&#8220;0px&#8220; header_text_shadow_vertical_length_tablet=&#8220;0px&#8220; header_text_shadow_blur_strength_tablet=&#8220;1px&#8220; body_text_shadow_horizontal_length_tablet=&#8220;0px&#8220; body_text_shadow_vertical_length_tablet=&#8220;0px&#8220; body_text_shadow_blur_strength_tablet=&#8220;1px&#8220; body_link_text_shadow_horizontal_length_tablet=&#8220;0px&#8220; body_link_text_shadow_vertical_length_tablet=&#8220;0px&#8220; body_link_text_shadow_blur_strength_tablet=&#8220;1px&#8220; body_ul_text_shadow_horizontal_length_tablet=&#8220;0px&#8220; body_ul_text_shadow_vertical_length_tablet=&#8220;0px&#8220; body_ul_text_shadow_blur_strength_tablet=&#8220;1px&#8220; body_ol_text_shadow_horizontal_length_tablet=&#8220;0px&#8220; body_ol_text_shadow_vertical_length_tablet=&#8220;0px&#8220; body_ol_text_shadow_blur_strength_tablet=&#8220;1px&#8220; body_quote_text_shadow_horizontal_length_tablet=&#8220;0px&#8220; body_quote_text_shadow_vertical_length_tablet=&#8220;0px&#8220; body_quote_text_shadow_blur_strength_tablet=&#8220;1px&#8220; border_width_all_image_tablet=&#8220;25&#8243; box_shadow_horizontal_tablet=&#8220;0px&#8220; box_shadow_vertical_tablet=&#8220;0px&#8220; box_shadow_blur_tablet=&#8220;40px&#8220; box_shadow_spread_tablet=&#8220;0px&#8220; box_shadow_horizontal_image_tablet=&#8220;0px&#8220; box_shadow_vertical_image_tablet=&#8220;0px&#8220; box_shadow_blur_image_tablet=&#8220;40px&#8220; box_shadow_spread_image_tablet=&#8220;0px&#8220; text_shadow_horizontal_length_tablet=&#8220;0px&#8220; text_shadow_vertical_length_tablet=&#8220;0px&#8220; text_shadow_blur_strength_tablet=&#8220;1px&#8220; global_colors_info=&#8220;{}&#8220; sticky_enabled=&#8220;0&#8243;]<\/p>\n<p>was Lust auf Rom macht!<br \/><a href=\"https:\/\/lust-auf-rom.de\/wordpress\/angebot\/spiele\" target=\"_blank\" rel=\"noopener noreferrer\"><\/a><a href=\"https:\/\/www.lust-auf-rom.de\/wordpress\/angebot\/leporellos\/\" target=\"_blank\" rel=\"noopener noreferrer\">Leporellos<\/a>, <a href=\"https:\/\/lust-auf-rom.de\/wordpress\/angebot\/spiele\" target=\"_blank\" rel=\"noopener noreferrer\">Spiele<\/a>, <a href=\"https:\/\/www.lust-auf-rom.de\/wordpress\/angebot\/raetsel\/\" target=\"_blank\" rel=\"noopener\">R\u00e4tsel<\/a>, Lesezeichen, u. a.<\/p>\n<p>[\/et_pb_blurb][\/et_pb_column][et_pb_column type=&#8220;1_4&#8243; _builder_version=&#8220;4.16&#8243; custom_padding=&#8220;|||&#8220; global_colors_info=&#8220;{}&#8220; custom_padding__hover=&#8220;|||&#8220;][\/et_pb_column][\/et_pb_row][\/et_pb_section]<\/p>\n<span class=\"et_bloom_bottom_trigger\"><\/span>","protected":false},"excerpt":{"rendered":"<p>Lust auf Rom bietet eine F\u00fclle innovativer, anschaulicher und humorvoller Unterrichtsmaterialien zu Latein und der r\u00f6mischen Antike. Erfahren Sie hier mehr \u00fcber Poster, Kurzvideos, Spiele und Co.<\/p>\n","protected":false},"author":1,"featured_media":0,"parent":0,"menu_order":0,"comment_status":"closed","ping_status":"closed","template":"","meta":{"_et_pb_use_builder":"on","_et_pb_old_content":"","_et_gb_content_width":"","footnotes":""},"class_list":["post-303","page","type-page","status-publish","hentry"],"_links":{"self":[{"href":"https:\/\/www.lust-auf-rom.de\/wordpress\/wp-json\/wp\/v2\/pages\/303","targetHints":{"allow":["GET"]}}],"collection":[{"href":"https:\/\/www.lust-auf-rom.de\/wordpress\/wp-json\/wp\/v2\/pages"}],"about":[{"href":"https:\/\/www.lust-auf-rom.de\/wordpress\/wp-json\/wp\/v2\/types\/page"}],"author":[{"embeddable":true,"href":"https:\/\/www.lust-auf-rom.de\/wordpress\/wp-json\/wp\/v2\/users\/1"}],"replies":[{"embeddable":true,"href":"https:\/\/www.lust-auf-rom.de\/wordpress\/wp-json\/wp\/v2\/comments?post=303"}],"version-history":[{"count":25,"href":"https:\/\/www.lust-auf-rom.de\/wordpress\/wp-json\/wp\/v2\/pages\/303\/revisions"}],"predecessor-version":[{"id":6210,"href":"https:\/\/www.lust-auf-rom.de\/wordpress\/wp-json\/wp\/v2\/pages\/303\/revisions\/6210"}],"wp:attachment":[{"href":"https:\/\/www.lust-auf-rom.de\/wordpress\/wp-json\/wp\/v2\/media?parent=303"}],"curies":[{"name":"wp","href":"https:\/\/api.w.org\/{rel}","templated":true}]}}