{"id":1280,"date":"2018-07-02T09:27:03","date_gmt":"2018-07-02T09:27:03","guid":{"rendered":"https:\/\/www.lust-auf-rom.de\/wordpress\/?page_id=1280"},"modified":"2025-10-10T16:23:20","modified_gmt":"2025-10-10T14:23:20","slug":"agb","status":"publish","type":"page","link":"https:\/\/www.lust-auf-rom.de\/wordpress\/agb\/","title":{"rendered":"AGB"},"content":{"rendered":"<p>[et_pb_section bb_built=&#8220;1&#8243; _builder_version=&#8220;3.22.3&#8243; background_image=&#8220;https:\/\/www.lust-auf-rom.de\/wordpress\/wp-content\/uploads\/2018\/04\/banner_rot-wei\u00df_abschnitt_2018-04-06.jpg&#8220; background_size=&#8220;contain&#8220; background_repeat=&#8220;repeat-x&#8220; custom_padding=&#8220;0px|0px|0px|0px&#8220; next_background_color=&#8220;#ffffff&#8220;][et_pb_row use_custom_gutter=&#8220;on&#8220; custom_padding=&#8220;20px|0px|15px|0px&#8220; make_equal=&#8220;on&#8220; _builder_version=&#8220;3.22.3&#8243; background_size=&#8220;initial&#8220; background_position=&#8220;top_left&#8220; background_repeat=&#8220;repeat&#8220; max_width=&#8220;1084px&#8220; module_alignment=&#8220;center&#8220; use_custom_width=&#8220;on&#8220; custom_width_px=&#8220;1084px&#8220;][et_pb_column type=&#8220;3_4&#8243; _builder_version=&#8220;3.0.47&#8243; custom_padding__hover=&#8220;|||&#8220; custom_padding=&#8220;|||&#8220;][et_pb_text _builder_version=&#8220;3.0.106&#8243; text_font=&#8220;|700|||||||&#8220; text_text_color=&#8220;#990000&#8243; text_font_size=&#8220;58px&#8220; text_line_height=&#8220;1.5em&#8220; custom_margin=&#8220;|||&#8220; custom_padding=&#8220;|||&#8220; text_orientation=&#8220;left&#8220;]<\/p>\n<p>Lust auf Rom<\/p>\n<p>[\/et_pb_text][et_pb_text _builder_version=&#8220;3.0.106&#8243; text_font=&#8220;||||||||&#8220; text_font_size=&#8220;22px&#8220; background_layout=&#8220;dark&#8220; text_orientation=&#8220;left&#8220;]<\/p>\n<p>Lehrmaterialien und Unterhaltsames zu Latein und der r\u00f6mischen Welt<\/p>\n<p>[\/et_pb_text][\/et_pb_column][et_pb_column type=&#8220;1_4&#8243; _builder_version=&#8220;3.0.47&#8243; custom_padding__hover=&#8220;|||&#8220; custom_padding=&#8220;|||&#8220;][et_pb_image src=&#8220;https:\/\/www.lust-auf-rom.de\/wordpress\/wp-content\/uploads\/2018\/04\/augustus_weisse-kontur_myriad-pro_hintergrund-rot.jpg&#8220; url=&#8220;https:\/\/www.lust-auf-rom.de\/wordpress\/&#8220; align=&#8220;center&#8220; align_tablet=&#8220;center&#8220; align_last_edited=&#8220;on|desktop&#8220; _builder_version=&#8220;3.23&#8243; border_radii=&#8220;on|NaNpx|NaNpx|NaNpx|NaNpx&#8220; border_width_all=&#8220;3px&#8220; border_color_all=&#8220;#ffffff&#8220;]<\/p>\n<p><\/p>\n<p>[\/et_pb_image][\/et_pb_column][\/et_pb_row][\/et_pb_section][et_pb_section bb_built=&#8220;1&#8243; admin_label=&#8220;section&#8220; _builder_version=&#8220;3.22.3&#8243; prev_background_color=&#8220;#000000&#8243;][et_pb_row custom_padding=&#8220;27px|0px|0|0px|false|false&#8220; make_equal=&#8220;on&#8220; _builder_version=&#8220;3.22.3&#8243; module_alignment=&#8220;center&#8220;][et_pb_column type=&#8220;4_4&#8243; _builder_version=&#8220;3.0.47&#8243; custom_padding__hover=&#8220;|||&#8220; custom_padding=&#8220;|||&#8220;][et_pb_text _builder_version=&#8220;3.9&#8243; text_font_size=&#8220;18px&#8220; header_line_height=&#8220;1.8em&#8220; text_orientation=&#8220;left&#8220;]<\/p>\n<h1 style=\"text-align: left;\">Allgemeine Gesch\u00e4ftsbedingungen<\/h1>\n<p>[\/et_pb_text][et_pb_text _builder_version=&#8220;3.9&#8243; text_font_size=&#8220;18px&#8220; text_orientation=&#8220;left&#8220;]<\/p>\n<p><strong>Vertragspartner<\/strong><\/p>\n<p>Auf Grundlage dieser Allgemeinen Gesch\u00e4ftsbedingungen (AGB) kommt zwischen dem Kunden und<\/p>\n<p>[\/et_pb_text][et_pb_image src=&#8220;https:\/\/www.lust-auf-rom.de\/wordpress\/wp-content\/uploads\/2018\/07\/adresse-mail.png&#8220; align_tablet=&#8220;center&#8220; align_last_edited=&#8220;on|desktop&#8220; _builder_version=&#8220;3.23&#8243;]<\/p>\n<p><\/p>\n<p>[\/et_pb_image][et_pb_image src=&#8220;https:\/\/www.lust-auf-rom.de\/wordpress\/wp-content\/uploads\/2018\/07\/finanzamt.png&#8220; align_tablet=&#8220;center&#8220; align_last_edited=&#8220;on|desktop&#8220; _builder_version=&#8220;3.23&#8243;]<\/p>\n<p><\/p>\n<p>[\/et_pb_image][et_pb_text _builder_version=&#8220;3.15&#8243; text_font_size=&#8220;18px&#8220; text_orientation=&#8220;left&#8220;]<\/p>\n<p>&#8211; nachfolgend Anbieter genannt &#8211; der Vertrag zustande.<\/p>\n<p><strong>Vertragsgegenstand<\/strong><\/p>\n<p>Durch diesen Vertrag wird der Verkauf von neuen Waren \u00fcber den Online-Shop des Anbieters geregelt. Wegen der Details des jeweiligen Angebotes wird auf die Produktbeschreibung der Angebotsseite verwiesen.<\/p>\n<p><strong>Vertragsschluss<\/strong><\/p>\n<p>Der Vertrag kommt ausschlie\u00dflich im elektronischen Gesch\u00e4ftsverkehr \u00fcber das Shop-System zustande. Dabei stellen die dargestellten Angebote eine unverbindliche Aufforderung zur Abgabe eines Angebots durch die Kundenbestellung dar, das der Anbieter dann annehmen kann.<\/p>\n<p>Der Bestellvorgang zum Vertragsschluss umfasst im Shop-System folgende Schritte:<\/p>\n<ul>\n<li>Auswahl des Angebots in der gew\u00fcnschten Spezifikation (Gr\u00f6\u00dfe, Farbe, Anzahl)<\/li>\n<li>Einlegen des Angebots in den Warenkorb<\/li>\n<li>Bet\u00e4tigen des Buttons &#8218;Weiter zur Kasse&#8216; auf der Seite Warenkorb<\/li>\n<li>Eingabe der Rechnungs- und Lieferadresse<\/li>\n<li>Auswahl der Bezahlmethode<\/li>\n<li>Bet\u00e4tigen des Buttons &#8218;Kostenpflichtig bestellen&#8216;<\/li>\n<li>Best\u00e4tigungsmail, dass die Bestellung eingegangen ist.<\/li>\n<\/ul>\n<p>Mit der Zusendung der Bestellbest\u00e4tigung kommt der Vertrag zustande.<\/p>\n<p><strong>Vertragsdauer<\/strong><\/p>\n<p>Der Vertrag wird auf unbestimmte Zeit geschlossen.<\/p>\n<p><strong>Eigentumsvorbehalt<\/strong><\/p>\n<p>Bis zur vollst\u00e4ndigen Bezahlung bleibt die gelieferte Ware im Eigentum des Anbieters.<\/p>\n<p><strong>Vorbehalte<\/strong><\/p>\n<p>Der Anbieter beh\u00e4lt sich vor, im Falle der Nichtverf\u00fcgbarkeit der versprochenen Leistung diese nicht zu erbringen.<\/p>\n<p><strong>Preise, Versandkosten, R\u00fccksendekosten<\/strong><\/p>\n<p>Alle Preise sind Endpreise und enthalten gem. \u00a7 19 Abs. 1 UStG keine Umsatzsteuer (Mehrwertsteuer). Pro Bestellung fallen einmalig folgende Versandkostenpauschalen an: Deutschland: \u20ac 3,99. Bei Teillieferungen f\u00e4llt die Pauschale jeweils nur einmal an. F\u00fcr den Versand fallen keine weiteren Kosten an. Besteht ein Widerrufsrecht und wird von diesem Gebrauch gemacht, tr\u00e4gt der Kunde die Kosten der R\u00fccksendung.<\/p>\n<p><strong>Zahlungsbedingungen<\/strong><\/p>\n<p>Der Kunde hat ausschlie\u00dflich folgende M\u00f6glichkeiten zur Zahlung: Vorab\u00fcberweisung. Weitere Zahlungsarten werden nicht angeboten und werden zur\u00fcckgewiesen.<br \/>\nDer Rechnungsbetrag ist nach Zugang der Rechnung, die alle Angaben f\u00fcr die \u00dcberweisung enth\u00e4lt und mit E-Mail verschickt wird, auf das dort angegebene Konto vorab zu \u00fcberweisen. Bei Verwendung eines Treuhandservices \/ Zahlungsdienstleisters erm\u00f6glicht es dieser dem Anbieter und Kunden, die Zahlung untereinander abzuwickeln. Dabei leitet der Treuhandservice \/ Zahlungsdienstleister die Zahlung des Kunden an den Anbieter weiter. Weitere Informationen erhalten Sie auf der Internetseite des jeweiligen Treuhandservices \/ Zahlungsdienstleisters. Der Kunde ist verpflichtet, innerhalb von 14 Tagen nach Erhalt der Rechnung den ausgewiesenen Betrag auf das auf der Rechnung angegebene Konto einzuzahlen oder zu \u00fcberweisen. Die Zahlung ist ab Rechnungsdatum ohne Abzug f\u00e4llig. Der Kunde kommt erst nach Mahnung in Verzug. Ein Zur\u00fcckbehaltungsrecht des Kunden, welches nicht auf demselben Vertragsverh\u00e4ltnis beruht, wird ausgeschlossen. Die Aufrechnung mit Forderungen des Kunden ist ausgeschlossen, es sei denn diese sind unbestritten oder rechtskr\u00e4ftig festgestellt.<\/p>\n<p><strong>Lieferbedingungen<\/strong><\/p>\n<p>Die Ware wird umgehend nach Zahlungseingang versandt. Der Versand erfolgt durchschnittlich sp\u00e4testens nach 3 Tagen. Die Regellieferzeit betr\u00e4gt 7 Tage, wenn in der Artikelbeschreibung nichts anderes angegeben ist. Der Anbieter versendet die Bestellung entweder aus eigenem Lager, sobald die gesamte Bestellung dort vorr\u00e4tig ist, oder die Bestellung wird vom Hersteller verschickt, sobald die gesamte Bestellung dort vorr\u00e4tig ist. Der Kunde wird \u00fcber Verz\u00f6gerungen umgehend informiert. Hat der Anbieter ein dauerhaftes Lieferhindernis, insbesondere h\u00f6here Gewalt oder Nichtbelieferung durch eigenen Lieferanten, obwohl rechtzeitig ein entsprechendes Deckungsgesch\u00e4ft get\u00e4tigt wurde, nicht zu vertreten, so hat der Anbieter das Recht, insoweit von einem Vertrag mit dem Kunden zur\u00fcckzutreten. Der Kunde wird dar\u00fcber unverz\u00fcglich informiert und empfangene Leistungen, insbesondere Zahlungen, zur\u00fcckerstattet.<\/p>\n<p><strong>Gew\u00e4hrleistung<\/strong><\/p>\n<p>Verbrauchern steht f\u00fcr die angebotenen Leistungen ein gesetzliches M\u00e4ngelhaftungsrecht nach den einschl\u00e4gigen Vorschriften des B\u00fcrgerlichen Gesetzbuchs (BGB) zu. Sofern hiervon abgewichen wird, richtet sich die Gew\u00e4hrleistung nach den hierzu verfassten Regelungen in den Allgemeinen Gesch\u00e4ftsbedingungen (AGB).<\/p>\n<p><strong>Vertragsgestaltung<\/strong><\/p>\n<p>Ist der Kunde Unternehmer, so geht die Gefahr des zuf\u00e4lligen Untergangs und \/ oder der zuf\u00e4lligen Verschlechterung der Ware mit der \u00dcbergabe, bei Versendung mit der Auslieferung der Ware an den ausgew\u00e4hlten Dienstleister hierf\u00fcr auf den Kunden \u00fcber. Der Kunde hat keine M\u00f6glichkeit, selbst direkt auf den gespeicherten Vertragstext zuzugreifen. Der Kunde kann Fehler in der Eingabe w\u00e4hrend des Bestellvorganges korrigieren, indem er den Zur\u00fcck-Button des Browsers verwendet.<\/p>\n<p><strong>Widerrufsbelehrung<\/strong><\/p>\n<p><strong>Widerrufsrecht<\/strong><\/p>\n<p><strong>Sie haben das Recht, binnen vierzehn Tagen ohne Angabe von Gr\u00fcnden diesen Vertrag zu widerrufen.<br \/>\nDie Widerrufsfrist betr\u00e4gt vierzehn Tage ab dem Tag,<\/strong><\/p>\n<ul>\n<li style=\"list-style-type: none;\">\n<ul>\n<li><strong>im Falle eines Kaufvertrags: an dem Sie oder ein von Ihnen benannter Dritter, der nicht der Bef\u00f6rderer ist, die letzte Ware in Besitz genommen haben bzw. hat.<\/strong><\/li>\n<li><strong>im Falle einer Vertrags \u00fcber mehrere Waren, die der Verbraucher im Rahmen einer einheitlichen Bestellung bestellt hat und die getrennt geliefert werden: an dem Sie oder ein von Ihnen benannter Dritter, der nicht Bef\u00f6rderer ist, die letzte Ware in Besitz genommen haben bzw. hat.<\/strong><\/li>\n<li><strong>im Falle eines Vertrags \u00fcber die Lieferung einer Ware in mehreren Teilsendungen oder St\u00fccken: an dem Sie oder ein von Ihnen benannter Dritter, der nicht Bef\u00f6rderer ist, die letzte Teilsendung oder das letzte St\u00fcck in Besitz genommen haben bzw. hat.<\/strong><\/li>\n<li><strong>im Falle eines Vertrages zur regelm\u00e4\u00dfigen Lieferung von Waren \u00fcber einen festgelegten Zeitraum hinweg: an dem Sie oder ein von Ihnen benannter Dritter, der nicht Bef\u00f6rderer ist, die erste Ware in Besitz genommen haben bzw. hat.<\/strong><\/li>\n<\/ul>\n<\/li>\n<\/ul>\n<p><strong>Beim Zusammentreffen mehrerer Alternativen ist der jeweils letzte Zeitpunkt ma\u00dfgeblich.<\/strong><\/p>\n<p><strong>Um Ihr Widerrufsrecht auszu\u00fcben, m\u00fcssen Sie uns<\/strong><\/p>\n<p>[\/et_pb_text][et_pb_image src=&#8220;https:\/\/www.lust-auf-rom.de\/wordpress\/wp-content\/uploads\/2018\/07\/adresse-mail-tel_fett.png&#8220; align_tablet=&#8220;center&#8220; align_last_edited=&#8220;on|desktop&#8220; _builder_version=&#8220;3.23&#8243;]<\/p>\n<p><\/p>\n<p>[\/et_pb_image][et_pb_text _builder_version=&#8220;3.9&#8243; text_font_size=&#8220;18px&#8220; text_orientation=&#8220;left&#8220;]<\/p>\n<p><strong>mittels einer eindeutigen Erkl\u00e4rung (z. B. ein mit der Post versandter Brief, Telefax, oder E-Mail) \u00fcber Ihren Entschluss, diesen Vertrag zu widerrufen, informieren. Sie k\u00f6nnen daf\u00fcr das beigef\u00fcgte Muster-Widerrufsformular verwenden, das jedoch nicht vorgeschrieben ist.<br \/>\n<\/strong><\/p>\n<p><strong>Zur Wahrung der Widerrufsfrist reicht es aus, dass Sie die Mitteilung \u00fcber die Aus\u00fcbung des Widerrufsrechts vor Ablauf der Widerrufsfrist absenden.<\/strong><\/p>\n<p><strong>Folgen des Widerrufs<\/strong><\/p>\n<p><strong>Wenn Sie diesen Vertag widerrufen, haben wir Ihnen alle Zahlungen, die wir von Ihnen erhalten haben, einschlie\u00dflich der Lieferkosten (mit Ausnahmen der zus\u00e4tzlichen Kosten, die sich daraus ergeben, dass Sie einer andere Art der Lieferung als die von uns angebotene, g\u00fcnstige Standardlieferung gew\u00e4hlt haben), unverz\u00fcglich und sp\u00e4testens binnen vierzehn Tagen ab dem Tag zur\u00fcckzuzahlen, an dem die Mitteilung \u00fcber Ihren Widerruf dieses Vertrags bei uns eingegangen ist. F\u00fcr diese R\u00fcckzahlung verwenden wir dasselbe Zahlungsmittel, das Sie bei der urspr\u00fcnglichen Transaktion eingesetzt haben, es sei denn, mit Ihnen wurde ausdr\u00fccklich etwas anderes vereinbart; in keinem Fall werden Ihnen wegen dieser R\u00fcckzahlung Entgelte berechnet. Wir k\u00f6nnen die R\u00fcckzahlung verweigern, bis wir die Waren wieder zur\u00fcckerhalten haben oder bis Sie den Nachweis erbracht haben, dass Sie die Waren zur\u00fcckgesandt haben, je nachdem, welches der fr\u00fchere Zeitpunkt ist.<\/strong><\/p>\n<p><strong>Sie haben die Waren unverz\u00fcglich und in jedem Fall sp\u00e4testens binnen vierzehn Tagen ab dem Tag, an dem Sie mich \u00fcber den Widerruf dieses Vertrags unterrichten, an<\/strong><\/p>\n<p>[\/et_pb_text][et_pb_image src=&#8220;https:\/\/www.lust-auf-rom.de\/wordpress\/wp-content\/uploads\/2018\/07\/adresse-mail-tel_fett.png&#8220; align_tablet=&#8220;center&#8220; align_last_edited=&#8220;on|desktop&#8220; _builder_version=&#8220;4.27.4&#8243;]<\/p>\n<p><\/p>\n<p>[\/et_pb_image][et_pb_text _builder_version=&#8220;4.27.4&#8243; text_font_size=&#8220;18px&#8220; background_pattern_color=&#8220;rgba(0,0,0,0.2)&#8220; background_mask_color=&#8220;#ffffff&#8220; text_text_shadow_horizontal_length=&#8220;text_text_shadow_style,%91object Object%93&#8243; text_text_shadow_horizontal_length_tablet=&#8220;0px&#8220; text_text_shadow_vertical_length=&#8220;text_text_shadow_style,%91object Object%93&#8243; text_text_shadow_vertical_length_tablet=&#8220;0px&#8220; text_text_shadow_blur_strength=&#8220;text_text_shadow_style,%91object Object%93&#8243; text_text_shadow_blur_strength_tablet=&#8220;1px&#8220; link_text_shadow_horizontal_length=&#8220;link_text_shadow_style,%91object Object%93&#8243; link_text_shadow_horizontal_length_tablet=&#8220;0px&#8220; link_text_shadow_vertical_length=&#8220;link_text_shadow_style,%91object Object%93&#8243; link_text_shadow_vertical_length_tablet=&#8220;0px&#8220; link_text_shadow_blur_strength=&#8220;link_text_shadow_style,%91object Object%93&#8243; link_text_shadow_blur_strength_tablet=&#8220;1px&#8220; ul_text_shadow_horizontal_length=&#8220;ul_text_shadow_style,%91object Object%93&#8243; ul_text_shadow_horizontal_length_tablet=&#8220;0px&#8220; ul_text_shadow_vertical_length=&#8220;ul_text_shadow_style,%91object Object%93&#8243; ul_text_shadow_vertical_length_tablet=&#8220;0px&#8220; ul_text_shadow_blur_strength=&#8220;ul_text_shadow_style,%91object Object%93&#8243; ul_text_shadow_blur_strength_tablet=&#8220;1px&#8220; ol_text_shadow_horizontal_length=&#8220;ol_text_shadow_style,%91object Object%93&#8243; ol_text_shadow_horizontal_length_tablet=&#8220;0px&#8220; ol_text_shadow_vertical_length=&#8220;ol_text_shadow_style,%91object Object%93&#8243; ol_text_shadow_vertical_length_tablet=&#8220;0px&#8220; ol_text_shadow_blur_strength=&#8220;ol_text_shadow_style,%91object Object%93&#8243; ol_text_shadow_blur_strength_tablet=&#8220;1px&#8220; quote_text_shadow_horizontal_length=&#8220;quote_text_shadow_style,%91object Object%93&#8243; quote_text_shadow_horizontal_length_tablet=&#8220;0px&#8220; quote_text_shadow_vertical_length=&#8220;quote_text_shadow_style,%91object Object%93&#8243; quote_text_shadow_vertical_length_tablet=&#8220;0px&#8220; quote_text_shadow_blur_strength=&#8220;quote_text_shadow_style,%91object Object%93&#8243; quote_text_shadow_blur_strength_tablet=&#8220;1px&#8220; header_text_shadow_horizontal_length=&#8220;header_text_shadow_style,%91object Object%93&#8243; header_text_shadow_horizontal_length_tablet=&#8220;0px&#8220; header_text_shadow_vertical_length=&#8220;header_text_shadow_style,%91object Object%93&#8243; header_text_shadow_vertical_length_tablet=&#8220;0px&#8220; header_text_shadow_blur_strength=&#8220;header_text_shadow_style,%91object Object%93&#8243; header_text_shadow_blur_strength_tablet=&#8220;1px&#8220; header_2_text_shadow_horizontal_length=&#8220;header_2_text_shadow_style,%91object Object%93&#8243; header_2_text_shadow_horizontal_length_tablet=&#8220;0px&#8220; header_2_text_shadow_vertical_length=&#8220;header_2_text_shadow_style,%91object Object%93&#8243; header_2_text_shadow_vertical_length_tablet=&#8220;0px&#8220; header_2_text_shadow_blur_strength=&#8220;header_2_text_shadow_style,%91object Object%93&#8243; header_2_text_shadow_blur_strength_tablet=&#8220;1px&#8220; header_3_text_shadow_horizontal_length=&#8220;header_3_text_shadow_style,%91object Object%93&#8243; header_3_text_shadow_horizontal_length_tablet=&#8220;0px&#8220; header_3_text_shadow_vertical_length=&#8220;header_3_text_shadow_style,%91object Object%93&#8243; header_3_text_shadow_vertical_length_tablet=&#8220;0px&#8220; header_3_text_shadow_blur_strength=&#8220;header_3_text_shadow_style,%91object Object%93&#8243; header_3_text_shadow_blur_strength_tablet=&#8220;1px&#8220; header_4_text_shadow_horizontal_length=&#8220;header_4_text_shadow_style,%91object Object%93&#8243; header_4_text_shadow_horizontal_length_tablet=&#8220;0px&#8220; header_4_text_shadow_vertical_length=&#8220;header_4_text_shadow_style,%91object Object%93&#8243; header_4_text_shadow_vertical_length_tablet=&#8220;0px&#8220; header_4_text_shadow_blur_strength=&#8220;header_4_text_shadow_style,%91object Object%93&#8243; header_4_text_shadow_blur_strength_tablet=&#8220;1px&#8220; header_5_text_shadow_horizontal_length=&#8220;header_5_text_shadow_style,%91object Object%93&#8243; header_5_text_shadow_horizontal_length_tablet=&#8220;0px&#8220; header_5_text_shadow_vertical_length=&#8220;header_5_text_shadow_style,%91object Object%93&#8243; header_5_text_shadow_vertical_length_tablet=&#8220;0px&#8220; header_5_text_shadow_blur_strength=&#8220;header_5_text_shadow_style,%91object Object%93&#8243; header_5_text_shadow_blur_strength_tablet=&#8220;1px&#8220; header_6_text_shadow_horizontal_length=&#8220;header_6_text_shadow_style,%91object Object%93&#8243; header_6_text_shadow_horizontal_length_tablet=&#8220;0px&#8220; header_6_text_shadow_vertical_length=&#8220;header_6_text_shadow_style,%91object Object%93&#8243; header_6_text_shadow_vertical_length_tablet=&#8220;0px&#8220; header_6_text_shadow_blur_strength=&#8220;header_6_text_shadow_style,%91object Object%93&#8243; header_6_text_shadow_blur_strength_tablet=&#8220;1px&#8220; box_shadow_horizontal_tablet=&#8220;0px&#8220; box_shadow_vertical_tablet=&#8220;0px&#8220; box_shadow_blur_tablet=&#8220;40px&#8220; box_shadow_spread_tablet=&#8220;0px&#8220; vertical_offset_tablet=&#8220;0&#8243; horizontal_offset_tablet=&#8220;0&#8243; z_index_tablet=&#8220;0&#8243;]<\/p>\n<p><strong>zur\u00fcckzusenden oder zu \u00fcbergeben. Die Frist ist gewahrt, wenn Sie die Waren vor Ablauf der Frist von vierzehn Tagen absenden.<\/strong><\/p>\n<p>\u00a0<\/p>\n<p><strong>Sie tragen die unmittelbaren Kosten der R\u00fccksendung der Waren.<\/strong><\/p>\n<p><strong>Sie m\u00fcssen f\u00fcr einen etwaigen Wertverlust der Waren nur aufkommen, wenn dieser Wertverlust auf einen zur Pr\u00fcfung der Beschaffenheit, Eigenschaften und Funktionsweise der Waren nicht notwendigen Umgang mit ihnen zur\u00fcckzuf\u00fchren ist.<\/strong><\/p>\n<p><strong>Ende der Widerrufsbelehrung<\/strong><\/p>\n<p><strong>Haftungsausschluss<\/strong><\/p>\n<p>Schadensersatzanspr\u00fcche des Kunden sind ausgeschlossen, soweit sich aus den nachfolgenden Gr\u00fcnden nicht etwas anderes ergibt. Dies gilt auch f\u00fcr den Vertreter und Erf\u00fcllungsgehilfen des Anbieters, falls der Kunde gegen diese Anspr\u00fcche auf Schadensersatz erhebt. Ausgenommen sind Schadensersatzanspr\u00fcche des Kunden wegen Verletzung des Lebens, des K\u00f6rpers, der Gesundheit oder wesentlicher Vertragspflichten, welche zur Erreichung des Vertragszieles notwendigerweise erf\u00fcllt werden m\u00fcssen. Ebenso gilt dies nicht f\u00fcr Schadensersatzanspr\u00fcche nach grob fahrl\u00e4ssiger oder vors\u00e4tzlicher Pflichtverletzung des Anbieters oder seines gesetzlichen Vertreters oder Erf\u00fcllungsgehilfen.<\/p>\n<p><strong>Abtretungs- und Verpf\u00e4ndungsverbot<\/strong><\/p>\n<p>Anspr\u00fcche oder Rechte des Kunden gegen den Anbieter d\u00fcrfen ohne dessen Zustimmung nicht abgetreten oder verpf\u00e4ndet werden, es sei denn der Kunde hat ein berechtigtes Interesse an der Abtretung oder Verpf\u00e4ndung nachgewiesen.<\/p>\n<p><strong>Sprache, Gerichtsstand und anzuwendendes Recht<\/strong><\/p>\n<p>Der Vertrag wird auf Deutsch abgefasst. Die weitere Durchf\u00fchrung der Vertragsbeziehung erfolgt auf Deutsch. Es findet ausschlie\u00dflich das Recht der Bundesrepublik Deutschland Anwendung. F\u00fcr Verbraucher gilt dies nur insoweit, als dadurch keine gesetzlichen Bestimmungen des Staates eingeschr\u00e4nkt werden, in dem der Kunde seinen Wohnsitz oder gew\u00f6hnlichen Aufenthalt hat. Gerichtsstand ist bei Streitigkeiten mit Kunden, die nicht Verbraucher, juristische Person des \u00f6ffentlichen Rechts oder \u00f6ffentlich-rechtliches Sonderverm\u00f6gen sind, Sitz des Anbieters.<\/p>\n<p><strong>Salvatorische Klausel<\/strong><\/p>\n<p>Die Unwirksamkeit einer Bestimmung dieser AGB hat keine Auswirkungen auf die Wirksamkeit der sonstigen Bestimmungen.<\/p>\n<p><strong>Alternative Streitbeilegung gem\u00e4\u00df Art. 14 Abs. 1 ODR-VO und \u00a7 36 VSBG:<\/strong><\/p>\n<p>Zur Teilnahme an einem Streitbeilegungsverfahren vor einer Verbraucherschlichtungsstelle sind wir nicht verpflichtet und nicht bereit.<\/p>\n<p>[\/et_pb_text][\/et_pb_column][\/et_pb_row][et_pb_row admin_label=&#8220;row&#8220; custom_padding=&#8220;0|0px|27px|0px|false|false&#8220; _builder_version=&#8220;3.22.3&#8243; background_size=&#8220;initial&#8220; background_position=&#8220;top_left&#8220; background_repeat=&#8220;repeat&#8220;][et_pb_column type=&#8220;4_4&#8243; _builder_version=&#8220;3.0.47&#8243; custom_padding__hover=&#8220;|||&#8220; custom_padding=&#8220;|||&#8220;][et_pb_text _builder_version=&#8220;4.27.4&#8243; text_font_size=&#8220;18px&#8220; custom_margin=&#8220;||0px|&#8220; custom_padding=&#8220;||0px|&#8220; text_orientation=&#8220;left&#8220;]<\/p>\n<div class=\"woocommerce woocommerce-gzd woocommerce-gzd-complaints-shortcode\">\n<p><a href=\"http:\/\/www.deutsche-anwaltshotline.de\/recht-auf-ihrer-website\/agb-generator\" target=\"_blank\" rel=\"nofollow noopener noreferrer\">Weitgehend erstell<span style=\"color: #990000;\">t<\/span><\/a><span style=\"color: #990000;\"> mit dem Generator der Deutschen Anwaltshotline AG.<\/span><\/p>\n<\/div>\n<p>[\/et_pb_text][\/et_pb_column][\/et_pb_row][\/et_pb_section]<\/p>\n<span class=\"et_bloom_bottom_trigger\"><\/span>","protected":false},"excerpt":{"rendered":"<p>Lust auf Rom Lehrmaterialien und Unterhaltsames zu Latein und der r\u00f6mischen Welt Allgemeine Gesch\u00e4ftsbedingungen Vertragspartner Auf Grundlage dieser Allgemeinen Gesch\u00e4ftsbedingungen (AGB) kommt zwischen dem Kunden und &#8211; nachfolgend Anbieter genannt &#8211; der Vertrag zustande. Vertragsgegenstand Durch diesen Vertrag wird der Verkauf von neuen Waren \u00fcber den Online-Shop des Anbieters geregelt. Wegen der Details des jeweiligen [&hellip;]<\/p>\n","protected":false},"author":1,"featured_media":0,"parent":0,"menu_order":0,"comment_status":"closed","ping_status":"closed","template":"","meta":{"_et_pb_use_builder":"on","_et_pb_old_content":"Hier AGB.\r\n[gzd_complaints]","_et_gb_content_width":"","footnotes":""},"class_list":["post-1280","page","type-page","status-publish","hentry"],"_links":{"self":[{"href":"https:\/\/www.lust-auf-rom.de\/wordpress\/wp-json\/wp\/v2\/pages\/1280","targetHints":{"allow":["GET"]}}],"collection":[{"href":"https:\/\/www.lust-auf-rom.de\/wordpress\/wp-json\/wp\/v2\/pages"}],"about":[{"href":"https:\/\/www.lust-auf-rom.de\/wordpress\/wp-json\/wp\/v2\/types\/page"}],"author":[{"embeddable":true,"href":"https:\/\/www.lust-auf-rom.de\/wordpress\/wp-json\/wp\/v2\/users\/1"}],"replies":[{"embeddable":true,"href":"https:\/\/www.lust-auf-rom.de\/wordpress\/wp-json\/wp\/v2\/comments?post=1280"}],"version-history":[{"count":62,"href":"https:\/\/www.lust-auf-rom.de\/wordpress\/wp-json\/wp\/v2\/pages\/1280\/revisions"}],"predecessor-version":[{"id":6731,"href":"https:\/\/www.lust-auf-rom.de\/wordpress\/wp-json\/wp\/v2\/pages\/1280\/revisions\/6731"}],"wp:attachment":[{"href":"https:\/\/www.lust-auf-rom.de\/wordpress\/wp-json\/wp\/v2\/media?parent=1280"}],"curies":[{"name":"wp","href":"https:\/\/api.w.org\/{rel}","templated":true}]}}